{"id":597,"date":"2023-01-14T17:07:21","date_gmt":"2023-01-14T17:07:21","guid":{"rendered":"https:\/\/caliweedonlineshop.com\/?post_type=product&#038;p=597"},"modified":"2023-01-14T17:07:22","modified_gmt":"2023-01-14T17:07:22","slug":"girl-scout-cookies","status":"publish","type":"product","link":"https:\/\/caliweedonlineshop.com\/es\/product\/girl-scout-cookies\/","title":{"rendered":"Girl Scout Cookies"},"content":{"rendered":"<h1>Comprar Galletas Girl Scouts online<\/h1>\n<p>Compre Galletas de Ni\u00f1as Exploradoras en l\u00ednea. GSC, anteriormente conocida como Girl Scout Cookies, es un cruce de <a href=\"https:\/\/caliweedonlineshop.com\/index.php\/product\/og-kush\/\">OG Kush<\/a> und <a href=\"https:\/\/www.leafly.com\/strains\/durban-poison\" target=\"_blank\" rel=\"noopener\">Durban Poison<\/a>, cuya reputaci\u00f3n creci\u00f3 demasiado como para quedarse dentro de los confines de su hogar en California. comprar hierba en l\u00ednea Europa Con un aroma dulce y terroso, GSC te lleva al \u00faltimo piso de la euforia, donde la relajaci\u00f3n de todo el cuerpo se encuentra con un espacio cerebral que consume tiempo. Este h\u00edbrido, cuyos altos niveles de THC le han valido numerosos premios de la Cannabis Cup de GSC, hace mucho con poco. Sin embargo, los pacientes que necesitan una gran dosis de alivio pueden consultar a GSC para el dolor intenso, las n\u00e1useas y la p\u00e9rdida de apetito.<\/p>\n<p>Hay varios fenotipos diferentes de la cepa GSC, incluidos Thin Mint y Platinum GSC, que difieren ligeramente en apariencia y efecto. Por lo general, sin embargo, GSC expresa su belleza en c\u00e1lices verdes retorcidos encerrados en hojas moradas y pelos de color naranja ardiente. Los pacientes y usuarios que deseen cultivar este alimento b\u00e1sico de cannabis en casa deben esperar de 9 a 10 semanas para que sus plantas de interior terminen de florecer.<\/p>\n<h2>Comprar Galletas Girl Scouts online<\/h2>\n<p>Girl Scout Cookies, tambi\u00e9n conocida como GSC, es una variedad galardonada de California. Este h\u00edbrido ofrece un subid\u00f3n cerebral como ninguna otra variedad en el mercado, lo que ha hecho que su popularidad se extienda por todo el mundo. Girl Scout Cookies ofrece un gran alivio para las n\u00e1useas y el dolor, al mismo tiempo que tiene efectos estimulantes del apetito, lo que las hace excelentes para quienes se someten a un tratamiento de quimioterapia para el c\u00e1ncer. Dado que GSC es el resultado del cruce de la gen\u00e9tica Durban Poison y OG Kush, ofrece un cuerpo muy equilibrado acompa\u00f1ado de una euforia abrumadora en la cabeza. La popularidad de esta cepa y sus incre\u00edbles efectos ha dado lugar a la aparici\u00f3n de muchos fenotipos diferentes de GSC en la escena cann\u00e1bica en los \u00faltimos a\u00f1os.<\/p>\n<p>Eltern: Durban Poison, OG Kush<br \/>\n\u00c4hnlich zu: Red Dragon, Space Queen, Premium Jack<br \/>\nGeschm\u00e4cker: S\u00fc\u00df, stechend, erdig<br \/>\nWirkungen: Gl\u00fccklich, Entspannt, Kreativ, Euphorisch<br \/>\nMedizinisch: Appetitlosigkeit, Schmerzen, Schlaflosigkeit, Depression, Stress, Angstzust\u00e4nde<br \/>\nPotenz: 17-28% THC<\/p>","protected":false},"excerpt":{"rendered":"<p>Comprar Girl Scout Cookies Weed en l\u00ednea. Compra GSC Online, la mejor variedad de marihuana medicinal. Haga su pedido ahora de forma segura y rec\u00edbalo al d\u00eda siguiente. Discreto.<\/p>\n<p>&nbsp;<\/p>","protected":false},"featured_media":598,"comment_status":"open","ping_status":"closed","template":"","meta":{"om_disable_all_campaigns":false,"_monsterinsights_skip_tracking":false,"_monsterinsights_sitenote_active":false,"_monsterinsights_sitenote_note":"","_monsterinsights_sitenote_category":0},"product_brand":[],"product_cat":[126,245],"product_tag":[280,277,278,279,222],"class_list":{"0":"post-597","1":"product","2":"type-product","3":"status-publish","4":"has-post-thumbnail","6":"product_cat-blumen","7":"product_cat-hybrid-sorten","8":"product_tag-pfadfinderinnen-kekse-online-in-den-usa-kaufen","9":"product_tag-pfadfinderinnen-kekse-online-kaufen-in-asien","10":"product_tag-pfadfinderinnen-kekse-online-kaufen-in-australien","11":"product_tag-pfadfinderinnen-kekse-online-kaufen-in-colorado","12":"product_tag-pfadfinderinnen-kekse-online-kaufen-in-uk","14":"first","15":"instock","16":"shipping-taxable","17":"purchasable","18":"product-type-variable"},"_links":{"self":[{"href":"https:\/\/caliweedonlineshop.com\/es\/wp-json\/wp\/v2\/product\/597","targetHints":{"allow":["GET"]}}],"collection":[{"href":"https:\/\/caliweedonlineshop.com\/es\/wp-json\/wp\/v2\/product"}],"about":[{"href":"https:\/\/caliweedonlineshop.com\/es\/wp-json\/wp\/v2\/types\/product"}],"replies":[{"embeddable":true,"href":"https:\/\/caliweedonlineshop.com\/es\/wp-json\/wp\/v2\/comments?post=597"}],"wp:featuredmedia":[{"embeddable":true,"href":"https:\/\/caliweedonlineshop.com\/es\/wp-json\/wp\/v2\/media\/598"}],"wp:attachment":[{"href":"https:\/\/caliweedonlineshop.com\/es\/wp-json\/wp\/v2\/media?parent=597"}],"wp:term":[{"taxonomy":"product_brand","embeddable":true,"href":"https:\/\/caliweedonlineshop.com\/es\/wp-json\/wp\/v2\/product_brand?post=597"},{"taxonomy":"product_cat","embeddable":true,"href":"https:\/\/caliweedonlineshop.com\/es\/wp-json\/wp\/v2\/product_cat?post=597"},{"taxonomy":"product_tag","embeddable":true,"href":"https:\/\/caliweedonlineshop.com\/es\/wp-json\/wp\/v2\/product_tag?post=597"}],"curies":[{"name":"wp","href":"https:\/\/api.w.org\/{rel}","templated":true}]}}