{"id":604,"date":"2023-01-14T17:12:19","date_gmt":"2023-01-14T17:12:19","guid":{"rendered":"https:\/\/caliweedonlineshop.com\/?post_type=product&#038;p=604"},"modified":"2023-01-16T07:01:31","modified_gmt":"2023-01-16T07:01:31","slug":"grape-jelly","status":"publish","type":"product","link":"https:\/\/caliweedonlineshop.com\/es\/product\/grape-jelly\/","title":{"rendered":"Grape jelly"},"content":{"rendered":"<h1>Comprar cepa de marihuana Grape Jelly en l\u00ednea en Suecia<\/h1>\n<p>Compre la variedad de marihuana Grape Jelly en l\u00ednea en Suecia. pedir mermelada de uva en Nueva York. La Grape Jelly es un h\u00edbrido de tendencia \u00edndica con un atractivo innegable. Esta cepa es un cruce entre la resinosa OG Glue y la Sweet Purple D derivada de la NYC Diesel. Con su delicioso sabor a fruta y un subid\u00f3n sorprendentemente equilibrado, la Grape Jelly puede complacer tanto a los amantes de las \u00edndicas como de las sativas. Sus niveles de THC se han medido entre 18% y 28%.<\/p>\n<p>Grape Jelly presenta grandes cogollos que se adhieren en una formaci\u00f3n c\u00f3nica, estrech\u00e1ndose desde una base ancha hasta una punta puntiaguda. La composici\u00f3n interna de estos gruesos cogollos muestra una clara influencia \u00edndica, con hojas que se tuercen fuertemente hacia adentro y forman un n\u00facleo s\u00f3lido. Las hojas en s\u00ed son una mezcla iridiscente de verde salvia y p\u00farpura oscuro; Los pistilos rugosos de color \u00f3xido hacen que estos coloridos cogollos sean a\u00fan m\u00e1s llamativos. Por \u00faltimo, la cepa madre OG Glue hereda su propensi\u00f3n a una gran producci\u00f3n de tricomas, lo que da como resultado una gruesa capa de tricomas blancos cubiertos de roc\u00edo. Comprar cepa de marihuana Grape Jelly en l\u00ednea en Suecia<\/p>\n<p>Como era de esperar, la primera bocanada de las flores de Grape Jelly revelar\u00e1 distintas notas de uva. Tras una inspecci\u00f3n m\u00e1s cercana, ese dulce aroma puede verse socavado por algunos olores agrios y apestosos. Triturar o romper los cogollos puede producir humos similares al diesel. Cuando se quema en una pipa o porro, Grape Jelly se quema con un humo de olor agradable que, sin embargo, puede irritar las papilas gustativas o los senos paranasales del usuario. Este humo tiene un sabor \u00fanico a gasolina con sabor a uva al exhalar.<\/p>\n<h2>Comprar variedad de marihuana Grape Jelly online en Suecia<\/h2>\n<p>El subid\u00f3n de Grape Jelly aparece r\u00e1pidamente, golpeando al usuario con una presi\u00f3n espec\u00edfica en la frente poco despu\u00e9s de fumar. Esta extra\u00f1a sensaci\u00f3n puede ir acompa\u00f1ada de mareos o incluso de estimulaci\u00f3n de las gl\u00e1ndulas salivales. Sin embargo, una vez que se acostumbran a esas extra\u00f1as expresiones faciales, los fumadores a menudo se encuentran en un nuevo nivel de pensamiento. Los pensamientos parecen moverse m\u00e1s r\u00e1pido o adquirir una nueva intensidad, y los consumidores hacen una pausa para involucrarse con conceptos en los que de otro modo no estar\u00edan interesados. Del mismo modo, Grape Jelly puede desencadenar episodios de asociaci\u00f3n libre de palabras, lo que hace que la cepa sea \u00fatil para todo, desde una lluvia de ideas hasta iniciar conversaciones en entornos sociales. Usuarios suficientemente motivados puede usar esta ventaja cerebral para tareas anal\u00edticas detalladas. D\u00f3nde comprar marihuana de la mejor calidad en l\u00ednea en los Pa\u00edses Bajos.<\/p>\n<p>Sin embargo, despu\u00e9s de aproximadamente una hora, los efectos f\u00edsicos de Grape Jelly comienzan con una sensaci\u00f3n de pesadez en el centro y las extremidades. El usuario puede experimentar una sensaci\u00f3n gradual de alivio de la tensi\u00f3n muscular de larga data y puede tomar respiraciones m\u00e1s profundas y reparadoras. A medida que se aumenta la dosis, este efecto relajante puede amplificarse y tiene el potencial de incapacitar al fumador sin importar d\u00f3nde se siente o se pare. Sin embargo, para aquellos que pueden mantener un cierto nivel de energ\u00eda, la estimulaci\u00f3n dual mente-cuerpo de Grape Jelly puede ser un afrodis\u00edaco s\u00f3lido, solo en la compa\u00f1\u00eda adecuada, por supuesto. Debido a su efecto gradual, Grape Jelly se recomienda para el consumo al final de la tarde o al anochecer. Comprar variedad de marihuana Grape Jelly online en Suecia. Comprar Hongos M\u00e1gicos Cubanos online<\/p>\n<p>Una variedad vers\u00e1til para usuarios recreativos, Grape Jelly tambi\u00e9n puede tener algunos beneficios para los pacientes de cannabis medicinal. Su mentalidad enfocada puede ayudar a las personas con trastornos de d\u00e9ficit de atenci\u00f3n a completar una tarea a la vez. Adem\u00e1s, su subid\u00f3n euf\u00f3rico constante puede desterrar temporalmente algunos de los s\u00edntomas de estr\u00e9s y depresi\u00f3n leves a moderados. En el extremo f\u00edsico del espectro, esta cepa puede aliviar el dolor leve causado por la inflamaci\u00f3n, as\u00ed como el dolor derivado de enfermedades cr\u00f3nicas como la EPOC o la fibromialgia. Adem\u00e1s, la tendencia de Grape Jelly a inducir antojos puede convertirlo en un s\u00f3lido estimulante del apetito para quienes luchan contra enfermedades digestivas, quimioterapia y caquexia. Debido a que la sensaci\u00f3n inicial de una \"carrera mental\" puede ser desorientadora en las circunstancias equivocadas, Grape Jelly puede no ser la mejor opci\u00f3n para los pacientes propensos al p\u00e1nico o la paranoia. Big Mex Magic Mushroom en l\u00ednea EE. UU.<\/p>\n<p>Desafortunadamente, las semillas de Grape Jelly no est\u00e1n disponibles en l\u00ednea. En cambio, aquellos que buscan cultivar su propia planta pueden obtener esquejes de plantas sanas y maduras para propagar \"clones\". Se pueden cultivar en interior o exterior, aunque se requiere un clima mediterr\u00e1neo semih\u00famedo para tener \u00e9xito en exterior. Sin embargo<\/p>","protected":false},"excerpt":{"rendered":"<p>Como era de esperar, la primera vez que huelas las flores de Grape Jelly, notar\u00e1s notas claras de uvas. Tras una inspecci\u00f3n m\u00e1s cercana, ese dulce aroma puede verse socavado por algunos olores agrios y apestosos.<\/p>\n<p>&nbsp;<\/p>","protected":false},"featured_media":605,"comment_status":"open","ping_status":"closed","template":"","meta":{"om_disable_all_campaigns":false,"_monsterinsights_skip_tracking":false,"_monsterinsights_sitenote_active":false,"_monsterinsights_sitenote_note":"","_monsterinsights_sitenote_category":0},"product_brand":[],"product_cat":[126,245,351],"product_tag":[],"class_list":{"0":"post-604","1":"product","2":"type-product","3":"status-publish","4":"has-post-thumbnail","6":"product_cat-blumen","7":"product_cat-hybrid-sorten","8":"product_cat-marken-cannabis","10":"first","11":"instock","12":"featured","13":"shipping-taxable","14":"purchasable","15":"product-type-variable"},"_links":{"self":[{"href":"https:\/\/caliweedonlineshop.com\/es\/wp-json\/wp\/v2\/product\/604","targetHints":{"allow":["GET"]}}],"collection":[{"href":"https:\/\/caliweedonlineshop.com\/es\/wp-json\/wp\/v2\/product"}],"about":[{"href":"https:\/\/caliweedonlineshop.com\/es\/wp-json\/wp\/v2\/types\/product"}],"replies":[{"embeddable":true,"href":"https:\/\/caliweedonlineshop.com\/es\/wp-json\/wp\/v2\/comments?post=604"}],"wp:featuredmedia":[{"embeddable":true,"href":"https:\/\/caliweedonlineshop.com\/es\/wp-json\/wp\/v2\/media\/605"}],"wp:attachment":[{"href":"https:\/\/caliweedonlineshop.com\/es\/wp-json\/wp\/v2\/media?parent=604"}],"wp:term":[{"taxonomy":"product_brand","embeddable":true,"href":"https:\/\/caliweedonlineshop.com\/es\/wp-json\/wp\/v2\/product_brand?post=604"},{"taxonomy":"product_cat","embeddable":true,"href":"https:\/\/caliweedonlineshop.com\/es\/wp-json\/wp\/v2\/product_cat?post=604"},{"taxonomy":"product_tag","embeddable":true,"href":"https:\/\/caliweedonlineshop.com\/es\/wp-json\/wp\/v2\/product_tag?post=604"}],"curies":[{"name":"wp","href":"https:\/\/api.w.org\/{rel}","templated":true}]}}