{"id":610,"date":"2023-01-14T17:17:43","date_gmt":"2023-01-14T17:17:43","guid":{"rendered":"https:\/\/caliweedonlineshop.com\/?post_type=product&#038;p=610"},"modified":"2023-01-16T07:01:31","modified_gmt":"2023-01-16T07:01:31","slug":"gushers","status":"publish","type":"product","link":"https:\/\/caliweedonlineshop.com\/es\/product\/gushers\/","title":{"rendered":"Gushers"},"content":{"rendered":"<h1>Compre la variedad de marihuana Gushers en l\u00ednea en Francia<\/h1>\n<p>Compre la variedad de marihuana Gushers en l\u00ednea en Francia. La \u00edndica dominante <a href=\"https:\/\/caliweedonlineshop.com\/index.php\/product-category\/blumen\/hybrid-sorten\/\">Hybridsorte<\/a> Gushers es un cruce entre <a href=\"https:\/\/www.allbud.com\/marijuana-strains\/sativa-dominant-hybrid\/gelato-41\" target=\"_blank\" rel=\"noopener\">Gelato #41<\/a> und <a href=\"https:\/\/www.leafly.com\/strains\/triangle-kush\" target=\"_blank\" rel=\"noopener\">Triangle Kush<\/a>. Esta variedad obtuvo su nombre debido a su aroma y sabor que imitan a golosinas dulces y afrutadas. Induce un toque tropical agridulce con un ligero trasfondo herbal. Comprar Peach Kobbler Runtz en Qatar Cuando vea la variedad Gushers, notar\u00e1 que las pepitas curadas son largas y de color verde oliva con manchas de color verde claro esparcidas junto con finos pistilos de color \u00e1mbar. Los fan\u00e1ticos de Gushers han declarado que los efectos de la cepa son excelentes para aliviar la ansiedad y la depresi\u00f3n, ya que ayuda a calmar sus mentes aceleradas. Compre Gushers en Montana Otros dicen que han usado Gushers para los d\u00edas de descanso, ya que relaja los m\u00fasculos y despeja la mente. Comprar Pink Runtz en Arabia Saudita<\/p>\n<h2>Variedad de marihuana Gushers comprar online en Francia<\/h2>\n<p>El contenido de THC del cannabis de Gusher tiende a oscilar entre la mitad de la adolescencia y la mitad de los 20, as\u00ed que investiga un poco los niveles de THC antes de comprar o preparar una porci\u00f3n. Gushers es una variedad h\u00edbrida ligeramente \u00edndica dominante (60 % \u00edndica\/40 % sativa) creada a partir del cruce de las cepas cl\u00e1sicas Gelato #41 X Triangle Kush. Compre Gruntz en Connecticut Llamado as\u00ed por los deliciosos dulces, Gushers infunde los sabores con una combinaci\u00f3n de frutas tropicales \u00e1cidas y ricas galletas cremosas en cada bocanada. El aroma sigue el mismo perfil, aunque con un trasfondo ligeramente herb\u00e1ceo y toques de uva especiada. Compre la variedad de marihuana Gushers en l\u00ednea en Francia. El subid\u00f3n de Gushers no es tan fuerte como el sabor, con un efecto s\u00faper relajante que se adapta mejor a las noches perezosas que pasan en casa con amigos viendo Netflix. El subid\u00f3n comienza con una afluencia de euforia hormigueante que llena la parte posterior de la cabeza con un cosquilleo levemente excitante. Compre MoneyBagg Runtz en Dammam Esto se propaga r\u00e1pidamente al resto de su cuerpo dej\u00e1ndolo muy excitado e incre\u00edblemente relajado. No estar\u00e1s somnoliento en este estado, sino completamente relajado con todo lo que sucede a tu alrededor. Compre Gushers en Montana Con estos efectos y altos niveles promedio de THC de 15-22%, se dice que Gushers es perfecto para tratar el estr\u00e9s cr\u00f3nico o la ansiedad, la depresi\u00f3n y el dolor cr\u00f3nico. Este cogollo tiene cogollos alargados de color verde oliva con hojas de color verde claro, muchos finos pelos de color \u00e1mbar y una capa de diminutos tricomas de cristal de color \u00e1mbar. Big Mex Magic Mushroom en l\u00ednea EE. UU.<\/p>\n<p>&nbsp;<\/p>\n<p>&nbsp;<\/p>\n<p>&nbsp;<\/p>\n<p>&nbsp;<\/p>","protected":false},"excerpt":{"rendered":"<p>La cepa h\u00edbrida de dominancia \u00edndica Gushers es un cruce entre Gelato #41 y Triangle Kush. Esta variedad obtuvo su nombre debido a su aroma y sabor que imitan a golosinas dulces y afrutadas. Induce un toque tropical agridulce con un ligero trasfondo herbal.<\/p>\n<p>&nbsp;<\/p>","protected":false},"featured_media":611,"comment_status":"open","ping_status":"closed","template":"","meta":{"om_disable_all_campaigns":false,"_monsterinsights_skip_tracking":false,"_monsterinsights_sitenote_active":false,"_monsterinsights_sitenote_note":"","_monsterinsights_sitenote_category":0},"product_brand":[],"product_cat":[126,245,351],"product_tag":[202,283,285,286,288,282,284,287,289,281,290],"class_list":{"0":"post-610","1":"product","2":"type-product","3":"status-publish","4":"has-post-thumbnail","6":"product_cat-blumen","7":"product_cat-hybrid-sorten","8":"product_cat-marken-cannabis","9":"product_tag-alice-brownies-online-kaufen-in-new-york","10":"product_tag-gushers-in-europa-kaufen","11":"product_tag-gushers-in-montana-kaufen","12":"product_tag-gushers-in-new-york-kaufen","13":"product_tag-gushers-in-texas-kaufen","14":"product_tag-gushers-kaufen","15":"product_tag-gushers-kaufen-in-illinois","16":"product_tag-gushers-kaufen-in-orleans","17":"product_tag-gushers-online-kaufen","18":"product_tag-keksmischung-in-north-carolina-kaufen","19":"product_tag-mitglied-berry-in-michigan-kaufen","21":"first","22":"instock","23":"featured","24":"shipping-taxable","25":"purchasable","26":"product-type-variable"},"_links":{"self":[{"href":"https:\/\/caliweedonlineshop.com\/es\/wp-json\/wp\/v2\/product\/610","targetHints":{"allow":["GET"]}}],"collection":[{"href":"https:\/\/caliweedonlineshop.com\/es\/wp-json\/wp\/v2\/product"}],"about":[{"href":"https:\/\/caliweedonlineshop.com\/es\/wp-json\/wp\/v2\/types\/product"}],"replies":[{"embeddable":true,"href":"https:\/\/caliweedonlineshop.com\/es\/wp-json\/wp\/v2\/comments?post=610"}],"wp:featuredmedia":[{"embeddable":true,"href":"https:\/\/caliweedonlineshop.com\/es\/wp-json\/wp\/v2\/media\/611"}],"wp:attachment":[{"href":"https:\/\/caliweedonlineshop.com\/es\/wp-json\/wp\/v2\/media?parent=610"}],"wp:term":[{"taxonomy":"product_brand","embeddable":true,"href":"https:\/\/caliweedonlineshop.com\/es\/wp-json\/wp\/v2\/product_brand?post=610"},{"taxonomy":"product_cat","embeddable":true,"href":"https:\/\/caliweedonlineshop.com\/es\/wp-json\/wp\/v2\/product_cat?post=610"},{"taxonomy":"product_tag","embeddable":true,"href":"https:\/\/caliweedonlineshop.com\/es\/wp-json\/wp\/v2\/product_tag?post=610"}],"curies":[{"name":"wp","href":"https:\/\/api.w.org\/{rel}","templated":true}]}}