{"id":616,"date":"2023-01-14T17:23:20","date_gmt":"2023-01-14T17:23:20","guid":{"rendered":"https:\/\/caliweedonlineshop.com\/?post_type=product&#038;p=616"},"modified":"2023-01-16T07:01:31","modified_gmt":"2023-01-16T07:01:31","slug":"hawaiian-skunk","status":"publish","type":"product","link":"https:\/\/caliweedonlineshop.com\/es\/product\/hawaiian-skunk\/","title":{"rendered":"Hawaiian Skunk"},"content":{"rendered":"<h1>Comprar Skunk hawaiana online en Noruega<\/h1>\n<p>Hawaiian Skunk online kaufen in Norwegen. Hawaiian Skunk ist eine Indica-dominante Hybridsorte (manche Pflanzen werden als Indica-dominant geerntet), die erntereife Knospen produziert, die eine Reihe von dunklen und hellen Gr\u00fcnt\u00f6nen aufweisen und einen Duft verstr\u00f6men, der an Fr\u00fcchte mit Untert\u00f6nen von Skunk und Erde erinnert. Einige bemerken einen Hauch von Salbei.<\/p>\n<p>Los niveles de THC promedian entre el 11 y el 17 %, por lo que la potencia debe verificarse antes de la compra\/consumo. El subid\u00f3n es conocido por inducir un efecto edificante en los usuarios que mejora el estado de \u00e1nimo y alivia la tensi\u00f3n f\u00edsica. Aunque esta variedad es sativa dominante, produce una mente nublada en lugar de mejorar la concentraci\u00f3n e induce la sedaci\u00f3n, por lo que se recomienda consumirla en casa unas horas antes de acostarse. El enfoque y la concentraci\u00f3n disminuir\u00e1n, pero el consumidor flotar\u00e1 felizmente en su propia cabeza. Comprar hierba en l\u00ednea<\/p>\n<p>Adem\u00e1s de sequedad de boca y ojos, los efectos secundarios negativos incluyen paranoia y mareos si el consumo excede el l\u00edmite de tolerancia. Comprar Skunk hawaiana online en Noruega<\/p>\n<p>La Hawaiian Skunk tarda unas 11 semanas en florecer por completo, por lo que los cultivadores impacientes deber\u00edan elegir otra variedad para cultivar.<\/p>\n<p>Hawaiian Skunk es un h\u00edbrido \u00edndica dominante (algunas cosechas se clasifican como \u00edndica dominante) que produce cogollos listos para la cosecha que presentan una gama de tonos verdes oscuros y claros y exudan un aroma afrutado con matices de skunk y tierra. Galleta S\u00faper Og.<\/p>\n<p>Hawaiian Skunk es un h\u00edbrido \u00edndica al 65% que produce ramas gruesas con pesados \u200b\u200bcogollos de color verde oscuro. Esta cepa promueve la relajaci\u00f3n total y es preferida como cepa medicinal por aquellos que luchan contra el insomnio cr\u00f3nico. Comprar hierba en l\u00ednea<\/p>\n<p>Los padres de esta variedad son Hawaiian Indica y Skunk #1, los cuales tienen caracter\u00edsticas potentes que coinciden con su fenotipo. La Hawaiian Skunk obtiene su olor almizclado y skunk y su potente subid\u00f3n de sus ra\u00edces Skunk #1, y sus propiedades sedantes provienen de su ascendencia \u00edndica. Comprar Skunk hawaiana online en Noruega<\/p>\n<p>Gusto:<\/p>\n<p>La Hawaiian Skunk es muy sabrosa y agradable. El sabor dulce y terroso es m\u00e1s evidente al inhalarlo y puede desvanecerse en un regusto a zorrillo y qu\u00edmico. El humo de esta cepa sabe a salvia dulce mezclada con notas amaderadas y herbales que permanecen en el interior de la boca.<\/p>\n<h2>Comprar Skunk hawaiana online en Noruega<\/h2>\n<p>Beneficios medicinales de la mofeta hawaiana<\/p>\n<p>Si sufres de insomnio, esta hierba es el alivio que estabas buscando. Debido a sus propiedades altamente sedantes, los usuarios solo necesitan unas pocas caladas para caer en un sue\u00f1o profundo. El subid\u00f3n parece ser enga\u00f1oso al principio, ya que induce un subid\u00f3n inicial que hace que el usuario sea m\u00e1s sociable durante un breve per\u00edodo de tiempo, pero pronto se reemplaza por un cuerpo extremadamente pesado y una mente nublada, perfectos para la hora de acostarse. Esta cepa puede ser beneficiosa para los usuarios que sufren n\u00e1useas y dolores de cabeza, as\u00ed como otros problemas de salud mental como depresi\u00f3n y estr\u00e9s, pero no se recomienda como tratamiento principal. Esta cepa tambi\u00e9n puede ayudar a quienes sufren episodios leves de depresi\u00f3n cr\u00f3nica, ya que los hace sentir sentirse m\u00e1s animado y libre de preocupaciones constantes. Compra Hawaiian Skunk online en Noruega. Comprar Hongos M\u00e1gicos Cubanos online.<\/p>\n<p>Efectos de la mofeta hawaiana<\/p>\n<p>Efectos positivos:<\/p>\n<p>Hawaiian Skunk tiene muchos efectos positivos que hacen que los usuarios regresen por m\u00e1s. Esta variedad no solo te da un sue\u00f1o incre\u00edble, sino que tambi\u00e9n te anima, relaja y euf\u00f3rico. Es un subid\u00f3n feliz que a menudo conduce a un ataque de risa, si el sue\u00f1o no es lo primero. Tanto el cuerpo como la mente se ven afectados: mientras que las mareas del sue\u00f1o ralentizan el cuerpo, la mente zumba de buen humor antes de estrellarse. Compre Hawaiian Skunk Online en Noruega. Comprar tabletas de diazepam 10 mg en l\u00ednea<\/p>\n<p>efectos negativos<\/p>\n<p>Si bien Hawaiian Skunk tiene efectos mayoritariamente positivos, hay una clara consecuencia negativa del consumo: mareos. Los usuarios deben ser conscientes de esto y pensar en consecuencia. Uno debe acostarse c\u00f3modamente y en un lugar seguro o irse a dormir. Tambi\u00e9n son posibles otros efectos secundarios, como boca seca y ojos secos. Compra Hawaiian Skunk online en Noruega.<\/p>","protected":false},"excerpt":{"rendered":"<p>Hawaiian Skunk es s\u00faper arom\u00e1tica y agradable. El sabor dulce y terroso es m\u00e1s evidente al inhalarlo y puede desvanecerse en un regusto a zorrillo y qu\u00edmico. El humo de esta cepa sabe a salvia dulce mezclada con notas amaderadas y herbales que permanecen en el interior de la boca.<\/p>\n<p>&nbsp;<\/p>","protected":false},"featured_media":617,"comment_status":"open","ping_status":"closed","template":"","meta":{"om_disable_all_campaigns":false,"_monsterinsights_skip_tracking":false,"_monsterinsights_sitenote_active":false,"_monsterinsights_sitenote_note":"","_monsterinsights_sitenote_category":0},"product_brand":[],"product_cat":[126,245,351],"product_tag":[291,292,294,293,295,296,297,298],"class_list":{"0":"post-616","1":"product","2":"type-product","3":"status-publish","4":"has-post-thumbnail","6":"product_cat-blumen","7":"product_cat-hybrid-sorten","8":"product_cat-marken-cannabis","9":"product_tag-hawaiian-skunk-online-kaufen","10":"product_tag-hawaiin-skunk-online-kaufen-in-australien","11":"product_tag-hawaiin-skunk-online-kaufen-in-deutschland","12":"product_tag-hawaiin-skunk-online-kaufen-in-frankreich","13":"product_tag-hawaiin-skunk-online-kaufen-in-polen","14":"product_tag-hawaiin-skunk-online-kaufen-in-spanien","15":"product_tag-hawaiin-skunk-online-kaufen-in-uk","16":"product_tag-hawaiin-skunk-online-kaufen-usa","18":"first","19":"instock","20":"featured","21":"shipping-taxable","22":"purchasable","23":"product-type-variable"},"_links":{"self":[{"href":"https:\/\/caliweedonlineshop.com\/es\/wp-json\/wp\/v2\/product\/616","targetHints":{"allow":["GET"]}}],"collection":[{"href":"https:\/\/caliweedonlineshop.com\/es\/wp-json\/wp\/v2\/product"}],"about":[{"href":"https:\/\/caliweedonlineshop.com\/es\/wp-json\/wp\/v2\/types\/product"}],"replies":[{"embeddable":true,"href":"https:\/\/caliweedonlineshop.com\/es\/wp-json\/wp\/v2\/comments?post=616"}],"wp:featuredmedia":[{"embeddable":true,"href":"https:\/\/caliweedonlineshop.com\/es\/wp-json\/wp\/v2\/media\/617"}],"wp:attachment":[{"href":"https:\/\/caliweedonlineshop.com\/es\/wp-json\/wp\/v2\/media?parent=616"}],"wp:term":[{"taxonomy":"product_brand","embeddable":true,"href":"https:\/\/caliweedonlineshop.com\/es\/wp-json\/wp\/v2\/product_brand?post=616"},{"taxonomy":"product_cat","embeddable":true,"href":"https:\/\/caliweedonlineshop.com\/es\/wp-json\/wp\/v2\/product_cat?post=616"},{"taxonomy":"product_tag","embeddable":true,"href":"https:\/\/caliweedonlineshop.com\/es\/wp-json\/wp\/v2\/product_tag?post=616"}],"curies":[{"name":"wp","href":"https:\/\/api.w.org\/{rel}","templated":true}]}}