{"id":622,"date":"2023-01-14T17:27:22","date_gmt":"2023-01-14T17:27:22","guid":{"rendered":"https:\/\/caliweedonlineshop.com\/?post_type=product&#038;p=622"},"modified":"2023-01-16T07:01:31","modified_gmt":"2023-01-16T07:01:31","slug":"jack","status":"publish","type":"product","link":"https:\/\/caliweedonlineshop.com\/es\/product\/jack\/","title":{"rendered":"Jack"},"content":{"rendered":"<h1>Variedades de marihuana Jack Comprar online Lituania<\/h1>\n<p>Compre variedades de marihuana Jack en l\u00ednea Lituania. Jack Herer es una variedad que lleva el nombre de un activista cann\u00e1bico de toda la vida cuyo libro de 1985 The Emperor Wears No Clothes sigue siendo una fuente influyente en la lucha por la despenalizaci\u00f3n y legalizaci\u00f3n del cannabis. Desarrollada por Sensi Seeds en las d\u00e9cadas de 1980 y 1990, esta h\u00edbrida de dominancia sativa es una variedad sabrosa y consistentemente popular. Jack Herer ha pasado su gen\u00e9tica y parte de su nombre a cepas cruzadas como Jack the Ripper, Jack's Cleaner y Jack Skellington. comprar baya miembro<\/p>\n<p>Aunque la f\u00f3rmula gen\u00e9tica exacta es un secreto muy bien guardado, se cree que Jack Herer es el producto de una base Haze sativa y un cruce entre Northern Lights #5 y Shiva Skunk. Los cogollos pegajosos tienen un atractivo aroma y sabor a naranja y lim\u00f3n con toques de pino h\u00famedo. El subid\u00f3n ofrece un excelente equilibrio de efectos cerebrales y f\u00edsicos, dejando al usuario profundamente relajado, pero alerta y hablador. El atractivo sabor y los efectos completos de Jack Herer la han hecho muy popular entre los consumidores de cannabis medicinal y recreativo; ha ganado nueve t\u00edtulos de Cannabis Cup. El laboratorio de cannabis Analytical 360 ha medido el contenido de THC de los cogollos de Jack Herer entre un 15 % y un 24 %. comprar Mintz<\/p>\n<h2>Comprar variedades de marihuana Jack en l\u00ednea Lituania<\/h2>\n<p>La informaci\u00f3n general sobre esta variedad es la siguiente: Jack Herer combina un h\u00edbrido Haze con una Northern Lights #5 y un cruce de Shiva Skunk. Los criadores originales de Sensi Seeds crearon Jack Herer con la esperanza de lograr tanto la elevaci\u00f3n cerebral asociada con las cepas sativas como la gran producci\u00f3n de resina de las cepas indica. comprar Galleta Super Og<\/p>\n<p>Su rica base gen\u00e9tica da como resultado diferentes variaciones de Jack Herer, y cada fenotipo tiene sus propios rasgos y efectos \u00fanicos. Este fenotipo particular que obtuvimos ofrece un subid\u00f3n muy claro y dichoso que le permite a uno fumar todo el d\u00eda, todos los d\u00edas... Compre Jack en Beverly Hills. cuando quieras. Comprar hierba online en Europa<\/p>\n<p>Si est\u00e1 buscando una medicina matutina, pruebe con Jack. Por el precio esta es una gran flor. Est\u00e1 muy bien curado, lo que permite una combusti\u00f3n limpia y un rico olor\/sabor; el \u00fanico inconveniente es que los cogollos est\u00e1n un poco aireados, pero son GRANDES. Comprar variedades de marihuana Jack Online Lituania Comprar Sour Diesel<\/p>\n<p>EFFEKTE:<br \/>\nKreativ, Gl\u00fccklich, Euphorisch, Energetisch<\/p>\n<p>MEDIZINISCH:<br \/>\nStress, Depression, M\u00fcdigkeit<\/p>\n<p>THC:<br \/>\n21%<\/p>\n<p>CBD:<br \/>\n1.2%<\/p>\n<p>&nbsp;<\/p>\n<p>&nbsp;<\/p>\n<p>&nbsp;<\/p>\n<p>&nbsp;<\/p>","protected":false},"excerpt":{"rendered":"<p>Jack Herer es una variedad que lleva el nombre de un activista cann\u00e1bico de toda la vida cuyo libro de 1985 The Emperor Wears No Clothes sigue siendo una fuente influyente en la lucha por la despenalizaci\u00f3n y legalizaci\u00f3n del cannabis.<\/p>\n<p>&nbsp;<\/p>","protected":false},"featured_media":623,"comment_status":"open","ping_status":"closed","template":"","meta":{"om_disable_all_campaigns":false,"_monsterinsights_skip_tracking":false,"_monsterinsights_sitenote_active":false,"_monsterinsights_sitenote_note":"","_monsterinsights_sitenote_category":0},"product_brand":[],"product_cat":[126,245,351],"product_tag":[],"class_list":{"0":"post-622","1":"product","2":"type-product","3":"status-publish","4":"has-post-thumbnail","6":"product_cat-blumen","7":"product_cat-hybrid-sorten","8":"product_cat-marken-cannabis","10":"first","11":"instock","12":"featured","13":"shipping-taxable","14":"purchasable","15":"product-type-variable"},"_links":{"self":[{"href":"https:\/\/caliweedonlineshop.com\/es\/wp-json\/wp\/v2\/product\/622","targetHints":{"allow":["GET"]}}],"collection":[{"href":"https:\/\/caliweedonlineshop.com\/es\/wp-json\/wp\/v2\/product"}],"about":[{"href":"https:\/\/caliweedonlineshop.com\/es\/wp-json\/wp\/v2\/types\/product"}],"replies":[{"embeddable":true,"href":"https:\/\/caliweedonlineshop.com\/es\/wp-json\/wp\/v2\/comments?post=622"}],"wp:featuredmedia":[{"embeddable":true,"href":"https:\/\/caliweedonlineshop.com\/es\/wp-json\/wp\/v2\/media\/623"}],"wp:attachment":[{"href":"https:\/\/caliweedonlineshop.com\/es\/wp-json\/wp\/v2\/media?parent=622"}],"wp:term":[{"taxonomy":"product_brand","embeddable":true,"href":"https:\/\/caliweedonlineshop.com\/es\/wp-json\/wp\/v2\/product_brand?post=622"},{"taxonomy":"product_cat","embeddable":true,"href":"https:\/\/caliweedonlineshop.com\/es\/wp-json\/wp\/v2\/product_cat?post=622"},{"taxonomy":"product_tag","embeddable":true,"href":"https:\/\/caliweedonlineshop.com\/es\/wp-json\/wp\/v2\/product_tag?post=622"}],"curies":[{"name":"wp","href":"https:\/\/api.w.org\/{rel}","templated":true}]}}