{"id":628,"date":"2023-01-14T17:32:09","date_gmt":"2023-01-14T17:32:09","guid":{"rendered":"https:\/\/caliweedonlineshop.com\/?post_type=product&#038;p=628"},"modified":"2023-05-18T16:58:27","modified_gmt":"2023-05-18T16:58:27","slug":"jealousy","status":"publish","type":"product","link":"https:\/\/caliweedonlineshop.com\/es\/product\/jealousy\/","title":{"rendered":"Jealousy"},"content":{"rendered":"<h1>Comprar variedad de marihuana Jealousy en linea en Polonia<\/h1>\n<p>Compre la cepa de marihuana Jealousy en l\u00ednea en Polonia. Hermosa flor morada, muy pegajosa y densa, brotan pelos anaranjados brillantes y hojas verde esmeralda por toda la flor con toneladas de #tricomas COMPRAR CERA (Por Gramo)<\/p>\n<p>Fuerte e intenso subid\u00f3n f\u00edsico y cerebral, de acci\u00f3n r\u00e1pida y que instant\u00e1neamente elevar\u00e1 tu mente a una nube y har\u00e1 que tu cuerpo sienta toda la gravedad. Compre tabletas de diazepam de 10 mg en l\u00ednea.<\/p>\n<p>Hermosa flor morada, muy pegajosa y densa, pelos de color naranja brillante y hojas de color verde esmeralda brotan a trav\u00e9s de la flor con toneladas de #tricomasCompre Cake Mix\/Mintz<\/p>\n<p>Fuerte e intenso subid\u00f3n f\u00edsico y cerebral, de acci\u00f3n r\u00e1pida y que instant\u00e1neamente elevar\u00e1 tu mente a una nube y har\u00e1 que tu cuerpo sienta toda la gravedad. Jealousy (Gelato41 x Sherb bx1) de Cookies y Mintz criada por Seed Junky Genetics. Los cogollos Jealousy tienen un tono p\u00farpura oscuro y un brillo helado. los sabores de helado y sorbete son una combinaci\u00f3n perfecta de gaseoso, funky y dulce. Puedes compartir o puedes poner celosos a tus amigos. comprar falda Kurupt Moon<\/p>\n<p>Preciosa flor morada, muy pegajosa y densa, pelos de color naranja brillante y hojas verde esmeralda que brotan por toda la flor con toneladas de #tricomas compra Strawnana<\/p>\n<h2>Comprar variedad de marihuana Jealousy en linea en Polonia<\/h2>\n<p>Fuerte e intenso subid\u00f3n f\u00edsico y cerebral que golpea r\u00e1pido e instant\u00e1neamente hace que tu mente flote en una nube y deja que tu cuerpo sienta toda la gravedad. comprar Lemon Skittle<\/p>\n<p>Preciosa flor morada, muy pegajosa y densa, pelos de color naranja brillante y hojas verde esmeralda que brotan por toda la flor con toneladas de #tricomas. Comprar variedad de marihuana Jealousy en l\u00ednea en Polonia<\/p>\n<p>Fuerte e intenso subid\u00f3n f\u00edsico y cerebral que golpea r\u00e1pido y al instante hace que tu mente flote en una nube y que tu cuerpo sienta toda la gravedad. comprar HASH<\/p>\n<p>Preciosa flor morada, muy pegajosa y densa, pelos de color naranja brillante y hojas verde esmeralda que brotan por toda la flor con toneladas de #tricomas. Comprar Hongos M\u00e1gicos Cubanos online.<\/p>\n<p>Fuerte e intenso subid\u00f3n f\u00edsico y cerebral, de acci\u00f3n r\u00e1pida y que instant\u00e1neamente elevar\u00e1 tu mente a una nube y har\u00e1 que tu cuerpo sienta toda la gravedad. Jealousy (Gelato41 x Sherb bx1) de Cookies y Mintz criada por Seed Junky Genetics. Los cogollos celosos tienen un tono p\u00farpura oscuro y un brillo helado. Los sabores de helado y sorbete son una combinaci\u00f3n perfecta de gaseoso, funky y dulce. Puedes compartir o puedes poner celosos a tus amigos. Comprar Celos en Arizona comprar CHOCOLATE FUDGE BROWNIE<\/p>\n<p>Preciosa flor morada, muy pegajosa y densa, pelos de color naranja brillante y hojas verde esmeralda que brotan por toda la flor, con toneladas de #tricomas. Comprar variedad de marihuana Jealousy en l\u00ednea en Polonia<\/p>\n<p>Starkes und intensives k\u00f6rperliches und zerebrales High, schnell wirkend und wird deinen Geist sofort auf eine Wolke heben und deinen K\u00f6rper die ganze Schwerkraft sp\u00fcren lassen.<\/p>","protected":false},"excerpt":{"rendered":"<p>Magn\u00edfico cogollo morado, muy pegajoso y denso, pelos de color naranja brillante y hojas verde esmeralda que brotan por todo el cogollo, con toneladas de tricomas.<\/p>\n<p>&nbsp;<\/p>","protected":false},"featured_media":629,"comment_status":"open","ping_status":"closed","template":"","meta":{"om_disable_all_campaigns":false,"_monsterinsights_skip_tracking":false,"_monsterinsights_sitenote_active":false,"_monsterinsights_sitenote_note":"","_monsterinsights_sitenote_category":0},"product_brand":[],"product_cat":[126,245,351],"product_tag":[299,233,301,302,303,304,305,306,307,308,309,300],"class_list":{"0":"post-628","1":"product","2":"type-product","3":"status-publish","4":"has-post-thumbnail","6":"product_cat-blumen","7":"product_cat-hybrid-sorten","8":"product_cat-marken-cannabis","9":"product_tag-apple-fritter-online-kaufen-in-der-tuerkei","10":"product_tag-chapo-kekse-in-alaska-kaufen","11":"product_tag-eifersucht-in-arizona-kaufen","12":"product_tag-eifersucht-kaufen-in-denver","13":"product_tag-eifersucht-kaufen-in-europa","14":"product_tag-eifersucht-kaufen-in-florida","15":"product_tag-eifersucht-kaufen-in-illinois","16":"product_tag-eifersucht-kaufen-in-new-york","17":"product_tag-eifersucht-kaufen-in-orleans","18":"product_tag-eifersucht-kaufen-in-polen","19":"product_tag-eifersucht-online-kaufen","20":"product_tag-keksmischpackung-in-north-carolina-kaufen","22":"first","23":"instock","24":"featured","25":"shipping-taxable","26":"purchasable","27":"product-type-variable"},"_links":{"self":[{"href":"https:\/\/caliweedonlineshop.com\/es\/wp-json\/wp\/v2\/product\/628","targetHints":{"allow":["GET"]}}],"collection":[{"href":"https:\/\/caliweedonlineshop.com\/es\/wp-json\/wp\/v2\/product"}],"about":[{"href":"https:\/\/caliweedonlineshop.com\/es\/wp-json\/wp\/v2\/types\/product"}],"replies":[{"embeddable":true,"href":"https:\/\/caliweedonlineshop.com\/es\/wp-json\/wp\/v2\/comments?post=628"}],"wp:featuredmedia":[{"embeddable":true,"href":"https:\/\/caliweedonlineshop.com\/es\/wp-json\/wp\/v2\/media\/629"}],"wp:attachment":[{"href":"https:\/\/caliweedonlineshop.com\/es\/wp-json\/wp\/v2\/media?parent=628"}],"wp:term":[{"taxonomy":"product_brand","embeddable":true,"href":"https:\/\/caliweedonlineshop.com\/es\/wp-json\/wp\/v2\/product_brand?post=628"},{"taxonomy":"product_cat","embeddable":true,"href":"https:\/\/caliweedonlineshop.com\/es\/wp-json\/wp\/v2\/product_cat?post=628"},{"taxonomy":"product_tag","embeddable":true,"href":"https:\/\/caliweedonlineshop.com\/es\/wp-json\/wp\/v2\/product_tag?post=628"}],"curies":[{"name":"wp","href":"https:\/\/api.w.org\/{rel}","templated":true}]}}