{"id":634,"date":"2023-01-14T17:37:07","date_gmt":"2023-01-14T17:37:07","guid":{"rendered":"https:\/\/caliweedonlineshop.com\/?post_type=product&#038;p=634"},"modified":"2023-01-16T07:01:31","modified_gmt":"2023-01-16T07:01:31","slug":"kings-garden-copy","status":"publish","type":"product","link":"https:\/\/caliweedonlineshop.com\/es\/product\/kings-garden-copy\/","title":{"rendered":"kings garden (Copy)"},"content":{"rendered":"<h1>Variedad de marihuana Kings Garden Comprar Online Alemania<\/h1>\n<p>Comprar Variedad de Marihuana Kings Garden Online Alemania. \u00bfConoces la alegr\u00eda de encontrar una cepa que amas, la sensaci\u00f3n perfecta para la experiencia perfecta? Pero luego vas a comprarlos de nuevo, la misma cepa del mismo criador, y algo anda mal. No es lo mismo. Y pierdes el amor King's Garden es diferente. Comprar hierba en l\u00ednea Europa<br \/>\nPorque tenemos la receta de Charlie. Nuestro meticuloso proceso patentado garantiza que cada cultivo de cada cepa tenga exactamente el mismo sabor, olor y, lo que es m\u00e1s importante, exactamente el mismo efecto satisfactorio, siempre. No estamos aqu\u00ed para reinventar la rueda de la marihuana. Nuestros objetivos son mucho m\u00e1s altos. Estamos aqu\u00ed para que puedas enamorarte y seguir enamorado hoy, ma\u00f1ana y en los a\u00f1os venideros. Tienda de malezas<br \/>\nCada planta que cultivamos se seca y madura lentamente durante 14 d\u00edas en un ambiente estrictamente controlado sin contacto humano. Esto garantiza el sabor, los terpenos y la pegajosidad que esperas. Cada cogollo es cosechado a mano por nuestro equipo de m\u00e1s de 100 recortadores experimentados para garantizar que los tricomas nunca se da\u00f1en y que cada cogollo y cepa \u00fanica mantenga el tama\u00f1o y la forma exactos de la naturaleza. Comprar Banana Runtz en l\u00ednea.<br \/>\nCada planta que cultivamos se seca y madura lentamente durante 14 d\u00edas en un ambiente estrictamente controlado sin contacto humano. Esto garantiza el sabor, los terpenos y la pegajosidad que esperas. Cada cogollo es cosechado a mano por nuestro equipo de m\u00e1s de 100 recortadores experimentados para garantizar que los tricomas nunca se da\u00f1en y que cada cogollo y cepa \u00fanica mantenga el tama\u00f1o y la forma exactos de la naturaleza. Comprar Banana Runtz en l\u00ednea.<\/p>\n<h2>Kings Garden Comprar Variedad de Marihuana Online Alemania<\/h2>\n<p>Comprar cepa de marihuana Kings Garden online. En Kings Garden creemos que una Top Shelf Flower solo mantiene su estado y calidad cuando se termina a mano. El recorte manual es uno de los componentes fundamentales del producto de alta calidad que presentamos bajo la marca Kings Garden. Brindamos la misma atenci\u00f3n al detalle y est\u00e1ndares exigentes a todos nuestros clientes. Nuestros sistemas aseguran que la tasa de p\u00e9rdidas por robo sea casi nula.<\/p>\n<p>.<\/p>","protected":false},"excerpt":{"rendered":"<p>Cada planta que cultivamos se seca lentamente y envejece durante 14 d\u00edas en un ambiente estrictamente controlado sin tocar por manos humanas. Esto garantiza el sabor, los terpenos y la pegajosidad que esperas.<\/p>\n<p>&nbsp;<\/p>","protected":false},"featured_media":635,"comment_status":"open","ping_status":"closed","template":"","meta":{"om_disable_all_campaigns":false,"_monsterinsights_skip_tracking":false,"_monsterinsights_sitenote_active":false,"_monsterinsights_sitenote_note":"","_monsterinsights_sitenote_category":0},"product_brand":[],"product_cat":[126,245,351],"product_tag":[],"class_list":{"0":"post-634","1":"product","2":"type-product","3":"status-publish","4":"has-post-thumbnail","6":"product_cat-blumen","7":"product_cat-hybrid-sorten","8":"product_cat-marken-cannabis","10":"first","11":"instock","12":"featured","13":"shipping-taxable","14":"purchasable","15":"product-type-variable"},"_links":{"self":[{"href":"https:\/\/caliweedonlineshop.com\/es\/wp-json\/wp\/v2\/product\/634","targetHints":{"allow":["GET"]}}],"collection":[{"href":"https:\/\/caliweedonlineshop.com\/es\/wp-json\/wp\/v2\/product"}],"about":[{"href":"https:\/\/caliweedonlineshop.com\/es\/wp-json\/wp\/v2\/types\/product"}],"replies":[{"embeddable":true,"href":"https:\/\/caliweedonlineshop.com\/es\/wp-json\/wp\/v2\/comments?post=634"}],"wp:featuredmedia":[{"embeddable":true,"href":"https:\/\/caliweedonlineshop.com\/es\/wp-json\/wp\/v2\/media\/635"}],"wp:attachment":[{"href":"https:\/\/caliweedonlineshop.com\/es\/wp-json\/wp\/v2\/media?parent=634"}],"wp:term":[{"taxonomy":"product_brand","embeddable":true,"href":"https:\/\/caliweedonlineshop.com\/es\/wp-json\/wp\/v2\/product_brand?post=634"},{"taxonomy":"product_cat","embeddable":true,"href":"https:\/\/caliweedonlineshop.com\/es\/wp-json\/wp\/v2\/product_cat?post=634"},{"taxonomy":"product_tag","embeddable":true,"href":"https:\/\/caliweedonlineshop.com\/es\/wp-json\/wp\/v2\/product_tag?post=634"}],"curies":[{"name":"wp","href":"https:\/\/api.w.org\/{rel}","templated":true}]}}