{"id":640,"date":"2023-01-14T17:40:04","date_gmt":"2023-01-14T17:40:04","guid":{"rendered":"https:\/\/caliweedonlineshop.com\/?post_type=product&#038;p=640"},"modified":"2023-05-15T02:01:57","modified_gmt":"2023-05-15T02:01:57","slug":"kush-mint","status":"publish","type":"product","link":"https:\/\/caliweedonlineshop.com\/es\/product\/kush-mint\/","title":{"rendered":"kush mint"},"content":{"rendered":"<h1>Compara Kush Mint en l\u00ednea y en Jap\u00f3n<\/h1>\n<p>Compre Kush Mint en l\u00ednea en Jap\u00f3n. Kush Mint es una variedad h\u00edbrida uniformemente equilibrada (50 % \u00edndica\/50 % sativa) creada a partir de un potente cruce de cepas cl\u00e1sicas Bubba Kush X Animal Mints. Perfecta para cualquier fan\u00e1tico de un sabor s\u00faper mentolado, Kush Mint brinda un efecto equilibrado que afecta tanto a la mente como al cuerpo con un alto nivel de potencia gracias a sus niveles promedio de THC s\u00faper pesados \u200b\u200bdel 22-24%. La Kush Mint tiene un sabor a menta fabulosamente fuerte con toques de caf\u00e9 reci\u00e9n hecho y galletas terrosas. Comprar Cherry Pie El aroma consiste en maderas dulces y terrosas y un caf\u00e9 rico y especiado con un fuerte toque mentolado. El subid\u00f3n de Kush Mint no es tan revelador como el sabor, con efectos relajantes que te har\u00e1n retroceder y te dar\u00e1n bastante sue\u00f1o. si no tienes cuidado. Comienza con un c\u00e1lido hormigueo en la columna vertebral. COMPRAR CRECER (por gramo)<\/p>\n<p>Kush Mints es una potente combinaci\u00f3n de un sabor terroso similar al combustible y toques de menta fresca. Esta \u00edndica tiene un nivel de THC superior al 30% y es una variedad excelente para disfrutar cuando se necesita una relajaci\u00f3n profunda. Esta variedad inducir\u00e1 serios efectos de tirantez en el sof\u00e1 y aliviar\u00e1 el estr\u00e9s. Big Mex Magic Mushroom en l\u00ednea EE. UU.<\/p>\n<h2>Compara Kush Mint en l\u00ednea y en Jap\u00f3n<\/h2>\n<p>THC: 30,1% Otro miembro de la infame familia de las Cookies, Kush Mints es un gran bateador creado como un cruce entre Bubba Kush y Animal Mints exclusivo de Seed Junky Genetics. Esta cepa de Top Shelf Collection es un fenotipo perfecto para aquellos que quieren una sensaci\u00f3n ligeramente mentolada equilibrada con notas cremosas, a caf\u00e9, terrosas y gaseosas o kush. Este exclusivo h\u00edbrido \u00edndica dominante cuenta con concentraciones de THC superiores a la media que alcanzan un m\u00e1ximo de alrededor del 26 %, lo que proporciona a los usuarios un potente subid\u00f3n similar al de su predecesora de la d\u00e9cada de 1990, la Bubba Kush. El subid\u00f3n de Kush Mints es una enredadera que comienza con una ola de calma de pies a cabeza, que alivia el dolor y relaja los m\u00fasculos. mientras calma y eleva el esp\u00edritu. Al igual que muchas de las cepas emblem\u00e1ticas de Seed Junkyz Genetics, la Kush Mints es conocida por su perfil de terpenos extremadamente distintivo y apetitoso, dominado por compuestos de pineno, limoneno, cariofileno y linalool. Esta extraordinaria combinaci\u00f3n de terpenos da como resultado el aroma y sabor a postre de Kush Mints, que se puede reconocer como cremoso y terroso, con un espectacular toque mentolado o mentolado. Compre Kush Mint en l\u00ednea en Jap\u00f3n. que se puede reconocer como cremoso y terroso, con un espectacular toque mentolado o mentolado. Compre Kush Mint en l\u00ednea en Jap\u00f3n. que puede reconocerse como cremoso y terroso, con un espectacular toque mentolado o mentolado. Compre Kush Mint en l\u00ednea en Jap\u00f3n.<\/p>","protected":false},"excerpt":{"rendered":"<p>Kush Mint es una variedad h\u00edbrida uniformemente equilibrada (50 % \u00edndica\/50 % sativa) creada a partir de un potente cruce de cepas cl\u00e1sicas Bubba Kush X Animal Mints.<\/p>\n<p>&nbsp;<\/p>","protected":false},"featured_media":641,"comment_status":"open","ping_status":"closed","template":"","meta":{"om_disable_all_campaigns":false,"_monsterinsights_skip_tracking":false,"_monsterinsights_sitenote_active":false,"_monsterinsights_sitenote_note":"","_monsterinsights_sitenote_category":0},"product_brand":[],"product_cat":[126,245,351],"product_tag":[],"class_list":{"0":"post-640","1":"product","2":"type-product","3":"status-publish","4":"has-post-thumbnail","6":"product_cat-blumen","7":"product_cat-hybrid-sorten","8":"product_cat-marken-cannabis","10":"first","11":"instock","12":"featured","13":"shipping-taxable","14":"purchasable","15":"product-type-variable"},"_links":{"self":[{"href":"https:\/\/caliweedonlineshop.com\/es\/wp-json\/wp\/v2\/product\/640","targetHints":{"allow":["GET"]}}],"collection":[{"href":"https:\/\/caliweedonlineshop.com\/es\/wp-json\/wp\/v2\/product"}],"about":[{"href":"https:\/\/caliweedonlineshop.com\/es\/wp-json\/wp\/v2\/types\/product"}],"replies":[{"embeddable":true,"href":"https:\/\/caliweedonlineshop.com\/es\/wp-json\/wp\/v2\/comments?post=640"}],"wp:featuredmedia":[{"embeddable":true,"href":"https:\/\/caliweedonlineshop.com\/es\/wp-json\/wp\/v2\/media\/641"}],"wp:attachment":[{"href":"https:\/\/caliweedonlineshop.com\/es\/wp-json\/wp\/v2\/media?parent=640"}],"wp:term":[{"taxonomy":"product_brand","embeddable":true,"href":"https:\/\/caliweedonlineshop.com\/es\/wp-json\/wp\/v2\/product_brand?post=640"},{"taxonomy":"product_cat","embeddable":true,"href":"https:\/\/caliweedonlineshop.com\/es\/wp-json\/wp\/v2\/product_cat?post=640"},{"taxonomy":"product_tag","embeddable":true,"href":"https:\/\/caliweedonlineshop.com\/es\/wp-json\/wp\/v2\/product_tag?post=640"}],"curies":[{"name":"wp","href":"https:\/\/api.w.org\/{rel}","templated":true}]}}