{"id":646,"date":"2023-01-14T17:44:24","date_gmt":"2023-01-14T17:44:24","guid":{"rendered":"https:\/\/caliweedonlineshop.com\/?post_type=product&#038;p=646"},"modified":"2023-01-16T07:01:31","modified_gmt":"2023-01-16T07:01:31","slug":"lemon-cherry","status":"publish","type":"product","link":"https:\/\/caliweedonlineshop.com\/es\/product\/lemon-cherry\/","title":{"rendered":"Lemon cherry"},"content":{"rendered":"<h1>Compre Lemon Cherry en l\u00ednea en Suiza<\/h1>\n<p>Compre Lemon Cherry en l\u00ednea en Suiza. es una variedad mayormente Indica de Secret Santa Genetics y se puede cultivar interiores (donde las plantas femeninas necesitar\u00e1n un per\u00edodo de floraci\u00f3n de \u00b156 d\u00edas), exteriores y en invernaderos. Semillas de Lemon Cherry ZmartieZ de Secret Santa Genetics es dominante en THC y no est\u00e1n disponibles en versiones feminizadas. Pide Motor Breath Jungleboys en Chicago<\/p>\n<p>Conoce los factores \u00fanicos que hacen que la variedad Lemon Cherry sea tan potente. Big Mex Magic Mushroom en l\u00ednea EE. UU.<\/p>\n<p>En el Noroeste, el cambio de estaciones es m\u00e1s que un simple vistazo al calendario. En nuestro hermoso rinc\u00f3n de los Estados Unidos, experimentamos el verdadero cambio de estaciones: follaje de oto\u00f1o, sol de verano y nieve de invierno. Por lo tanto, las nuevas estaciones pueden inspirarnos a nuevas experiencias. El clima exterior influye en nuestra rutina diaria, nuestras comidas y bebidas favoritas y, para algunos de nosotros, tambi\u00e9n nuestras variedades de cannabis favoritas. Una de nuestras variedades favoritas es sin duda la Lemon Cherry de Gasworks Garden. En primavera, el clima voluble en el noroeste del Pac\u00edfico significa esperar un sol glorioso un d\u00eda y un sombr\u00edo saliente de espesas nubes grises al d\u00eda siguiente. Dada esta variedad, har\u00eda bien en obtener una variedad h\u00edbrida de alta calidad,<\/p>\n<h2>Comprar Lemon Cherry online en Suiza<\/h2>\n<p>Hay pocas cepas m\u00e1s adecuadas para este prop\u00f3sito que la Lemon Cherry, una cepa cuidadosamente criada de Gasworks Garden. Pasaron mucho tiempo produciendo esta variedad impresionantemente diversa, eligiendo sus rasgos favoritos de Lemon OG, Cherry Pie y un toque de OG Kush. El resultado es una variedad cuidadosamente elaborada, una variedad que a Gasworks le gusta llamar una variedad de \"isla desierta\", la flor perfecta que no dudar\u00e1s en fumar taz\u00f3n tras taz\u00f3n por el resto de tus d\u00edas. La variedad exhibe rasgos de dominancia sativa similares a Lemon OG, pero su tiempo de floraci\u00f3n de 10 semanas, mucho m\u00e1s corto que el de una sativa t\u00edpica, le otorga algunas cualidades \u00edndica verdaderamente maravillosas, as\u00ed como un perfil de terpenos rico y decadente. que est\u00e1 fuertemente influenciado por el mirceno y el limoneno. Esta combinaci\u00f3n dual de terpenos le da a Cherry Pie una pungencia que expande las fosas nasales con tonos terrosos y arom\u00e1ticos iluminados por notas agudas y sabrosas de cereza y c\u00edtricos. Con su subid\u00f3n y carga de terpenos bien equilibrados, la Lemon Cherry es una variedad que pide a gritos ser usada en concentrados, y Gasworks la cri\u00f3 exactamente por esa raz\u00f3n.<\/p>\n<p>Despu\u00e9s de haber creado lo que sintieron que era una cepa perfectamente equilibrada, Gasworks no perdi\u00f3 el tiempo en usarla para crear una gama de productos concentrados de primera calidad que incluyen masa de terpenos, concentrados de cristalitos y cartuchos de BHO (o PHO). Estos fenomenales productos concentrados mejoran el car\u00e1cter completo de Lemon Cherry, haci\u00e9ndolo igualmente adecuado para un d\u00eda relajante en casa o un d\u00eda emocionante mientras viaja. Compre Lemon Cherry en l\u00ednea en Suiza.<\/p>","protected":false},"excerpt":{"rendered":"<p>Lemon Cherry ZmartieZ es una variedad Indica de Secret Santa Genetics y se puede cultivar interiores (donde las plantas femeninas necesitar\u00e1n un per\u00edodo de floraci\u00f3n de \u00b156 d\u00edas), exteriores y en invernaderos.<\/p>\n<p>&nbsp;<\/p>","protected":false},"featured_media":647,"comment_status":"open","ping_status":"closed","template":"","meta":{"om_disable_all_campaigns":false,"_monsterinsights_skip_tracking":false,"_monsterinsights_sitenote_active":false,"_monsterinsights_sitenote_note":"","_monsterinsights_sitenote_category":0},"product_brand":[],"product_cat":[126,245,351],"product_tag":[311,313,312,310,201,314],"class_list":{"0":"post-646","1":"product","2":"type-product","3":"status-publish","4":"has-post-thumbnail","6":"product_cat-blumen","7":"product_cat-hybrid-sorten","8":"product_cat-marken-cannabis","9":"product_tag-lemon-cherry-online-kaufen-in-belgien","10":"product_tag-lemon-cherry-online-kaufen-in-deutschland","11":"product_tag-lemon-cherry-online-kaufen-in-europa","12":"product_tag-zitronenkirsche-online-kaufen","13":"product_tag-zitronenkirsche-online-kaufen-in-australien","14":"product_tag-zitronenkirsche-online-kaufen-in-usa","16":"first","17":"instock","18":"featured","19":"shipping-taxable","20":"purchasable","21":"product-type-variable"},"_links":{"self":[{"href":"https:\/\/caliweedonlineshop.com\/es\/wp-json\/wp\/v2\/product\/646","targetHints":{"allow":["GET"]}}],"collection":[{"href":"https:\/\/caliweedonlineshop.com\/es\/wp-json\/wp\/v2\/product"}],"about":[{"href":"https:\/\/caliweedonlineshop.com\/es\/wp-json\/wp\/v2\/types\/product"}],"replies":[{"embeddable":true,"href":"https:\/\/caliweedonlineshop.com\/es\/wp-json\/wp\/v2\/comments?post=646"}],"wp:featuredmedia":[{"embeddable":true,"href":"https:\/\/caliweedonlineshop.com\/es\/wp-json\/wp\/v2\/media\/647"}],"wp:attachment":[{"href":"https:\/\/caliweedonlineshop.com\/es\/wp-json\/wp\/v2\/media?parent=646"}],"wp:term":[{"taxonomy":"product_brand","embeddable":true,"href":"https:\/\/caliweedonlineshop.com\/es\/wp-json\/wp\/v2\/product_brand?post=646"},{"taxonomy":"product_cat","embeddable":true,"href":"https:\/\/caliweedonlineshop.com\/es\/wp-json\/wp\/v2\/product_cat?post=646"},{"taxonomy":"product_tag","embeddable":true,"href":"https:\/\/caliweedonlineshop.com\/es\/wp-json\/wp\/v2\/product_tag?post=646"}],"curies":[{"name":"wp","href":"https:\/\/api.w.org\/{rel}","templated":true}]}}