{"id":652,"date":"2023-01-14T17:49:08","date_gmt":"2023-01-14T17:49:08","guid":{"rendered":"https:\/\/caliweedonlineshop.com\/?post_type=product&#038;p=652"},"modified":"2026-03-15T14:47:30","modified_gmt":"2026-03-15T14:47:30","slug":"lemon-cherry-gelato","status":"publish","type":"product","link":"https:\/\/caliweedonlineshop.com\/es\/product\/lemon-cherry-gelato\/","title":{"rendered":"Lemon cherry gelato"},"content":{"rendered":"<h1>Comprar Lemon Cherry Gelato en l\u00ednea en Grecia<\/h1>\n<p>Comprar Lemon Cherry Gelato en l\u00ednea en Grecia. Antique, una operaci\u00f3n con sede en Oakland, est\u00e1 trabajando arduamente para demostrar que East Bay todav\u00eda est\u00e1 a la vanguardia.<\/p>\n<p>\u00bfSu \u00faltima gota de helado de cereza y lim\u00f3n? ? es el siguiente nivel. Big Mex Magic Mushroom en l\u00ednea EE. UU.<\/p>\n<p>Lo primero que te llama la atenci\u00f3n es lo bien que ha crecido, enrojecido, curado y cuidado. Se quema con una suavidad incre\u00edble que recuerda a las flores limpias y verdes certificadas.compra Pre-Rolls de Galletas<\/p>\n<p>El perfil de sabor se siente como si hubiera sido hecho por un chef famoso. El equilibrio entre cereza, lim\u00f3n y helado es impecable. El helado no es demasiado abrumador, mientras que las notas de lim\u00f3n y cereza complementan muy bien el helado.<\/p>\n<p>Lemon Gelato es una variedad h\u00edbrida de dominancia \u00edndica que har\u00e1 las delicias de los amantes del olfato y del gusto. Como sugiere el nombre, Lemon Gelato ofrece un sabor dulce parecido a un sorbete que recuerda a los limones y los ar\u00e1ndanos, pero con un sabor amaderado al exhalar. El aroma es similar y solo se vuelve m\u00e1s intenso al abrir los cogollos de esta variedad. Con su ascendencia de Sunset Sherbet, Thin Mint Girl Scout Cookies y Lemon Haze, no es de extra\u00f1ar que tanto su aroma como su sabor sean tan diversos y deliciosos. Comprar Hongos M\u00e1gicos Cubanos online<\/p>\n<h2>Comprar Lemon Cherry Gelato en l\u00ednea en Grecia<\/h2>\n<p>Un lote bien cultivado de Lemon Gelato produce cogollos con puntas de color verde intenso que se aclaran hacia el tallo, junto con pistilos de color marr\u00f3n dorado y una ligera polinizaci\u00f3n de tricomas. Comprar MoneyBagg Runtz en Dammam<\/p>\n<p>El contenido de THC de Lemon Gelato puede variar, as\u00ed que comprueba el porcentaje antes de probarla. Los revisores de esta cepa a menudo han afirmado que su concentraci\u00f3n aumenta junto con la energ\u00eda, y un subid\u00f3n mental cerebral se acompa\u00f1a de un zumbido corporal que vibra de la cabeza a los pies. y tambi\u00e9n he descubierto que puede ayudar a aliviar el dolor, los dolores de cabeza y posiblemente la fatiga.<\/p>","protected":false},"excerpt":{"rendered":"<p>Esta cepa desciende de la cepa Sunset Sherbet. Somos el proveedor n\u00famero uno de helado.<br \/>\nLemon Gelato es una variedad h\u00edbrida de dominancia \u00edndica que atraer\u00e1 a los amantes del olfato y. Tal como sugiere su nombre, Lemon Gelato ofrece un sabor dulce parecido a un sorbete que recuerda a limones y ar\u00e1ndanos.<\/p>","protected":false},"featured_media":653,"comment_status":"open","ping_status":"closed","template":"","meta":{"om_disable_all_campaigns":false,"_monsterinsights_skip_tracking":false,"_monsterinsights_sitenote_active":false,"_monsterinsights_sitenote_note":"","_monsterinsights_sitenote_category":0},"product_brand":[],"product_cat":[126,245,351],"product_tag":[],"class_list":{"0":"post-652","1":"product","2":"type-product","3":"status-publish","4":"has-post-thumbnail","6":"product_cat-blumen","7":"product_cat-hybrid-sorten","8":"product_cat-marken-cannabis","10":"first","11":"instock","12":"featured","13":"shipping-taxable","14":"purchasable","15":"product-type-variable"},"_links":{"self":[{"href":"https:\/\/caliweedonlineshop.com\/es\/wp-json\/wp\/v2\/product\/652","targetHints":{"allow":["GET"]}}],"collection":[{"href":"https:\/\/caliweedonlineshop.com\/es\/wp-json\/wp\/v2\/product"}],"about":[{"href":"https:\/\/caliweedonlineshop.com\/es\/wp-json\/wp\/v2\/types\/product"}],"replies":[{"embeddable":true,"href":"https:\/\/caliweedonlineshop.com\/es\/wp-json\/wp\/v2\/comments?post=652"}],"wp:featuredmedia":[{"embeddable":true,"href":"https:\/\/caliweedonlineshop.com\/es\/wp-json\/wp\/v2\/media\/653"}],"wp:attachment":[{"href":"https:\/\/caliweedonlineshop.com\/es\/wp-json\/wp\/v2\/media?parent=652"}],"wp:term":[{"taxonomy":"product_brand","embeddable":true,"href":"https:\/\/caliweedonlineshop.com\/es\/wp-json\/wp\/v2\/product_brand?post=652"},{"taxonomy":"product_cat","embeddable":true,"href":"https:\/\/caliweedonlineshop.com\/es\/wp-json\/wp\/v2\/product_cat?post=652"},{"taxonomy":"product_tag","embeddable":true,"href":"https:\/\/caliweedonlineshop.com\/es\/wp-json\/wp\/v2\/product_tag?post=652"}],"curies":[{"name":"wp","href":"https:\/\/api.w.org\/{rel}","templated":true}]}}