{"id":658,"date":"2023-01-14T18:02:05","date_gmt":"2023-01-14T18:02:05","guid":{"rendered":"https:\/\/caliweedonlineshop.com\/?post_type=product&#038;p=658"},"modified":"2026-03-04T02:16:04","modified_gmt":"2026-03-04T02:16:04","slug":"mimosa","status":"publish","type":"product","link":"https:\/\/caliweedonlineshop.com\/es\/product\/mimosa\/","title":{"rendered":"Mimosa"},"content":{"rendered":"<h1>Comprar mimosa en Virginia EE. UU.<\/h1>\n<p>Comprar Mimosa en Virginia EE.UU. Ordene Mimosa en Virginia, EE. UU. Mimosa es una variedad de dominancia sativa <a href=\"https:\/\/caliweedonlineshop.com\/index.php\/product-category\/blumen\/hybrid-sorten\/\">Hybridsorte<\/a> (70% Sativa\/30% Indica) obtenida cruzando la cl\u00e1sica P<a href=\"https:\/\/www.alchimiaweb.com\/en\/purple-punch-x-do-si-dos-product-12372.php#:~:text=Purple%20Punch%20x%20Do%2DSi%2Ddos%20by%20Philosopher%20Seeds%20is,production%2C%20appearance%20and%20psychedelic%20effect.\" target=\"_blank\" rel=\"noopener\">urple Punch X<\/a> Surgieron variedades de clementinas. Si buscas un estimulante matutino (sin alcohol), esta variedad es para ti. Mimosa tiene un efecto diurno brillante y alegre que es perfecto para evitar el sue\u00f1o y comenzar el d\u00eda con una vibra positiva. Al comienzo del subid\u00f3n, sentir\u00e1s una mente clara y en\u00e9rgica que llena tu cerebro con una motivaci\u00f3n euf\u00f3rica y un enfoque n\u00edtido como un l\u00e1ser. Este efecto va acompa\u00f1ado de una ligera sensaci\u00f3n de hormigueo, principalmente en el cuerpo y no en la cabeza. Con estos efectos y altos niveles promedio de THC de 19-27%, Mimosa es una opci\u00f3n perfecta para tratar a las personas que sufren de Strawnana.<\/p>\n<h4>THC<\/h4>\n<p>tetrahidrocannabinol<br \/>\nCuanto mayor sea el porcentaje de THC, mayor ser\u00e1 la potencia (alta). Comprar Mimosa Cannabis Europa<\/p>\n<h4>CBD<\/h4>\n<p><strong>cannabidiol<\/strong><br \/>\nEl CBD, o cannabidiol, es el segundo ingrediente m\u00e1s com\u00fan en la mayor\u00eda de las variedades de marihuana. Algunas cepas se cr\u00edan para que contengan m\u00e1s CBD que THC. El CBD tiene un alto efecto medicinal, pero no te coloca, ya que no tiene propiedades psicoactivas. El CBD se usa para tratar muchas afecciones: dolor, inflamaci\u00f3n, ansiedad y muchas otras dolencias. brownies de cbd<\/p>\n<p>La Mimosa es una cepa \u00edndica dominante que produce un poderoso subid\u00f3n h\u00edbrido. Tiene una concentraci\u00f3n de THC incre\u00edblemente alta que comienza en un 20 por ciento. Tiene un aroma \u00fanico y acre que a veces parece dulce.<\/p>\n<p>Su aroma tiene toques de c\u00edtricos y sabores terrosos tambi\u00e9n. La variedad tiene una apariencia musgosa de color verdoso y oxidado. Mimosa tiene un buen sabor que es una mezcla de sabores terrosos y c\u00edtricos. Los efectos positivos de esta cepa son sorprendentes. Tiene un fuerte efecto calmante sobre los nervios y te hace feliz y euf\u00f3rico al mismo tiempo.<\/p>\n<p>Despu\u00e9s de fumar mimosa uno se siente relajado. Tambi\u00e9n puede hacerte sentir creativo. La mimosa es excelente para tratar la ansiedad y la depresi\u00f3n de varios tipos, tambi\u00e9n se puede utilizar para curar la hiperactividad. Compra hierba rica en THC. Comprar todos los brownies americanos<\/p>\n<p>Un h\u00edbrido es una mezcla de dos variedades de marihuana gen\u00e9ticamente diferentes. Los h\u00edbridos se forman cuando el polen de un cultivar (masculino) se transfiere (por un insecto o con la mano) a una flor (femenina) de otro cultivar. Luego, la planta produce semillas que contienen la gen\u00e9tica de ambos padres. Los h\u00edbridos a veces exhiben mayor potencia y resistencia que sus padres. Por ejemplo, la variedad Chemdawg es un cruce entre OG Kush y Sour Diesel.<\/p>","protected":false},"excerpt":{"rendered":"<p>Mimosa es una cepa h\u00edbrida de dominancia sativa (70% sativa\/30% indica) creada a partir del cruce de las cepas cl\u00e1sicas Purple Punch X Clementine.<\/p>\n<p>&nbsp;<\/p>","protected":false},"featured_media":659,"comment_status":"open","ping_status":"closed","template":"","meta":{"om_disable_all_campaigns":false,"_monsterinsights_skip_tracking":false,"_monsterinsights_sitenote_active":false,"_monsterinsights_sitenote_note":"","_monsterinsights_sitenote_category":0},"product_brand":[],"product_cat":[126,245,351],"product_tag":[],"class_list":{"0":"post-658","1":"product","2":"type-product","3":"status-publish","4":"has-post-thumbnail","6":"product_cat-blumen","7":"product_cat-hybrid-sorten","8":"product_cat-marken-cannabis","10":"first","11":"instock","12":"featured","13":"shipping-taxable","14":"purchasable","15":"product-type-variable"},"_links":{"self":[{"href":"https:\/\/caliweedonlineshop.com\/es\/wp-json\/wp\/v2\/product\/658","targetHints":{"allow":["GET"]}}],"collection":[{"href":"https:\/\/caliweedonlineshop.com\/es\/wp-json\/wp\/v2\/product"}],"about":[{"href":"https:\/\/caliweedonlineshop.com\/es\/wp-json\/wp\/v2\/types\/product"}],"replies":[{"embeddable":true,"href":"https:\/\/caliweedonlineshop.com\/es\/wp-json\/wp\/v2\/comments?post=658"}],"wp:featuredmedia":[{"embeddable":true,"href":"https:\/\/caliweedonlineshop.com\/es\/wp-json\/wp\/v2\/media\/659"}],"wp:attachment":[{"href":"https:\/\/caliweedonlineshop.com\/es\/wp-json\/wp\/v2\/media?parent=658"}],"wp:term":[{"taxonomy":"product_brand","embeddable":true,"href":"https:\/\/caliweedonlineshop.com\/es\/wp-json\/wp\/v2\/product_brand?post=658"},{"taxonomy":"product_cat","embeddable":true,"href":"https:\/\/caliweedonlineshop.com\/es\/wp-json\/wp\/v2\/product_cat?post=658"},{"taxonomy":"product_tag","embeddable":true,"href":"https:\/\/caliweedonlineshop.com\/es\/wp-json\/wp\/v2\/product_tag?post=658"}],"curies":[{"name":"wp","href":"https:\/\/api.w.org\/{rel}","templated":true}]}}