{"id":664,"date":"2023-01-14T18:08:36","date_gmt":"2023-01-14T18:08:36","guid":{"rendered":"https:\/\/caliweedonlineshop.com\/?post_type=product&#038;p=664"},"modified":"2023-01-16T07:01:30","modified_gmt":"2023-01-16T07:01:30","slug":"peach","status":"publish","type":"product","link":"https:\/\/caliweedonlineshop.com\/es\/product\/peach\/","title":{"rendered":"Peach"},"content":{"rendered":"<h1>Comprar variedad de marihuana Peach OG online en Finlandia<\/h1>\n<p>Compre la cepa de marihuana Peach OG en l\u00ednea en Finlandia. Peach OG es una variedad \u00edndica dominante incre\u00edblemente rara <a href=\"https:\/\/caliweedonlineshop.com\/index.php\/product-category\/blumen\/hybrid-sorten\/\">Hybrid<\/a> (85% Indica\/15% Sativa) con gen\u00e9tica relativamente desconocida, aunque el consenso general entre los consumidores de cannabis es que es un cruce entre OG Kush y otra variedad desconocida. Este incre\u00edble cogollo tiene un nivel de THC moderado que nunca se ha probado, aunque probablemente oscile entre el 15 y el 20 % seg\u00fan las conjeturas y opiniones de los usuarios. Los usuarios describen el subid\u00f3n de Peach OG como una euforia inmediata y ligeramente edificante que despierta f\u00e1cilmente a uno con un sentido de concentraci\u00f3n y motivaci\u00f3n. Este subid\u00f3n mental se convierte en un subid\u00f3n corporal relajante y c\u00e1lido que desaparece lentamente en todo el cuerpo, dej\u00e1ndote ligeramente sedado pero relajado y feliz. Con todo, estos efectos son muy suaves, lo que hace que Peach OG sea ideal para todos los niveles de usuarios.<\/p>\n<p>La variedad de cannabis Peach Weed es un h\u00edbrido equilibrado del Valle de Sacramento, de los Skunk Brothers. Los niveles de THC son altos pero no medibles, y lo mismo ocurre con los terpenos. Tiene un sabor a c\u00edtricos y fruta ligeramente dulce, casi demasiado madura. Esta cepa puede ayudar con la p\u00e9rdida de apetito y el dolor. Peach Cobbler es una variedad de cannabis que se puede consumir tanto de d\u00eda como de noche. Comprar Hongos M\u00e1gicos Cubanos online.<\/p>\n<h2>Comprar variedad de marihuana Peach OG online en Finlandia<\/h2>\n<p>Todas las recetas de tarta de durazno incluyen duraznos frescos, congelados o enlatados. No hay discusi\u00f3n sobre eso. Lo que los hace diferentes es el topping. La cobertura puede ser una variedad de mezclas para pasteles, avena, masa para galletas, masa para pasteles, galletas e incluso bisquick. Parece que todos tienen un aderezo favorito, probablemente porque crecieron con \u00e9l, y yo no soy diferente. Mi cobertura favorita absoluta es la que se incluye en esta receta. Es, con mucho, el m\u00e1s simple y consiste en poco m\u00e1s que un poco de mantequilla, az\u00facar, leche y harina.<\/p>\n<p>Los melocotones THC Kushy est\u00e1n hechos con destilado de THC de la m\u00e1s alta calidad. Adem\u00e1s son 100% veganas y sin gluten. Cada delicioso caramelo contiene 30 mg de THC. Este es el \u00fanico producto comestible en el mercado que contiene 30 mg por gominola. Esto te da un subid\u00f3n corporal muy limpio y dichoso.<\/p>\n<p>Los efectos son de primera. S\u00d3LIDO cuerpo de piedra con una cabeza limpia alta. Perfecto para los amantes de la comida: ser\u00e1s muy feliz. Comprar Banana Runtz en l\u00ednea.<\/p>\n<p>Perfecto para el d\u00eda, la noche, ver pel\u00edculas, ir a fiestas, controlar el dolor cr\u00f3nico y relajarse.<\/p>","protected":false},"excerpt":{"rendered":"<p>La Peach OG es una variedad h\u00edbrida de dominancia \u00edndica incre\u00edblemente rara (85 % \u00edndica\/15 % sativa) de gen\u00e9tica relativamente desconocida, aunque el consenso entre los consumidores de cannabis es que es un cruce entre OG Kush y otra variedad desconocida.<\/p>","protected":false},"featured_media":665,"comment_status":"open","ping_status":"closed","template":"","meta":{"om_disable_all_campaigns":false,"_monsterinsights_skip_tracking":false,"_monsterinsights_sitenote_active":false,"_monsterinsights_sitenote_note":"","_monsterinsights_sitenote_category":0},"product_brand":[],"product_cat":[126,245,351],"product_tag":[203,204,315],"class_list":{"0":"post-664","1":"product","2":"type-product","3":"status-publish","4":"has-post-thumbnail","6":"product_cat-blumen","7":"product_cat-hybrid-sorten","8":"product_cat-marken-cannabis","9":"product_tag-cdb-brownies-online-kaufen-in-texas","10":"product_tag-kirschtorte-online-kaufen-in-los-angeles","11":"product_tag-schneemann-online-kaufen-in-colorado","13":"first","14":"instock","15":"featured","16":"shipping-taxable","17":"purchasable","18":"product-type-variable"},"_links":{"self":[{"href":"https:\/\/caliweedonlineshop.com\/es\/wp-json\/wp\/v2\/product\/664","targetHints":{"allow":["GET"]}}],"collection":[{"href":"https:\/\/caliweedonlineshop.com\/es\/wp-json\/wp\/v2\/product"}],"about":[{"href":"https:\/\/caliweedonlineshop.com\/es\/wp-json\/wp\/v2\/types\/product"}],"replies":[{"embeddable":true,"href":"https:\/\/caliweedonlineshop.com\/es\/wp-json\/wp\/v2\/comments?post=664"}],"wp:featuredmedia":[{"embeddable":true,"href":"https:\/\/caliweedonlineshop.com\/es\/wp-json\/wp\/v2\/media\/665"}],"wp:attachment":[{"href":"https:\/\/caliweedonlineshop.com\/es\/wp-json\/wp\/v2\/media?parent=664"}],"wp:term":[{"taxonomy":"product_brand","embeddable":true,"href":"https:\/\/caliweedonlineshop.com\/es\/wp-json\/wp\/v2\/product_brand?post=664"},{"taxonomy":"product_cat","embeddable":true,"href":"https:\/\/caliweedonlineshop.com\/es\/wp-json\/wp\/v2\/product_cat?post=664"},{"taxonomy":"product_tag","embeddable":true,"href":"https:\/\/caliweedonlineshop.com\/es\/wp-json\/wp\/v2\/product_tag?post=664"}],"curies":[{"name":"wp","href":"https:\/\/api.w.org\/{rel}","templated":true}]}}