{"id":670,"date":"2023-01-14T18:13:58","date_gmt":"2023-01-14T18:13:58","guid":{"rendered":"https:\/\/caliweedonlineshop.com\/?post_type=product&#038;p=670"},"modified":"2023-01-14T18:14:54","modified_gmt":"2023-01-14T18:14:54","slug":"pineapple-express","status":"publish","type":"product","link":"https:\/\/caliweedonlineshop.com\/es\/product\/pineapple-express\/","title":{"rendered":"Pineapple Express"},"content":{"rendered":"<h1>Comprar Pi\u00f1a Express online<\/h1>\n<p>Compra Pi\u00f1a Express online. Pineapple Express combina los poderes potentes y sabrosos de las cepas madre <a href=\"https:\/\/leafwell.com\/cannabis-strains\/trainwreck\/\" target=\"_blank\" rel=\"noopener\">Trainwreck<\/a> y hawaiano. El olor recuerda a manzana fresca y mango, con un sabor a pi\u00f1a, pino y cedro. Este rudo. comprarKurupt Moon Rock<\/p>\n<p>Hybrid proporciona un subid\u00f3n en\u00e9rgico y duradero, perfecto para tardes productivas y escapadas creativas. comprar CERA (por gramo)<\/p>\n<p>&nbsp;<\/p>\n<p>Pineapple Express Strain combina los poderes potentes y sabrosos de las cepas madre Trainwreck y Hawaiian. El olor recuerda a manzana fresca y mango, con un sabor a pi\u00f1a, pino y cedro. Esta sativa contundente proporciona un subid\u00f3n en\u00e9rgico y duradero, perfecto para tardes productivas y escapadas creativas. comprar ar\u00e1ndanos<\/p>\n<h2>Comprar Pi\u00f1a Express online<\/h2>\n<p>La variedad Pineapple Express es una variedad de dominancia sativa. La variedad es muy popular y ha ganado notoriedad gracias a la pel\u00edcula sobre fumetas del mismo nombre. Sin embargo, hay que tener en cuenta que la tensi\u00f3n no es tan intensa como se muestra en la pel\u00edcula. Pero la Pineapple Express se las arregla para proporcionar un subid\u00f3n suave y placentero que te adormece el cuerpo. La variedad se presenta en forma de pepitas bien pesadas que parecen palomitas de poliestireno. Ella no tiene un sabor dulce, pero huele funky con sus matices c\u00edtricos. El sabor es bastante excepcional con toques de pi\u00f1a al inhalar. Pineapple Express se usa para tratar muchos problemas m\u00e9dicos, incluidos la ansiedad y el estr\u00e9s. Sin embargo, es a\u00fan m\u00e1s eficaz para curar los s\u00edntomas de la depresi\u00f3n cr\u00f3nica al mismo tiempo. Si sufre de molestias y dolores leves, no busque m\u00e1s. Despu\u00e9s de un cigarrillo, encontrar\u00e1 que Pineapple Express es a la vez calmante y estimulante. No solo agudizar\u00e1 todos sus sentidos, sino que se sentir\u00e1 energizado al ser testigo de un aumento en el enfoque, la conciencia y la creatividad. Comprar hierba en l\u00ednea Europa Observar la conciencia y la creatividad. Comprar hierba en l\u00ednea Europa Observar la conciencia y la creatividad. Comprar hierba en l\u00ednea Europa<\/p>\n<p>Bis zu 25-27% THC<\/p>","protected":false},"excerpt":{"rendered":"<p>Pineapple Express combina los poderes potentes y sabrosos de las cepas madre Trainwreck y Hawaiian. El olor se compara con la manzana fresca y el mango, con un sabor a pi\u00f1a, pino y cedro. Este rudo.<\/p>\n<p>&nbsp;<\/p>","protected":false},"featured_media":671,"comment_status":"open","ping_status":"closed","template":"","meta":{"om_disable_all_campaigns":false,"_monsterinsights_skip_tracking":false,"_monsterinsights_sitenote_active":false,"_monsterinsights_sitenote_note":"","_monsterinsights_sitenote_category":0},"product_brand":[],"product_cat":[126,245],"product_tag":[319,320,316,317,318],"class_list":{"0":"post-670","1":"product","2":"type-product","3":"status-publish","4":"has-post-thumbnail","6":"product_cat-blumen","7":"product_cat-hybrid-sorten","8":"product_tag-ananas-express-online-kaufen-in-los-angeles","9":"product_tag-ananas-express-online-kaufen-in-otawa","10":"product_tag-pineapple-express-online-kaufen-deutschland","11":"product_tag-pineapple-express-online-kaufen-in-colorado","12":"product_tag-pineapple-express-online-kaufen-in-hawaii","14":"first","15":"instock","16":"shipping-taxable","17":"purchasable","18":"product-type-variable"},"_links":{"self":[{"href":"https:\/\/caliweedonlineshop.com\/es\/wp-json\/wp\/v2\/product\/670","targetHints":{"allow":["GET"]}}],"collection":[{"href":"https:\/\/caliweedonlineshop.com\/es\/wp-json\/wp\/v2\/product"}],"about":[{"href":"https:\/\/caliweedonlineshop.com\/es\/wp-json\/wp\/v2\/types\/product"}],"replies":[{"embeddable":true,"href":"https:\/\/caliweedonlineshop.com\/es\/wp-json\/wp\/v2\/comments?post=670"}],"wp:featuredmedia":[{"embeddable":true,"href":"https:\/\/caliweedonlineshop.com\/es\/wp-json\/wp\/v2\/media\/671"}],"wp:attachment":[{"href":"https:\/\/caliweedonlineshop.com\/es\/wp-json\/wp\/v2\/media?parent=670"}],"wp:term":[{"taxonomy":"product_brand","embeddable":true,"href":"https:\/\/caliweedonlineshop.com\/es\/wp-json\/wp\/v2\/product_brand?post=670"},{"taxonomy":"product_cat","embeddable":true,"href":"https:\/\/caliweedonlineshop.com\/es\/wp-json\/wp\/v2\/product_cat?post=670"},{"taxonomy":"product_tag","embeddable":true,"href":"https:\/\/caliweedonlineshop.com\/es\/wp-json\/wp\/v2\/product_tag?post=670"}],"curies":[{"name":"wp","href":"https:\/\/api.w.org\/{rel}","templated":true}]}}