{"id":676,"date":"2023-01-14T18:19:51","date_gmt":"2023-01-14T18:19:51","guid":{"rendered":"https:\/\/caliweedonlineshop.com\/?post_type=product&#038;p=676"},"modified":"2023-05-05T02:37:47","modified_gmt":"2023-05-05T02:37:47","slug":"pink-dosidos","status":"publish","type":"product","link":"https:\/\/caliweedonlineshop.com\/es\/product\/pink-dosidos\/","title":{"rendered":"pink dosidos"},"content":{"rendered":"<h1>Comprar variedad de marihuana Pink Dosidos online en Europa<\/h1>\n<p>Comprar Variedad de Marihuana Pink Dosidos Online en Europa. Con un padre como Do-Si-Dos que es una especie de ni\u00f1o <a href=\"https:\/\/caliweedonlineshop.com\/index.php\/product\/girl-scout-cookies\/\">Girl Scout Cookies<\/a> uno pensar\u00eda que el perfil de terpenos de la Pink Do-Si-Dos oler\u00eda a galletas. Resulta que tiende a ser mucho m\u00e1s mofeta de lo que cabr\u00eda esperar. El sabor tambi\u00e9n es skunk y se acompa\u00f1a de un sabor h\u00famedo y terroso que permanece en el paladar despu\u00e9s de fumar o vapear Pink Do-Si-Dos. Big Mex Magic Mushroom en l\u00ednea EE. UU.<\/p>\n<p>La parte \"rosada\" del nombre proviene de su otra planta madre, Pink Champagne. Los cogollos Pink Do-Si-Dos son una combinaci\u00f3n de flores verde claro y verde salvia entrelazadas con pistilos amarillos y marr\u00f3n claro. No son de color rosa como algunas personas podr\u00edan pensar. Comprar Hongos M\u00e1gicos Cubanos online.<\/p>\n<h2>Pink Dosidos Marihuana Sorte online en Europa kaufen<\/h2>\n<p>En las rese\u00f1as positivas de la variedad Pink Do-Si-Dos, los usuarios expresaron su satisfacci\u00f3n por lo bien que ayud\u00f3 a superar la ansiedad, el estr\u00e9s y otros bloqueos mentales. Algunos han meditado con esta cepa mientras que otros se han sentido somnolientos o pensativos. Nuestro Dosido Rosa es una modificaci\u00f3n de un nuevo cl\u00e1sico. Cruzada con Pink Champagne y Dosidos, esta variedad tiene un aroma incre\u00edble: es dulce, con un olor a zorrillo que llena toda la habitaci\u00f3n cuando abres un frasco. Una fumada suave y definitivamente una de las favoritas del equipo de Korova. Do-Si-Dos es un cruce entre OG Kush Breath, un fenotipo de Girl Scout Cookies, y Faceoff OG de Archive Seed Bank en Oreg\u00f3n. El banco de semillas est\u00e1 trabajando en una l\u00ednea F2 de fenotipos Do-Si-Dos - Do-Si-Dos #9, #18 y #22; as\u00ed como los in\u00e9ditos #4 y #. 13, todas las cuales se dice que crecen altas y producen grandes rendimientos promedio en un tiempo de floraci\u00f3n de 70 d\u00edas. Toda la l\u00ednea F2 muestra tendencias hermafroditas heredadas del padre OGKB en aproximadamente el 5% de la poblaci\u00f3n, seg\u00fan el banco de semillas. De los tres fenotipos lanzados, #9 se describe como el m\u00e1s potente, denso y resinoso, que produce grandes cantidades de sabor seco, as\u00ed como un fuerte aroma y sabor a galleta y Kush. Mientras tanto, la #18 muestra gl\u00e1ndulas de resina gruesas y prominentes y un fuerte aroma OG Kush, mientras que la #22 es un fenotipo p\u00farpura, arom\u00e1tico y con sabor a uva recomendado para hacer Ice Hash. Toda la l\u00ednea F2 muestra tendencias hermafroditas heredadas del padre OGKB en aproximadamente el 5% de la poblaci\u00f3n, seg\u00fan el banco de semillas. De los tres fenotipos lanzados, #9 se describe como el m\u00e1s potente, denso y resinoso, que produce grandes cantidades de sabor seco, as\u00ed como un fuerte aroma y sabor a galleta y Kush. Mientras tanto, la #18 muestra gl\u00e1ndulas de resina gruesas y prominentes y un fuerte aroma OG Kush, mientras que la #22 es un fenotipo p\u00farpura, arom\u00e1tico y con sabor a uva recomendado para hacer Ice Hash. Toda la l\u00ednea F2 muestra tendencias hermafroditas heredadas del padre OGKB en aproximadamente el 5% de la poblaci\u00f3n, seg\u00fan el banco de semillas. De los tres fenotipos lanzados, #9 se describe como el m\u00e1s potente, denso y resinoso, que produce grandes cantidades de sabor seco, as\u00ed como un fuerte aroma y sabor a galleta y Kush. Mientras tanto, la #18 muestra gl\u00e1ndulas de resina gruesas y prominentes y un fuerte aroma OG Kush, mientras que la #22 es un fenotipo p\u00farpura, arom\u00e1tico y con sabor a uva recomendado para hacer Ice Hash. Se describe como la m\u00e1s densa y resinosa (produce grandes cantidades de sorbo seco), as\u00ed como un fuerte aroma y sabor a galleta y Kush. Mientras tanto, la #18 muestra gl\u00e1ndulas de resina gruesas y prominentes y un fuerte aroma OG Kush, mientras que la #22 es un fenotipo p\u00farpura, arom\u00e1tico y con sabor a uva recomendado para hacer Ice Hash. Se describe como la m\u00e1s densa y resinosa (produce grandes cantidades de sorbo seco), as\u00ed como un fuerte aroma y sabor a galleta y Kush. Mientras tanto, la #18 muestra gl\u00e1ndulas de resina gruesas y prominentes y un fuerte aroma OG Kush, mientras que la #22 es un fenotipo p\u00farpura, arom\u00e1tico y con sabor a uva recomendado para hacer Ice Hash.<\/p>","protected":false},"excerpt":{"rendered":"<p>Con un padre como Do-Si-Dos, que era una variedad infantil de Girl Scout Cookies, pensar\u00edas que el perfil de terpenos Pink Do-Si-Dos oler\u00eda a galletas.<\/p>\n<p>&nbsp;<\/p>","protected":false},"featured_media":677,"comment_status":"open","ping_status":"closed","template":"","meta":{"om_disable_all_campaigns":false,"_monsterinsights_skip_tracking":false,"_monsterinsights_sitenote_active":false,"_monsterinsights_sitenote_note":"","_monsterinsights_sitenote_category":0},"product_brand":[],"product_cat":[126,245,351],"product_tag":[231,321,224],"class_list":{"0":"post-676","1":"product","2":"type-product","3":"status-publish","4":"has-post-thumbnail","6":"product_cat-blumen","7":"product_cat-hybrid-sorten","8":"product_cat-marken-cannabis","9":"product_tag-frosties-kekse-online-kaufen-in-new-jersy","10":"product_tag-fruity-pebbles-in-nevada-kaufen","11":"product_tag-kekse-und-broetchen-in-north-dakota-kaufen","13":"first","14":"instock","15":"featured","16":"shipping-taxable","17":"purchasable","18":"product-type-variable"},"_links":{"self":[{"href":"https:\/\/caliweedonlineshop.com\/es\/wp-json\/wp\/v2\/product\/676","targetHints":{"allow":["GET"]}}],"collection":[{"href":"https:\/\/caliweedonlineshop.com\/es\/wp-json\/wp\/v2\/product"}],"about":[{"href":"https:\/\/caliweedonlineshop.com\/es\/wp-json\/wp\/v2\/types\/product"}],"replies":[{"embeddable":true,"href":"https:\/\/caliweedonlineshop.com\/es\/wp-json\/wp\/v2\/comments?post=676"}],"wp:featuredmedia":[{"embeddable":true,"href":"https:\/\/caliweedonlineshop.com\/es\/wp-json\/wp\/v2\/media\/677"}],"wp:attachment":[{"href":"https:\/\/caliweedonlineshop.com\/es\/wp-json\/wp\/v2\/media?parent=676"}],"wp:term":[{"taxonomy":"product_brand","embeddable":true,"href":"https:\/\/caliweedonlineshop.com\/es\/wp-json\/wp\/v2\/product_brand?post=676"},{"taxonomy":"product_cat","embeddable":true,"href":"https:\/\/caliweedonlineshop.com\/es\/wp-json\/wp\/v2\/product_cat?post=676"},{"taxonomy":"product_tag","embeddable":true,"href":"https:\/\/caliweedonlineshop.com\/es\/wp-json\/wp\/v2\/product_tag?post=676"}],"curies":[{"name":"wp","href":"https:\/\/api.w.org\/{rel}","templated":true}]}}