{"id":682,"date":"2023-01-14T18:26:38","date_gmt":"2023-01-14T18:26:38","guid":{"rendered":"https:\/\/caliweedonlineshop.com\/?post_type=product&#038;p=682"},"modified":"2023-01-14T18:26:38","modified_gmt":"2023-01-14T18:26:38","slug":"purple-haze-2","status":"publish","type":"product","link":"https:\/\/caliweedonlineshop.com\/es\/product\/purple-haze-2\/","title":{"rendered":"Purple haze"},"content":{"rendered":"<h1>Comprar Purple Haze online en Alemania<\/h1>\n<p>Compra Purple Haze online en Alemania. La Purple Haze, que se hizo famosa gracias al cl\u00e1sico de Jimi Hendrix de 1967, ofrece una explosi\u00f3n de euforia de ensue\u00f1o que transportar\u00e1 a los usuarios veteranos a su apogeo psicod\u00e9lico. Este b\u00e1sico sativa nost\u00e1lgico sigue siendo apreciado por su estimulaci\u00f3n cerebral de alta energ\u00eda que inspira la creatividad y la satisfacci\u00f3n dichosa durante todo el d\u00eda. Se cree que la Purple Haze desciende de las variedades parentales Purple Thai y Haze, que transmiten una mezcla de aromas dulces y terrosos respaldados por notas de bayas y especias picantes. Los cogollos de la Purple Haze suelen tener un tono lavanda brillante, lo que justifica a\u00fan m\u00e1s el nombre de esta cepa.<\/p>\n<p>Gracias al \u00e9xito \"Purple Haze\" de Jimi Hendrix, esta podr\u00eda ser una de las cepas m\u00e1s conocidas del mundo. Despu\u00e9s de fumar esta variedad sabr\u00e1s por qu\u00e9 lleva el nombre de la famosa canci\u00f3n de rock. COMPRAR CULTIVAR (por gramo) La gen\u00e9tica predominantemente sativa de la Purple Haze te proporcionar\u00e1 un incre\u00edble subid\u00f3n mental que incluso puede extenderse a los reinos de lo psicod\u00e9lico. Comprar Purple Haze online en Alemania<\/p>\n<p><strong>fuerza<\/strong><\/p>\n<p>La mayor\u00eda de las variedades sativas tienen un contenido de THC de alrededor del 13,5%. La OG Kush Purple Haze tiene entre un 13 % y un 20 % de THC. La potencia del cogollo espec\u00edfico que tengas en tus manos jugar\u00e1 un papel clave en la intensidad de tu subid\u00f3n.<\/p>\n<h2>Comprar Purple Haze en l\u00ednea en Alemania<\/h2>\n<p><strong>Efectos<\/strong><\/p>\n<p>Esta variedad tiene que ver con el cerebro. Despu\u00e9s de consumir Purple Haze, puedes esperar un subid\u00f3n cerebral distintivo y fuerte. Definitivamente te sentir\u00e1s euf\u00f3rico, en\u00e9rgico, exaltado y creativo. Y si usa una flor potente o toma una dosis m\u00e1s alta, tambi\u00e9n puede experimentar algunos efectos psicod\u00e9licos trippy. De cualquier manera, te encontrar\u00e1s en el cielo despu\u00e9s de unas cuantas caladas de esta cepa de cannabis premium. Comprar Galleta Super Og<\/p>\n<p><strong>Sabor olor<\/strong><\/p>\n<p>Purple Haze tiene un olor terroso con notas dulces. El mismo perfil se traslada al sabor del humo, que tambi\u00e9n adquiere un ligero sabor a bayas. Compra Purple Haze online en Alemania.<br \/>\nPurple Haze es un h\u00edbrido sativa dominante (85% sativa\/15% indica) que es un potente cruce entre las cepas raras pero populares Purple Thai X Haze. El nombre de la canci\u00f3n cl\u00e1sica de Jimi Hendrix de 1967, Purple Haze es una de las variedades m\u00e1s conocidas gracias a su popularidad en la d\u00e9cada de 1960. Comprar Honey Bun Los usuarios describen el subid\u00f3n de la Purple Haze como una estimulaci\u00f3n cerebral de alta energ\u00eda casi instant\u00e1nea acompa\u00f1ada de una intensa sensaci\u00f3n de inspiraci\u00f3n creativa y felicidad dichosa. Comprar hierba en l\u00ednea Europa Se puede experimentar un ligero subid\u00f3n corporal que es c\u00e1lido y se extiende desde la cabeza y el cuello hasta todo el cuerpo. Debido a estos potentes efectos, Purple Haze es una variedad ideal para tratar a pacientes que sufren de fatiga, sufre de depresi\u00f3n leve a moderada, estr\u00e9s cr\u00f3nico o ansiedad. Comprar Cherry Pie La Purple Haze tiene cogollos largos, densos y picantes que son de color verde menta claro con ricos matices morados. Estas pepitas est\u00e1n cubiertas de pelos largos y delgados de color p\u00farpura claro y oscuro y una fina capa de tricomas de color blanco lechoso y resina dulce y pegajosa. Tiene un aroma dulce a bayas terrosas y un sabor acre a bayas con toques de especias. Compra Purple Haze online en Alemania. cubierto de resina pegajosa. Tiene un aroma dulce a bayas terrosas y un sabor acre a bayas con toques de especias. Compra Purple Haze online en Alemania. cubierto de resina pegajosa. Tiene un aroma dulce a bayas terrosas y un sabor acre a bayas con toques de especias. Compra Purple Haze online en Alemania.<\/p>","protected":false},"excerpt":{"rendered":"<p>Los niveles de THC rondan el 13,5% en la mayor\u00eda de las variedades sativas. La Purple Haze tiene entre un 13% y un 20% de THC. La potencia del cogollo espec\u00edfico que tengas en tus manos jugar\u00e1 un papel clave en la intensidad de tu subid\u00f3n.<\/p>\n<p>&nbsp;<\/p>","protected":false},"featured_media":683,"comment_status":"open","ping_status":"closed","template":"","meta":{"om_disable_all_campaigns":false,"_monsterinsights_skip_tracking":false,"_monsterinsights_sitenote_active":false,"_monsterinsights_sitenote_note":"","_monsterinsights_sitenote_category":0},"product_brand":[],"product_cat":[126,245],"product_tag":[],"class_list":{"0":"post-682","1":"product","2":"type-product","3":"status-publish","4":"has-post-thumbnail","6":"product_cat-blumen","7":"product_cat-hybrid-sorten","9":"first","10":"instock","11":"shipping-taxable","12":"purchasable","13":"product-type-variable"},"_links":{"self":[{"href":"https:\/\/caliweedonlineshop.com\/es\/wp-json\/wp\/v2\/product\/682","targetHints":{"allow":["GET"]}}],"collection":[{"href":"https:\/\/caliweedonlineshop.com\/es\/wp-json\/wp\/v2\/product"}],"about":[{"href":"https:\/\/caliweedonlineshop.com\/es\/wp-json\/wp\/v2\/types\/product"}],"replies":[{"embeddable":true,"href":"https:\/\/caliweedonlineshop.com\/es\/wp-json\/wp\/v2\/comments?post=682"}],"wp:featuredmedia":[{"embeddable":true,"href":"https:\/\/caliweedonlineshop.com\/es\/wp-json\/wp\/v2\/media\/683"}],"wp:attachment":[{"href":"https:\/\/caliweedonlineshop.com\/es\/wp-json\/wp\/v2\/media?parent=682"}],"wp:term":[{"taxonomy":"product_brand","embeddable":true,"href":"https:\/\/caliweedonlineshop.com\/es\/wp-json\/wp\/v2\/product_brand?post=682"},{"taxonomy":"product_cat","embeddable":true,"href":"https:\/\/caliweedonlineshop.com\/es\/wp-json\/wp\/v2\/product_cat?post=682"},{"taxonomy":"product_tag","embeddable":true,"href":"https:\/\/caliweedonlineshop.com\/es\/wp-json\/wp\/v2\/product_tag?post=682"}],"curies":[{"name":"wp","href":"https:\/\/api.w.org\/{rel}","templated":true}]}}