{"id":688,"date":"2023-01-14T18:32:28","date_gmt":"2023-01-14T18:32:28","guid":{"rendered":"https:\/\/caliweedonlineshop.com\/?post_type=product&#038;p=688"},"modified":"2023-05-17T20:08:15","modified_gmt":"2023-05-17T20:08:15","slug":"purple-punch-2","status":"publish","type":"product","link":"https:\/\/caliweedonlineshop.com\/es\/product\/purple-punch-2\/","title":{"rendered":"purple punch"},"content":{"rendered":"<h1>Comprar ponche morado en l\u00ednea Reino Unido<\/h1>\n<p>Comprar Purple Punch en l\u00ednea. Gracias a los criadores de Mystery del Reino Unido, Purple Punch entr\u00f3 en nuestras vidas, ya que este potente cogollo ofrece una explosi\u00f3n de sabor con un efecto que seguir\u00e1s deseando. Cruzar la Granddaddy Purple con la Larry OG fue una buena idea, ya que esta variedad de dominancia \u00edndica saca lo mejor de ambos padres. Las personas que deseen un subid\u00f3n mental y f\u00edsico igualmente potente deber\u00edan probar esta cepa. Comprar mezcla para pastel\/Minntz<\/p>\n<p>Si bien no suena muy fuerte con un 20 % de THC, la Purple Punch tambi\u00e9n contiene un 1 % de CBD y te golpea como un Mack Truck. Las pepitas son muy esponjosas y brillantes con un tono ne\u00f3n acompa\u00f1ado de pistilos rojizos y tricomas \u00e1mbar. Algunos describir\u00edan los aromas y sabores de este cogollo como una bofetada, y con raz\u00f3n, ya que est\u00e1 presente una fuerte nota de Grape Kool-Aid. Sin embargo, esto se compensa con otros deliciosos sabores como ar\u00e1ndanos, vainilla y hierbas. comprar Northern light<\/p>\n<p>El subid\u00f3n de Purple Punch comienza con toda su fuerza, ya que una poderosa estimulaci\u00f3n cerebral te golpea justo detr\u00e1s de los ojos. El estado de \u00e1nimo se eleva con facilidad y casi te sentir\u00e1s como un globo que se eleva hacia el cielo. A medida que literalmente se eleva m\u00e1s y m\u00e1s alto, los efectos f\u00edsicos se activan y ayudan a equilibrar las cosas con un fuerte estado de sedaci\u00f3n. Dependiendo de tu tolerancia, este es el momento ideal para acurrucarte e irte a dormir, o al menos el momento de la noche para ver tu pel\u00edcula favorita y relajarte.Mintz<\/p>\n<p>La Purple Punch es conocida por su capacidad para levantar el \u00e1nimo con facilidad, por lo que no es de extra\u00f1ar que los usuarios medicinales recurran a ella cuando se sienten deprimidos. Tanto el estr\u00e9s como la depresi\u00f3n se alivian con relativa rapidez, y el dolor f\u00edsico tambi\u00e9n se trata con facilidad. Si tiene dolor de cabeza, calambres, espasmos musculares o cualquier otra dolencia, recurra a Purple Punch. Por supuesto, este cogollo tambi\u00e9n es excelente para las personas que luchan regularmente contra el insomnio.<\/p>\n<p>Si te has enamorado de esta variedad, lo m\u00e1s probable es que quieras llev\u00e1rtela a casa y hacerla tuya. Afortunadamente, las semillas de Purple Punch son muy f\u00e1ciles de obtener, y despu\u00e9s de solo 8 a 10 semanas, esperar\u00e1s un rendimiento muy alto. Las especificaciones de cultivo son un poco confusas en esta variedad, pero sabemos que se puede cultivar f\u00e1cilmente tanto en interiores como en exteriores. Compre Pluto Cookies en l\u00ednea.<\/p>\n<p>Si quieres deleitar tus papilas gustativas y tener una experiencia cann\u00e1bica verdaderamente inolvidable, Purple Punch es para ti. Este brote est\u00e1 disponible en muchas ubicaciones en todo el pa\u00eds, as\u00ed que pru\u00e9balo y observa c\u00f3mo se desvanecen todas tus preocupaciones. sue\u00f1o azul<\/p>","protected":false},"excerpt":{"rendered":"<p>Purple Punch es la fusi\u00f3n dulce y relajante de dos cl\u00e1sicos de dominancia \u00edndica. Al cruzar Larry OG con Granddaddy Purple, la incre\u00edble...<\/p>\n<p>&nbsp;<\/p>","protected":false},"featured_media":689,"comment_status":"open","ping_status":"closed","template":"","meta":{"om_disable_all_campaigns":false,"_monsterinsights_skip_tracking":false,"_monsterinsights_sitenote_active":false,"_monsterinsights_sitenote_note":"","_monsterinsights_sitenote_category":0},"product_brand":[],"product_cat":[126,245,351],"product_tag":[],"class_list":{"0":"post-688","1":"product","2":"type-product","3":"status-publish","4":"has-post-thumbnail","6":"product_cat-blumen","7":"product_cat-hybrid-sorten","8":"product_cat-marken-cannabis","10":"first","11":"instock","12":"featured","13":"shipping-taxable","14":"purchasable","15":"product-type-variable"},"_links":{"self":[{"href":"https:\/\/caliweedonlineshop.com\/es\/wp-json\/wp\/v2\/product\/688","targetHints":{"allow":["GET"]}}],"collection":[{"href":"https:\/\/caliweedonlineshop.com\/es\/wp-json\/wp\/v2\/product"}],"about":[{"href":"https:\/\/caliweedonlineshop.com\/es\/wp-json\/wp\/v2\/types\/product"}],"replies":[{"embeddable":true,"href":"https:\/\/caliweedonlineshop.com\/es\/wp-json\/wp\/v2\/comments?post=688"}],"wp:featuredmedia":[{"embeddable":true,"href":"https:\/\/caliweedonlineshop.com\/es\/wp-json\/wp\/v2\/media\/689"}],"wp:attachment":[{"href":"https:\/\/caliweedonlineshop.com\/es\/wp-json\/wp\/v2\/media?parent=688"}],"wp:term":[{"taxonomy":"product_brand","embeddable":true,"href":"https:\/\/caliweedonlineshop.com\/es\/wp-json\/wp\/v2\/product_brand?post=688"},{"taxonomy":"product_cat","embeddable":true,"href":"https:\/\/caliweedonlineshop.com\/es\/wp-json\/wp\/v2\/product_cat?post=688"},{"taxonomy":"product_tag","embeddable":true,"href":"https:\/\/caliweedonlineshop.com\/es\/wp-json\/wp\/v2\/product_tag?post=688"}],"curies":[{"name":"wp","href":"https:\/\/api.w.org\/{rel}","templated":true}]}}