{"id":694,"date":"2023-01-14T18:38:33","date_gmt":"2023-01-14T18:38:33","guid":{"rendered":"https:\/\/caliweedonlineshop.com\/?post_type=product&#038;p=694"},"modified":"2023-04-18T21:00:09","modified_gmt":"2023-04-18T21:00:09","slug":"runtz","status":"publish","type":"product","link":"https:\/\/caliweedonlineshop.com\/es\/product\/runtz\/","title":{"rendered":"Runtz"},"content":{"rendered":"<h1>Comprar Runtz Weed en l\u00ednea<\/h1>\n<p>Compre hierba Runtz en l\u00ednea, Zkittlez es un h\u00edbrido indica dominante <a href=\"https:\/\/www.wikileaf.com\/strain\/grape-ape\/\" target=\"_blank\" rel=\"noopener\">Grape Ape<\/a> und <a href=\"https:\/\/www.hytiva.com\/strains\/sativa\/grapefruit\" target=\"_blank\" rel=\"noopener\">Grapefruit<\/a>que con otro<\/p>\n<p>se cruz\u00f3 para producir este cannabis con sabor a caramelo creado por 3rd Gen Family y Terp Hogs. Este precio<\/p>\n<p>la combinaci\u00f3n ganadora obtuvo el 1er lugar en la Emerald Cup 2016 y el 1er lugar Indica en las Cannabis Cups 2015 en San. compre Diamond OG Hash<\/p>\n<p>Runtz, la cepa publicitada de la familia Cookies, es un cruce entre Zkittlez y Gelato que es raro y buscado. Celebrada por su perfil incre\u00edblemente afrutado que huele a una bolsa de caramelos, la cepa tiene cogollos empapados de resina que var\u00edan en color desde el p\u00farpura intenso hasta el verde lima. Runtz tambi\u00e9n es conocida por su humo cremoso, suave y tentador.<\/p>\n<p>junto con un subid\u00f3n euf\u00f3rico y edificante que dura horas. Comprar hierba online en Europa<\/p>\n<h2>Comprar Runtz Weed en l\u00ednea<\/h2>\n<h4>Indica-dominanter Hybrid &#8211; 70% Indica \/ 30% Sativa<br \/>\nTHC: 13% &#8211; 15%<\/h4>\n<p>Compra tambi\u00e9n Runtz <a href=\"https:\/\/caliweedonlineshop.com\/index.php\/product\/blue-skittlez\/\">Zkittlez<\/a> es una mezcla \u00edndica dominante de Grape Ape y Grapefruit cruzada con otra cepa sin nombre para crear este cannabis con sabor a caramelo, criado por 3rd Gen Family y Terp Hogs. Esta combinaci\u00f3n galardonada obtuvo el primer lugar en la Emerald Cup de 2016 y el primer lugar indica en las Cannabis Cups de 2015 en San Francisco y Michigan. Las colas gruesas explotan en un espectro de tonos verdes brillantes y exudan una mezcla dulce y tropical de sabores frutales. Los efectos de Zkittlez son sorprendentemente edificantes para una \u00edndica, dejando a los usuarios concentrados, despiertos y felices mientras relajan el cuerpo para relajarse en cualquier momento del d\u00eda.<\/p>\n<h3>Comprar marihuana Zkittlez online<\/h3>\n<p>Francisco y Michigan. Las colas gruesas explotan en un espectro de tonos verdes brillantes y emiten. comprar Fire OG<\/p>\n<p>una mezcla dulce y tropical de sabores frutales. El efecto de Zkittlez es incre\u00edblemente estimulante y relajante para una \u00edndica.<\/p>\n<p>Los consumidores se mantienen concentrados, despiertos y felices mientras relajan el cuerpo para relajarse en cualquier momento del d\u00eda. Comprar Runtz Weed en l\u00ednea<\/p>\n<p>&nbsp;<\/p>\n<p>&nbsp;<\/p>\n<p>&nbsp;<\/p>","protected":false},"excerpt":{"rendered":"<p>Runtz Weed Online kaufen Buy Runtz weed Online, Zkittlez ist eine Indica-dominante Mischung aus Grape Ape und Grapefruit, die mit einer anderen gekreuzt wurde, um dieses Cannabis mit S\u00fc\u00dfigkeitengeschmack zu produzieren, das von 3rd Gen Family und Terp Hogs gez\u00fcchtet wurde. Diese preis- die siegreiche Kombination belegte den 1. Platz beim Emerald Cup 2016 und [&hellip;]<\/p>","protected":false},"featured_media":695,"comment_status":"open","ping_status":"closed","template":"","meta":{"om_disable_all_campaigns":false,"_monsterinsights_skip_tracking":false,"_monsterinsights_sitenote_active":false,"_monsterinsights_sitenote_note":"","_monsterinsights_sitenote_category":0},"product_brand":[],"product_cat":[126,245,351],"product_tag":[],"class_list":{"0":"post-694","1":"product","2":"type-product","3":"status-publish","4":"has-post-thumbnail","6":"product_cat-blumen","7":"product_cat-hybrid-sorten","8":"product_cat-marken-cannabis","10":"first","11":"instock","12":"featured","13":"shipping-taxable","14":"purchasable","15":"product-type-variable"},"_links":{"self":[{"href":"https:\/\/caliweedonlineshop.com\/es\/wp-json\/wp\/v2\/product\/694","targetHints":{"allow":["GET"]}}],"collection":[{"href":"https:\/\/caliweedonlineshop.com\/es\/wp-json\/wp\/v2\/product"}],"about":[{"href":"https:\/\/caliweedonlineshop.com\/es\/wp-json\/wp\/v2\/types\/product"}],"replies":[{"embeddable":true,"href":"https:\/\/caliweedonlineshop.com\/es\/wp-json\/wp\/v2\/comments?post=694"}],"wp:featuredmedia":[{"embeddable":true,"href":"https:\/\/caliweedonlineshop.com\/es\/wp-json\/wp\/v2\/media\/695"}],"wp:attachment":[{"href":"https:\/\/caliweedonlineshop.com\/es\/wp-json\/wp\/v2\/media?parent=694"}],"wp:term":[{"taxonomy":"product_brand","embeddable":true,"href":"https:\/\/caliweedonlineshop.com\/es\/wp-json\/wp\/v2\/product_brand?post=694"},{"taxonomy":"product_cat","embeddable":true,"href":"https:\/\/caliweedonlineshop.com\/es\/wp-json\/wp\/v2\/product_cat?post=694"},{"taxonomy":"product_tag","embeddable":true,"href":"https:\/\/caliweedonlineshop.com\/es\/wp-json\/wp\/v2\/product_tag?post=694"}],"curies":[{"name":"wp","href":"https:\/\/api.w.org\/{rel}","templated":true}]}}