{"id":700,"date":"2023-01-14T18:45:45","date_gmt":"2023-01-14T18:45:45","guid":{"rendered":"https:\/\/caliweedonlineshop.com\/?post_type=product&#038;p=700"},"modified":"2023-01-16T07:01:30","modified_gmt":"2023-01-16T07:01:30","slug":"sherblato","status":"publish","type":"product","link":"https:\/\/caliweedonlineshop.com\/es\/product\/sherblato\/","title":{"rendered":"Sherblato"},"content":{"rendered":"<h1>Compre la variedad de marihuana Sherblato en l\u00ednea en Austria<\/h1>\n<p>Compre la variedad de marihuana Sherblato en l\u00ednea en Austria. Sherblato es una rara sativa dominante <a href=\"https:\/\/caliweedonlineshop.com\/index.php\/product-category\/blumen\/hybrid-sorten\/\">Hybrid-Sorte<\/a>, provocada por una deliciosa combinaci\u00f3n de la infame <a href=\"https:\/\/www.hytiva.com\/strains\/hybrid\/sherbert\" target=\"_blank\" rel=\"noopener\">Sherbet<\/a> X <a href=\"https:\/\/caliweedonlineshop.com\/index.php\/product\/gelato\/\">Gelato<\/a>- Surgieron variedades. Llamada as\u00ed por su sabor s\u00faper delicioso, Sherblato aporta un sabor s\u00faper afrutado con una exhalaci\u00f3n c\u00edtrica tropical ligeramente \u00e1cida con cada calada. El aroma sigue el mismo perfil, aunque con un trasfondo gaseoso y picante que tiene toques de galleta de nuez. El subid\u00f3n de Sherblato es tan delicioso como el sabor, con efectos de piedra que te har\u00e1n entrar en una profunda introspecci\u00f3n despu\u00e9s de unas pocas caladas. El subid\u00f3n comienza en la cabeza con un zumbido relajante que llena tu mente con pensamientos felices y desenfocados antes de desvanecerlos en una neblina dichosa y olvidadiza. Tu mente sigue calm\u00e1ndose. Sherblato es un fuerte h\u00edbrido de dominancia \u00edndica que tiene un gran impacto. La encrucijada que hace Sherblato son Sherbert y Gelato! Cuando abre la botella de Sherblato por primera vez, huele un fuerte olor a gas que es muy picante pero con una segunda explosi\u00f3n de una galleta fuerte que r\u00e1pidamente supera el gas. Al fumar, se liberan notas c\u00edtricas dulces, dejando un regusto reconocible a galleta. Comprar Cherry Pie Esta variedad es conocida por sus propiedades curativas que alivian el dolor cr\u00f3nico sin convertirte en un teleadicto. Sherblato es un fuerte h\u00edbrido de dominancia \u00edndica que tiene un gran impacto. \u00a1Los cruces que hacen Sherblato son Sherbert y Gelato! Cuando abres la botella de Sherblato por primera vez, hueles un fuerte olor a gas que es muy picante, una segunda explosi\u00f3n de una galleta fuerte que r\u00e1pidamente supera el gas. Cuando abre la botella de Sherblato por primera vez, huele un fuerte olor a gas que es muy picante pero con una segunda explosi\u00f3n de una galleta fuerte que r\u00e1pidamente supera el gas. Al fumar, se liberan notas c\u00edtricas dulces, dejando un regusto reconocible a galleta. Comprar Cherry Pie Esta variedad es conocida por sus propiedades curativas que alivian el dolor cr\u00f3nico sin convertirte en un teleadicto. Sherblato es un fuerte h\u00edbrido \u00edndica dominante que tiene un gran impacto. \u00a1Los cruces que hacen Sherblato son Sherbert y Gelato! Cuando abres la botella de Sherblato por primera vez, hueles un fuerte olor a gas que es muy picante, una segunda explosi\u00f3n de una galleta fuerte que r\u00e1pidamente supera el gas. Cuando abre la botella de Sherblato por primera vez, huele un fuerte olor a gas que es muy picante pero con una segunda explosi\u00f3n de una galleta fuerte que r\u00e1pidamente supera el gas. Al fumar, se liberan notas c\u00edtricas dulces, dejando un regusto reconocible a galleta. Comprar Cherry Pie Esta variedad es conocida por sus propiedades curativas que alivian el dolor cr\u00f3nico sin convertirte en un teleadicto. Sherblato es un fuerte h\u00edbrido de dominancia \u00edndica que tiene un gran impacto. \u00a1Los cruces que hacen Sherblato son Sherbert y Gelato! Cuando abres la botella de Sherblato por primera vez, hueles un fuerte olor a gas que es muy picante, una segunda explosi\u00f3n de una galleta fuerte que r\u00e1pidamente supera el gas. que es muy picante, pero con una segunda explosi\u00f3n de una poderosa galleta que r\u00e1pidamente abruma el gas. Al fumar, se liberan notas c\u00edtricas dulces, dejando un regusto reconocible a galleta. Comprar Cherry Pie Esta variedad es conocida por sus propiedades curativas que alivian el dolor cr\u00f3nico sin convertirte en un teleadicto. Sherblato es un fuerte h\u00edbrido de dominancia \u00edndica que tiene un gran impacto. \u00a1Los cruces que hacen Sherblato son Sherbert y Gelato! Cuando abres la botella de Sherblato por primera vez, hueles un fuerte olor a gas que es muy picante, una segunda explosi\u00f3n de una galleta fuerte que r\u00e1pidamente supera el gas. que es muy picante, pero con una segunda explosi\u00f3n de una poderosa galleta que r\u00e1pidamente abruma el gas. Al fumar, se liberan notas c\u00edtricas dulces, dejando un regusto reconocible a galleta. Comprar Cherry Pie Esta variedad es conocida por sus propiedades curativas que alivian el dolor cr\u00f3nico sin convertirte en un teleadicto. Sherblato es un fuerte h\u00edbrido de dominancia \u00edndica que tiene un gran impacto. \u00a1Los cruces que hacen Sherblato son Sherbert y Gelato! Cuando abre la botella de Sherblato por primera vez, huele un fuerte olor a gas que es muy picante, una segunda explosi\u00f3n de una galleta fuerte que r\u00e1pidamente supera el gas. Al fumar, se liberan notas c\u00edtricas dulces, dejando un regusto reconocible a galleta. Comprar Cherry Pie Esta variedad es conocida por sus propiedades curativas que alivian el dolor cr\u00f3nico sin convertirte en un teleadicto. Sherblato es un fuerte h\u00edbrido de dominancia \u00edndica que tiene un gran impacto. \u00a1Los cruces que hacen Sherblato son Sherbert y Gelato! Cuando abres la botella de Sherblato por primera vez, hueles un fuerte olor a gas que es muy picante, una segunda explosi\u00f3n de una galleta fuerte que r\u00e1pidamente supera el gas. Al fumar, se liberan notas c\u00edtricas dulces, dejando un regusto reconocible a galleta. Comprar Cherry Pie Esta variedad es conocida por sus propiedades curativas que alivian el dolor cr\u00f3nico sin convertirte en un teleadicto. Sherblato es un fuerte h\u00edbrido de dominancia \u00edndica que tiene un gran impacto. \u00a1Los cruces que hacen Sherblato son Sherbert y Gelato! Cuando abre la botella de Sherblato por primera vez, huele un fuerte olor a gas que es muy picante, una segunda explosi\u00f3n de una galleta fuerte que r\u00e1pidamente supera el gas. quien lo tiene todo! \u00a1Los cruces que hacen Sherblato son Sherbert y Gelato! Cuando abre la botella de Sherblato por primera vez, huele un fuerte olor a gas que es muy picante, una segunda explosi\u00f3n de una galleta fuerte que r\u00e1pidamente supera el gas. quien lo tiene todo! \u00a1Los cruces que hacen Sherblato son Sherbert y Gelato! Cuando abre la botella de Sherblato por primera vez, huele un fuerte olor a gas que es muy picante, una segunda explosi\u00f3n de una galleta fuerte que r\u00e1pidamente supera el gas.<\/p>\n<h2>Comprar variedad de marihuana Sherblato online en Austria<\/h2>\n<p>Se liberan notas c\u00edtricas dulces y ahumadas que dejan un regusto reconocible a galleta. Member Berry Esta cepa es conocida por sus propiedades curativas, aliviando el dolor cr\u00f3nico sin convertirte en un teleadicto.<br \/>\nSativa-dominanter Hybrid -70% Sativa \/ 30% Indica<br \/>\nTHC: 21% &#8211; 22%.<\/p>","protected":false},"excerpt":{"rendered":"<p>Sherblato es una rara cepa h\u00edbrida sativa dominante creada por una deliciosa combinaci\u00f3n de las infames cepas Sherbet X Gelato. Llamada as\u00ed por su sabor s\u00faper delicioso, Sherblato aporta un sabor s\u00faper afrutado con una exhalaci\u00f3n de c\u00edtricos tropicales ligeramente \u00e1cidos con cada calada.<\/p>\n<p>&nbsp;<\/p>","protected":false},"featured_media":701,"comment_status":"open","ping_status":"closed","template":"","meta":{"om_disable_all_campaigns":false,"_monsterinsights_skip_tracking":false,"_monsterinsights_sitenote_active":false,"_monsterinsights_sitenote_note":"","_monsterinsights_sitenote_category":0},"product_brand":[],"product_cat":[126,245,351],"product_tag":[202,203,322],"class_list":{"0":"post-700","1":"product","2":"type-product","3":"status-publish","4":"has-post-thumbnail","6":"product_cat-blumen","7":"product_cat-hybrid-sorten","8":"product_cat-marken-cannabis","9":"product_tag-alice-brownies-online-kaufen-in-new-york","10":"product_tag-cdb-brownies-online-kaufen-in-texas","11":"product_tag-kekspackung-online-kaufen-in-maine","13":"first","14":"instock","15":"featured","16":"shipping-taxable","17":"purchasable","18":"product-type-variable"},"_links":{"self":[{"href":"https:\/\/caliweedonlineshop.com\/es\/wp-json\/wp\/v2\/product\/700","targetHints":{"allow":["GET"]}}],"collection":[{"href":"https:\/\/caliweedonlineshop.com\/es\/wp-json\/wp\/v2\/product"}],"about":[{"href":"https:\/\/caliweedonlineshop.com\/es\/wp-json\/wp\/v2\/types\/product"}],"replies":[{"embeddable":true,"href":"https:\/\/caliweedonlineshop.com\/es\/wp-json\/wp\/v2\/comments?post=700"}],"wp:featuredmedia":[{"embeddable":true,"href":"https:\/\/caliweedonlineshop.com\/es\/wp-json\/wp\/v2\/media\/701"}],"wp:attachment":[{"href":"https:\/\/caliweedonlineshop.com\/es\/wp-json\/wp\/v2\/media?parent=700"}],"wp:term":[{"taxonomy":"product_brand","embeddable":true,"href":"https:\/\/caliweedonlineshop.com\/es\/wp-json\/wp\/v2\/product_brand?post=700"},{"taxonomy":"product_cat","embeddable":true,"href":"https:\/\/caliweedonlineshop.com\/es\/wp-json\/wp\/v2\/product_cat?post=700"},{"taxonomy":"product_tag","embeddable":true,"href":"https:\/\/caliweedonlineshop.com\/es\/wp-json\/wp\/v2\/product_tag?post=700"}],"curies":[{"name":"wp","href":"https:\/\/api.w.org\/{rel}","templated":true}]}}