{"id":706,"date":"2023-01-14T18:48:53","date_gmt":"2023-01-14T18:48:53","guid":{"rendered":"https:\/\/caliweedonlineshop.com\/?post_type=product&#038;p=706"},"modified":"2023-01-16T07:01:30","modified_gmt":"2023-01-16T07:01:30","slug":"sinmint","status":"publish","type":"product","link":"https:\/\/caliweedonlineshop.com\/es\/product\/sinmint\/","title":{"rendered":"Sinmint"},"content":{"rendered":"<h1>Comprar variedad de marihuana Sinmint en l\u00ednea Suecia<\/h1>\n<p>Compre Sinmint Marijuana Strain Online Suecia, tambi\u00e9n conocida como \"SinMint Cookies\", es una variedad h\u00edbrida ligeramente \u00edndica dominante (60% indica\/40% sativa) creada al cruzar las deliciosas variedades Girl Scout Cookies X Blue Power. Con padres como estos, sabes que Sinmint tendr\u00e1 un sabor incre\u00edblemente adictivo y un efecto alucinante. Se dice que Sinmint sabe como una galleta de menta dulce, con un toque de Kush al exhalar que es sorprendentemente delicioso. El aroma es m\u00e1s o menos el mismo, aunque es un poco m\u00e1s terroso que el sabor. Los cogollos Sinmint tienen cogollos de gran tama\u00f1o, largos, picantes, de color verde ne\u00f3n con pelos de color \u00e1mbar claro y una capa de menta de tricomas de cristal. El subid\u00f3n Sinmint es tan adictivo como su sabor, con efectos euf\u00f3ricos y hormigueantes.<\/p>\n<p>SinMint Cookies es el cruce caracter\u00edstico de Sin City Seeds entre Girl Scout Cookies y Blue Power. SinMint Cookies ofrece un poderoso efecto euf\u00f3rico que har\u00e1 flotar felizmente tu mente lejos del estr\u00e9s del d\u00eda. Su aroma es una sutil mezcla de dulzura terrosa con un toque de menta picante.<\/p>\n<h2>Comprar variedad de marihuana Sinmint en l\u00ednea Suecia<\/h2>","protected":false},"excerpt":{"rendered":"<p>SinMint es un h\u00edbrido \u00edndica dominante desarrollado por Sin City Seeds. Derivada de las exclusivas Girl Scout Cookies, esta variedad tiene el exclusivo sabor a nuez de las Cookies con un toque mentolado a\u00f1adido.<\/p>\n<p>&nbsp;<\/p>","protected":false},"featured_media":707,"comment_status":"open","ping_status":"closed","template":"","meta":{"om_disable_all_campaigns":false,"_monsterinsights_skip_tracking":false,"_monsterinsights_sitenote_active":false,"_monsterinsights_sitenote_note":"","_monsterinsights_sitenote_category":0},"product_brand":[],"product_cat":[126,245,351],"product_tag":[],"class_list":{"0":"post-706","1":"product","2":"type-product","3":"status-publish","4":"has-post-thumbnail","6":"product_cat-blumen","7":"product_cat-hybrid-sorten","8":"product_cat-marken-cannabis","10":"first","11":"instock","12":"featured","13":"shipping-taxable","14":"purchasable","15":"product-type-variable"},"_links":{"self":[{"href":"https:\/\/caliweedonlineshop.com\/es\/wp-json\/wp\/v2\/product\/706","targetHints":{"allow":["GET"]}}],"collection":[{"href":"https:\/\/caliweedonlineshop.com\/es\/wp-json\/wp\/v2\/product"}],"about":[{"href":"https:\/\/caliweedonlineshop.com\/es\/wp-json\/wp\/v2\/types\/product"}],"replies":[{"embeddable":true,"href":"https:\/\/caliweedonlineshop.com\/es\/wp-json\/wp\/v2\/comments?post=706"}],"wp:featuredmedia":[{"embeddable":true,"href":"https:\/\/caliweedonlineshop.com\/es\/wp-json\/wp\/v2\/media\/707"}],"wp:attachment":[{"href":"https:\/\/caliweedonlineshop.com\/es\/wp-json\/wp\/v2\/media?parent=706"}],"wp:term":[{"taxonomy":"product_brand","embeddable":true,"href":"https:\/\/caliweedonlineshop.com\/es\/wp-json\/wp\/v2\/product_brand?post=706"},{"taxonomy":"product_cat","embeddable":true,"href":"https:\/\/caliweedonlineshop.com\/es\/wp-json\/wp\/v2\/product_cat?post=706"},{"taxonomy":"product_tag","embeddable":true,"href":"https:\/\/caliweedonlineshop.com\/es\/wp-json\/wp\/v2\/product_tag?post=706"}],"curies":[{"name":"wp","href":"https:\/\/api.w.org\/{rel}","templated":true}]}}