{"id":712,"date":"2023-01-14T18:53:32","date_gmt":"2023-01-14T18:53:32","guid":{"rendered":"https:\/\/caliweedonlineshop.com\/?post_type=product&#038;p=712"},"modified":"2023-05-13T13:16:25","modified_gmt":"2023-05-13T13:16:25","slug":"sour-diesel","status":"publish","type":"product","link":"https:\/\/caliweedonlineshop.com\/es\/product\/sour-diesel\/","title":{"rendered":"Sour diesel"},"content":{"rendered":"<h1>Compre Sour Diesel En L\u00ednea En Dinamarca<\/h1>\n<p>Compre Sour Diesel en l\u00ednea en Dinamarca. El subid\u00f3n en\u00e9rgico y positivo de Sour Diesel hace que sea f\u00e1cil ver por qu\u00e9 la cepa es tan popular en los Estados Unidos. Ha generado cepas populares y sabrosas como Sour Tsunami y Sour Jack, al tiempo que ha inspirado cepas como NYC Diesel que imitan su sabor \u00fanico. Igualmente agradable en entornos sociales animados como cuando se consume solo, su combinaci\u00f3n de efectos f\u00edsicos y mentales la hace lo suficientemente vers\u00e1til como para adaptarse al prop\u00f3sito del usuario. La Sour Diesel, a veces abreviada como Sour D, es una cepa extremadamente popular caracterizada por el olor qu\u00edmico a combustible de sus cogollos. Tiene un subid\u00f3n principalmente sativa con algunos indicadores sutiles de relajaci\u00f3n f\u00edsica, lo que la hace popular entre los usuarios recreativos y medicinales por igual. Es una cepa potente con niveles de THC medidos entre el 20% y el 25%. Compre tabletas de diazepam de 10 mg en l\u00ednea.<\/p>\n<p>Dado que el mercado clandestino de cannabis de los a\u00f1os 80 y 90 funcionaba sin ning\u00fan tipo de documentaci\u00f3n permanente, se desconoce el origen exacto de la Sour Diesel. Aunque no existe un acuerdo definitivo sobre su composici\u00f3n gen\u00e9tica original, la popularidad de la Sour Diesel la ha convertido en objeto de muchas especulaciones. Algunos creen que la verdadera Sour Diesel se origin\u00f3 como un fenotipo distinto de una variedad original llamada Diesel. Otros dicen que era un fenotipo de Chemdawg que se inclinaba m\u00e1s hacia la sativa que hacia la \u00edndica. Otros afirman que era un cruce entre Chemdawg y Northern Lights, o tal vez Chemdawg, Northern Lights y Skunk #1. Comprar Sour Diesel en l\u00ednea en Dinamarca<\/p>\n<p>Compra Sour Diesel en Nueva York. La Sour Diesel tiene cogollos redondos de tama\u00f1o mediano con hojas de color verde amarillento. Los pelos rojos llamados pistilos, estructuras que sirven para atrapar el polen de las plantas macho, contrastan con las hojas densamente pobladas. Cuando se cura correctamente, los cogollos son un poco pegajosos: los tricomas no son tan evidentes como en variedades m\u00e1s resinosas como la White Widow. Sin embargo, abrir los cogollos revela tricomas que cubren el interior de los densos cogollos. Los cogollos tienen un olor abrumador que, fiel al nombre de esta variedad, es muy similar a la gasolina. El olor tambi\u00e9n tiene toques de naranja. Romper o triturar los cogollos intensifica a\u00fan m\u00e1s este olor, a\u00f1adiendo componentes de almizcle y savia de pino. Sour Diesel tiene un humo notoriamente picante y acre que puede hacer que los usuarios tosan o se desgarren los senos paranasales. El humo tiene un sabor agrio y vagamente skunk que muchos describen como desagradable; al exhalar, el sabor casi a amon\u00edaco del diesel pica el paladar y puede persistir por mucho tiempo. Se debe advertir a los fumadores que intentan mantenerse discretos que se trata de una variedad muy picante y que el olor se puede detectar desde una gran distancia. Compre Sour Diesel en l\u00ednea en Dinamarca. al exhalar, el sabor casi a amon\u00edaco del diesel pica el paladar y puede persistir por mucho tiempo. Se debe advertir a los fumadores que intentan mantenerse discretos que se trata de una variedad muy picante y que el olor se puede detectar desde una gran distancia. Compre Sour Diesel en l\u00ednea en Dinamarca. al exhalar, el sabor casi a amon\u00edaco del diesel pica el paladar y puede persistir por mucho tiempo. Se debe advertir a los fumadores que intentan mantenerse discretos que se trata de una variedad muy picante y que el olor se puede detectar desde una gran distancia. Compre Sour Diesel en l\u00ednea en Dinamarca.<\/p>\n<h2>Comprar Sour Diesel en l\u00ednea en Dinamarca<\/h2>\n<p>El subid\u00f3n de la Sour Diesel golpea r\u00e1pidamente a los usuarios en forma de un c\u00e1lido y agradable dolor de cabeza. Tambi\u00e9n se puede sentir un impulso en el estado de \u00e1nimo. Aunque la Sour Diesel estimula la actividad sin\u00e1ptica en el cerebro, el car\u00e1cter de este subid\u00f3n mental es m\u00e1s espacial que intensamente cerebral. Los consumidores pueden sentirse habladores cuando est\u00e1n rodeados de otros, o algo introspectivos cuando disfrutan de la variedad solos. Para muchos, este elevado vuelo est\u00e1 anclado en parte por una ligera sensaci\u00f3n de relajaci\u00f3n f\u00edsica. Sin embargo, la relajaci\u00f3n f\u00edsica que lleva a quedarse tirado en el sof\u00e1 es rara. La sensaci\u00f3n de euforia que acompa\u00f1a a esta cepa puede ser \u00fatil para tratar algunos s\u00edntomas de estr\u00e9s leve, ansiedad o depresi\u00f3n. Su tendencia hacia el pensamiento asociativo puede evocar un poco de inspiraci\u00f3n creativa. Los fan\u00e1ticos de esta cepa tambi\u00e9n describen el alivio de los molestos dolores. La combinaci\u00f3n de efectos mentales y som\u00e1ticos de Sour Diesel tambi\u00e9n puede convertirla en un poderoso afrodis\u00edaco en ciertas situaciones. Como es com\u00fan con muchas sativas fuertes, el estado mental alterado que induce Sour Diesel puede resultar abrumador para algunos, lo que lleva a un pensamiento paranoico, recursivo o a una sensaci\u00f3n de falta de control sobre la mente o el cuerpo. Los usuarios, especialmente aquellos con una menor tolerancia al THC, deben ajustar su consumo en consecuencia. Comprar Florida Cake Jungleboys Sour Diesel tiene una duraci\u00f3n media alta que dura unas 2 a 3 horas. Compre Sour Diesel en l\u00ednea en Dinamarca. Comprar Gruntz en Connecticut<\/p>\n<p>Las semillas de Sour Diesel est\u00e1n empaquetadas y disponibles para la venta en varios bancos de semillas. Los criadores tambi\u00e9n pueden reproducir plantas como clones tomando esquejes de plantas adultas de la misma variedad. La Sour Diesel se puede cultivar en interior o exterior, aunque el cultivo al aire libre requiere un clima mediterr\u00e1neo semih\u00famedo con temperaturas diarias de entre 22 y 25 grados Fahrenheit. Las plantas son m\u00e1s t\u00edpicamente sativas que indicas, con una apariencia alta y en forma de huso y un amplio espacio entre los nudos florales. Las plantas pueden alcanzar m\u00e1s de un metro de altura, aumentando exponencialmente en altura durante la floraci\u00f3n. Cuando se cultiva en interiores, doblar las ramas y podarlas al principio de la etapa vegetativa puede ayudar a que las plantas encajen en el limitado espacio vertical. La Sour Diesel florece en 10 semanas en interior y alrededor de principios de noviembre en exterior. Tiene un rendimiento moderadamente alto: los cultivadores pueden esperar entre 42 y 56 gramos (o entre 1,5 y 2 onzas) por metro cuadrado de planta. Compre Sour Diesel en l\u00ednea en Dinamarca.<\/p>","protected":false},"excerpt":{"rendered":"<p>El subid\u00f3n en\u00e9rgico y positivo de Sour Diesel hace que sea f\u00e1cil ver por qu\u00e9 la variedad es tan popular en los Estados Unidos.<\/p>\n<p>&nbsp;<\/p>","protected":false},"featured_media":713,"comment_status":"open","ping_status":"closed","template":"","meta":{"om_disable_all_campaigns":false,"_monsterinsights_skip_tracking":false,"_monsterinsights_sitenote_active":false,"_monsterinsights_sitenote_note":"","_monsterinsights_sitenote_category":0},"product_brand":[],"product_cat":[126,245,351],"product_tag":[276,324,323,325,326,327,328,329,331,330],"class_list":{"0":"post-712","1":"product","2":"type-product","3":"status-publish","4":"has-post-thumbnail","6":"product_cat-blumen","7":"product_cat-hybrid-sorten","8":"product_cat-marken-cannabis","9":"product_tag-garrison-lane-in-virginia-kaufen","10":"product_tag-kekse-vorverpackt-in-new-york-kaufen","11":"product_tag-keksmischung-online-kaufen-in-maine","12":"product_tag-sour-diesel-in-chicago-kaufen","13":"product_tag-sour-diesel-in-denver-kaufen","14":"product_tag-sour-diesel-in-illinois-kaufen","15":"product_tag-sour-diesel-in-los-angeles-kaufen","16":"product_tag-sour-diesel-in-new-york-kaufen","17":"product_tag-sour-diesel-in-texas-kaufen","18":"product_tag-sour-diesel-kaufen-in-orleans","20":"first","21":"instock","22":"featured","23":"shipping-taxable","24":"purchasable","25":"product-type-variable"},"_links":{"self":[{"href":"https:\/\/caliweedonlineshop.com\/es\/wp-json\/wp\/v2\/product\/712","targetHints":{"allow":["GET"]}}],"collection":[{"href":"https:\/\/caliweedonlineshop.com\/es\/wp-json\/wp\/v2\/product"}],"about":[{"href":"https:\/\/caliweedonlineshop.com\/es\/wp-json\/wp\/v2\/types\/product"}],"replies":[{"embeddable":true,"href":"https:\/\/caliweedonlineshop.com\/es\/wp-json\/wp\/v2\/comments?post=712"}],"wp:featuredmedia":[{"embeddable":true,"href":"https:\/\/caliweedonlineshop.com\/es\/wp-json\/wp\/v2\/media\/713"}],"wp:attachment":[{"href":"https:\/\/caliweedonlineshop.com\/es\/wp-json\/wp\/v2\/media?parent=712"}],"wp:term":[{"taxonomy":"product_brand","embeddable":true,"href":"https:\/\/caliweedonlineshop.com\/es\/wp-json\/wp\/v2\/product_brand?post=712"},{"taxonomy":"product_cat","embeddable":true,"href":"https:\/\/caliweedonlineshop.com\/es\/wp-json\/wp\/v2\/product_cat?post=712"},{"taxonomy":"product_tag","embeddable":true,"href":"https:\/\/caliweedonlineshop.com\/es\/wp-json\/wp\/v2\/product_tag?post=712"}],"curies":[{"name":"wp","href":"https:\/\/api.w.org\/{rel}","templated":true}]}}