{"id":718,"date":"2023-01-14T19:00:03","date_gmt":"2023-01-14T19:00:03","guid":{"rendered":"https:\/\/caliweedonlineshop.com\/?post_type=product&#038;p=718"},"modified":"2023-01-14T19:00:03","modified_gmt":"2023-01-14T19:00:03","slug":"strawberry-kush","status":"publish","type":"product","link":"https:\/\/caliweedonlineshop.com\/es\/product\/strawberry-kush\/","title":{"rendered":"strawberry kush"},"content":{"rendered":"<h1>Comprar Strawberry Kush online<\/h1>\n<p>Compre Strawberry Kush en l\u00ednea: Strawberry Kush es una cepa fuerte y dulce que es una dama bien redondeada. Con su sabor a fresa almizclada, esta cepa hace honor a su linaje. Por lo general, un cruce entre la dulce Strawberry Cough y la picante OG Kush, la Strawberry Kush es fuerte pero no abrumadora. Una cepa potente para.<\/p>\n<p>Para principiantes, es una cepa so\u00f1olienta que produce una sensaci\u00f3n de cuerpo pesado y calmante, aunque los efectos pueden variar seg\u00fan la dosis y los usuarios. Para los cultivadores, Strawberry Kush solo est\u00e1 disponible como clon y normalmente florece entre 8 y 9 semanas.<\/p>\n<h2>Comprar Strawberry Kush online<\/h2>\n<p>Compra Strawberry Kush online. es dulce, fuerte y verdaderamente completo. Esta variedad sin duda justifica su linaje y tiene un sabor a fresa artificial almizclado con un nivel de THC del 16 al 18 %. Se encuentra esencialmente como un cruce entre la amarga OG Kush y la azucarada Strawberry Cough, por lo general es fuerte pero no abrumadora. El origen de esta cepa var\u00eda seg\u00fan el dispensario. Algunos dispensarios ofrecen versiones m\u00e1s sativa dominantes o h\u00edbridas que dan como resultado el efecto estimulante opuesto. Esta cepa suele florecer en ocho o nueve semanas y solo se puede obtener mediante clonaci\u00f3n. Strawberry Kush contiene gen\u00e9tica sativa y se fuma m\u00e1s como una sativa que como una \u00edndica. Cuando enciendes esta hierba, inmediatamente reconoces los c\u00edtricos, pino y por supuesto fresas. La combinaci\u00f3n afrutada proporciona un sabor limpio y el subid\u00f3n de esta hierba estimular\u00e1 mentalmente a la persona, dej\u00e1ndola alerta y lista para la acci\u00f3n. comprar hierba en l\u00ednea Europa Strawberry Kush es un buen humo durante el d\u00eda, ya que no te da sue\u00f1o. Desde un punto de vista m\u00e9dico, ayuda a los pacientes con estr\u00e9s y p\u00e9rdida de apetito.<\/p>\n<h3>Informaci\u00f3n sobre la variedad.<\/h3>\n<p>Clasificada gen\u00e9ticamente como Sativa (80% Sativa y 20% Indica). Se dice que esta cepa es un cruce entre Strawberry Fields y una misteriosa variedad Haze de la vieja escuela. Aunque hay mucha especulaci\u00f3n sobre los hechos de c\u00f3mo surgi\u00f3 esta potente sativa.<\/p>\n<h3>Aroma, sabor y apariencia<\/h3>\n<p>Como sugiere su nombre, el aroma general de la Strawberry Kush es mayormente bueno. fresas; recuerda a las bayas frescas de verano que crecen en un campo en el campo. Algunos matices tambi\u00e9n alcanzan su punto m\u00e1ximo a trav\u00e9s del perfil de aroma, con toques de tierra y mofeta, que podr\u00eda ser el motivo por el cual esta variedad de marihuana tiende a serlo. causar tos despu\u00e9s de inhalar. El aroma consume instant\u00e1neamente cualquier habitaci\u00f3n en la que se encuentre y permanece durante mucho tiempo. Incluso despu\u00e9s de que los propios cogollos hayan sido encerrados herm\u00e9ticamente.<br \/>\nDer Geschmack von Strawberry Banana Kush ist \u00e4hnlich wie das Aroma, abgesehen von ein paar subtilen Unterschieden. Der Gesamtgeschmack ist nat\u00fcrlich reich an fruchtigen Erdbeeren, aber auch ein Hauch von Erde ist zu schmecken, \u00e4hnlich wie bei einer Beere, die man direkt aus der Erde gepfl\u00fcckt hat.<\/p>\n<h5>Efectos<\/h5>\n<p>Strawberry Kush es una variedad sativa un tanto compleja, ya que exhibe la misma energ\u00eda y elevaci\u00f3n que otras cepas de la misma categor\u00eda, a la vez que es muy suave y relajante.<\/p>\n<p>&nbsp;<\/p>\n<p>&nbsp;<\/p>\n<p>&nbsp;<\/p>","protected":false},"excerpt":{"rendered":"<p>Strawberry Kush es una variedad sativa un tanto compleja, que muestra la misma energ\u00eda y elevaci\u00f3n que otras cepas de la misma categor\u00eda, a la vez que es muy suave y relajante.<\/p>\n<p>&nbsp;<\/p>","protected":false},"featured_media":719,"comment_status":"open","ping_status":"closed","template":"","meta":{"om_disable_all_campaigns":false,"_monsterinsights_skip_tracking":false,"_monsterinsights_sitenote_active":false,"_monsterinsights_sitenote_note":"","_monsterinsights_sitenote_category":0},"product_brand":[],"product_cat":[126,245],"product_tag":[],"class_list":{"0":"post-718","1":"product","2":"type-product","3":"status-publish","4":"has-post-thumbnail","6":"product_cat-blumen","7":"product_cat-hybrid-sorten","9":"first","10":"instock","11":"shipping-taxable","12":"purchasable","13":"product-type-variable"},"_links":{"self":[{"href":"https:\/\/caliweedonlineshop.com\/es\/wp-json\/wp\/v2\/product\/718","targetHints":{"allow":["GET"]}}],"collection":[{"href":"https:\/\/caliweedonlineshop.com\/es\/wp-json\/wp\/v2\/product"}],"about":[{"href":"https:\/\/caliweedonlineshop.com\/es\/wp-json\/wp\/v2\/types\/product"}],"replies":[{"embeddable":true,"href":"https:\/\/caliweedonlineshop.com\/es\/wp-json\/wp\/v2\/comments?post=718"}],"wp:featuredmedia":[{"embeddable":true,"href":"https:\/\/caliweedonlineshop.com\/es\/wp-json\/wp\/v2\/media\/719"}],"wp:attachment":[{"href":"https:\/\/caliweedonlineshop.com\/es\/wp-json\/wp\/v2\/media?parent=718"}],"wp:term":[{"taxonomy":"product_brand","embeddable":true,"href":"https:\/\/caliweedonlineshop.com\/es\/wp-json\/wp\/v2\/product_brand?post=718"},{"taxonomy":"product_cat","embeddable":true,"href":"https:\/\/caliweedonlineshop.com\/es\/wp-json\/wp\/v2\/product_cat?post=718"},{"taxonomy":"product_tag","embeddable":true,"href":"https:\/\/caliweedonlineshop.com\/es\/wp-json\/wp\/v2\/product_tag?post=718"}],"curies":[{"name":"wp","href":"https:\/\/api.w.org\/{rel}","templated":true}]}}