{"id":724,"date":"2023-01-14T19:05:55","date_gmt":"2023-01-14T19:05:55","guid":{"rendered":"https:\/\/caliweedonlineshop.com\/?post_type=product&#038;p=724"},"modified":"2023-01-14T19:05:55","modified_gmt":"2023-01-14T19:05:55","slug":"wedding-cake","status":"publish","type":"product","link":"https:\/\/caliweedonlineshop.com\/es\/product\/wedding-cake\/","title":{"rendered":"Wedding Cake"},"content":{"rendered":"<h1>Comprar pastel de bodas en l\u00ednea<\/h1>\n<p>Comprar pastel de bodas en l\u00ednea. Seg\u00fan el criador de Seed Junky Genetics, Wedding Cake, tambi\u00e9n conocida como Pink Cookies, es un fenotipo de Triangle Mints. Rica en especias, tierra dulce y pimienta, esta delicia toma notas y dimensiones<\/p>\n<p>de su ascendencia OG. Disfruta esta doble dosis de densa delicia con precauci\u00f3n, ya que algunas granjas han notado sus niveles extremadamente altos de THC.<\/p>\n<p>La mayor\u00eda de la gente tiene que casarse por un pastel de bodas tan bueno. No se preocupe por el papeleo, lo tenemos cubierto.<\/p>\n<p>Wedding Cake es m\u00e1s que un dulce regalo; es un h\u00edbrido equilibrado que excita los sentidos. Wedding Cake, tambi\u00e9n conocido como Pink Cookies, es un delicioso cruce entre Cherry Pie y Girl Scout Cookies. Si a\u00fan no conoce ninguno de estos, entonces debe asistir a la pr\u00f3xima reuni\u00f3n de padres.<\/p>\n<h2>Comprar pastel de bodas en l\u00ednea<\/h2>\n<p>Pink Cookies es un h\u00edbrido descendiente de la l\u00ednea Girl Scout Cookies en t\u00e9rminos de estructura de cogollos. Los cogollos densos est\u00e1n densamente empaquetados y cubiertos de pelos anaranjados. Una mirada al cogollo y sabes que es una variedad de primera calidad.<\/p>\n<p>Si el cannabis tuviera un sal\u00f3n de la fama del sabor, Wedding Cake sin duda estar\u00eda all\u00ed. La variedad recibi\u00f3 su nombre gracias a un sabor \u00fanico que recuerda m\u00e1s a un postre que al cannabis. Un fuerte aroma afrutado y dulce envuelve la lengua desde la primera bocanada. El humo tambi\u00e9n contiene un ligero toque de pimienta terrosa, pero no coincide con los sabores dominantes. Algunos usuarios pueden encontrar el humo un poco \u00e1spero, pero el sabor y la textura compensan cualquier aspecto negativo.<\/p>\n<h3>Efectos de pastel de bodas + Beneficios<\/h3>\n<p>Wedding Cake es una cepa algo enga\u00f1osa. Algunos la perciben m\u00e1s como una furtiva, mientras que otros notan al fantasma de inmediato. Pink Cookies es un refuerzo de momento en su forma m\u00e1s pura. Desde el inicio de la intoxicaci\u00f3n, la respuesta de los sentidos a los est\u00edmulos se intensifica. Un paseo nocturno por un parque se convierte en una experiencia m\u00e1s rica. Uno puede notar las hojas cayendo suavemente de los \u00e1rboles a medida que se acerca el invierno. O los patrones de las flores y c\u00f3mo reaccionan al sol \u00e1mbar poniente. Incluso podr\u00eda notar el dulce aroma de un peque\u00f1o arbusto de ar\u00e1ndanos escondido detr\u00e1s de un roble a 20 metros de distancia.<\/p>\n<p>Sea cual sea el escenario, Wedding Cake tiene un profundo efecto en los sentidos.<\/p>\n<p>Como se mencion\u00f3 anteriormente, Pink Cookies tiene un estado potencial de fluencia. Pero una vez que comienza el subid\u00f3n, el linaje \u00edndica se vuelve obvio. La sedaci\u00f3n impregna el cuerpo, aliviando la tensi\u00f3n y relajando los m\u00fasculos r\u00edgidos. El subid\u00f3n f\u00edsico junto con la estimulaci\u00f3n cerebral produce un estado de euforia que dura un par de horas. Los usuarios tienden a disfrutar de actividades mentalmente activadoras como B. resolver acertijos, tocar m\u00fasica, dibujar o leer.<\/p>\n<p>Sin embargo, es posible tener demasiado de algo bueno. Una dosis alta de Wedding Cake puede inducir un estado de somnolencia.<\/p>\n<p>Pink Cookie alivia los s\u00edntomas del TEPT. Aparte del TEPT, la tensi\u00f3n en altas dosis reduce el dolor cr\u00f3nico, la inflamaci\u00f3n y el insomnio. https:\/\/greensulotionweed.com\/product\/buy-purple-punch-online-uk\/<\/p>\n<p>Si a tu reserva le falta una cepa sabrosa de primera, entonces di S\u00ed, a Wedding Cake. No todos los matrimonios est\u00e1n hechos para durar, pero el amor a primera vista es una historia diferente. https:\/\/greensulotionweed.com\/product\/buy-cbd-brownies-in-us\/<\/p>\n<p>Bis zu 23-25% THC<\/p>\n<p>&nbsp;<\/p>\n<p>Geschm\u00e4cker: S\u00fc\u00df, erdig, Vanille<\/p>\n<p>Wirkungen: Entspannend, Gl\u00fccklich, Euphorisch, Erhebend, Kreativ<\/p>\n<p>Beneficios medicinales: estr\u00e9s, depresi\u00f3n, dolor, insomnio, p\u00e9rdida de apetito<\/p>","protected":false},"excerpt":{"rendered":"<p>La Pink Cookies es un h\u00edbrido que se parece a la l\u00ednea Girl Scout Cookies en cuanto a la estructura de los cogollos.<br \/>\nLos cogollos densos est\u00e1n densamente empaquetados y cubiertos de pelos anaranjados. Una mirada al cogollo y sabes que es una variedad de primera.<\/p>","protected":false},"featured_media":725,"comment_status":"open","ping_status":"closed","template":"","meta":{"om_disable_all_campaigns":false,"_monsterinsights_skip_tracking":false,"_monsterinsights_sitenote_active":false,"_monsterinsights_sitenote_note":"","_monsterinsights_sitenote_category":0},"product_brand":[],"product_cat":[126,245],"product_tag":[],"class_list":{"0":"post-724","1":"product","2":"type-product","3":"status-publish","4":"has-post-thumbnail","6":"product_cat-blumen","7":"product_cat-hybrid-sorten","9":"first","10":"instock","11":"shipping-taxable","12":"purchasable","13":"product-type-variable"},"_links":{"self":[{"href":"https:\/\/caliweedonlineshop.com\/es\/wp-json\/wp\/v2\/product\/724","targetHints":{"allow":["GET"]}}],"collection":[{"href":"https:\/\/caliweedonlineshop.com\/es\/wp-json\/wp\/v2\/product"}],"about":[{"href":"https:\/\/caliweedonlineshop.com\/es\/wp-json\/wp\/v2\/types\/product"}],"replies":[{"embeddable":true,"href":"https:\/\/caliweedonlineshop.com\/es\/wp-json\/wp\/v2\/comments?post=724"}],"wp:featuredmedia":[{"embeddable":true,"href":"https:\/\/caliweedonlineshop.com\/es\/wp-json\/wp\/v2\/media\/725"}],"wp:attachment":[{"href":"https:\/\/caliweedonlineshop.com\/es\/wp-json\/wp\/v2\/media?parent=724"}],"wp:term":[{"taxonomy":"product_brand","embeddable":true,"href":"https:\/\/caliweedonlineshop.com\/es\/wp-json\/wp\/v2\/product_brand?post=724"},{"taxonomy":"product_cat","embeddable":true,"href":"https:\/\/caliweedonlineshop.com\/es\/wp-json\/wp\/v2\/product_cat?post=724"},{"taxonomy":"product_tag","embeddable":true,"href":"https:\/\/caliweedonlineshop.com\/es\/wp-json\/wp\/v2\/product_tag?post=724"}],"curies":[{"name":"wp","href":"https:\/\/api.w.org\/{rel}","templated":true}]}}