{"id":736,"date":"2023-01-14T19:17:05","date_gmt":"2023-01-14T19:17:05","guid":{"rendered":"https:\/\/caliweedonlineshop.com\/?post_type=product&#038;p=736"},"modified":"2023-01-16T07:01:30","modified_gmt":"2023-01-16T07:01:30","slug":"white-cherry-gelato-2","status":"publish","type":"product","link":"https:\/\/caliweedonlineshop.com\/es\/product\/white-cherry-gelato-2\/","title":{"rendered":"white cherry gelato"},"content":{"rendered":"<h1>Comprar White Cherry Gelato en Australia<\/h1>\n<p>Comprar helado de cereza blanca en Australia. que ha ganado popularidad en los \u00faltimos a\u00f1os. Con su olor y sabor a mantequilla de man\u00ed. La mayor\u00eda de los fumadores han admirado y recomendado la variedad White Cherry Gelato. Con tal sabor, nunca estar\u00e1 satisfecho con su dosis. White Cherry Gelato es tambi\u00e9n otra gran variedad de la familia Cherry. No es exagerado decir que es una de las mejores cepas h\u00edbridas\/ex\u00f3ticas. Como sugiere su nombre, esta variedad tiene un sabor dulce, parecido a un sorbete, que siempre recuerda a las moras blancas y los ar\u00e1ndanos. Tambi\u00e9n tiene un sabor a madera. Comprar Helado de Cereza Blanca online. Comprar Hongos M\u00e1gicos Cubanos online.<\/p>\n<p>Esta variedad proviene del linaje de la Sunset Sorbet, la Thin Mint Girl Scout Cookies y la Lemon Haze. Por eso, su sabor y olor son tan variados y deliciosos. Qu\u00e9 cepa tan maravillosa con tantas propiedades hermosas. comprarPluto Cookies<\/p>\n<h2>Comprar White Cherry Gelato en Australia<\/h2>\n<p>Comprar helado de cereza blanca en Australia. Cuando se cultiva en condiciones favorables, un lote de White Cherry Gelato Nuggets producir\u00e1 verdes profundos. Se aclaran hacia el tallo en las puntas y muestran una ligera tricomizaci\u00f3n. White Cherry Gelato tiene un nivel de THC de alrededor del 23-25%. Con niveles de THC tan altos, esta variedad es conocida por ser utilizada para resolver muchos problemas de salud. Estos problemas de salud que se resuelven fumando Lemon Cherry Gelato incluyen dolores de cabeza, dolores corporales y fatiga. Compre White Runtz en Seattle Tambi\u00e9n ayuda a disfrutar de la relajaci\u00f3n, la calma y la paz cuando lo prueba. comprar galletas del chapo<\/p>\n<p>Name der Sorte: White Cherry Gelato.<\/p>\n<p>Geschm\u00e4cker: Zitrone, Zitrusfr\u00fcchte, S\u00fc\u00df.<\/p>\n<p>Wirkungen: Gl\u00fccklich, Aufgeputscht, Euphorisch, Energetisch, Entspannend. MoneyBagg Runtz in Dammam kaufen<\/p>\n<p>Usos Medicinales Estr\u00e9s, Depresi\u00f3n, Dolor, Fatiga, Dolores de cabeza. Big Mex Magic Mushroom en l\u00ednea EE. UU.<\/p>\n<p>Comprar White Cherry Gelato Despu\u00e9s de leer todo esto sobre esta maravillosa variedad, \u00bfpor qu\u00e9 no probarla? S\u00ed, por supuesto, \u00e9chale un vistazo a los nugs y hazte t\u00fa mismo. <a href=\"https:\/\/caliweedonlineshop.com\/es\/\">Wo kann man in Europa Gras online kaufen<\/a>?<\/p>\n<p>&nbsp;<\/p>\n<p>&nbsp;<\/p>\n<p>&nbsp;<\/p>","protected":false},"excerpt":{"rendered":"<p>Cuando se cultiva en condiciones favorables, un lote de White Cherry Gelato producir\u00e1 cogollos de color verde intenso. En sus puntas que se aclaran hacia el tallo y una ligera polinizaci\u00f3n de tricomas. White Cherry Gelato tiene un nivel de THC de alrededor del 23-25%. Con niveles tan altos de THC, esta variedad es conocida por ser utilizada para resolver muchos problemas de salud.<\/p>\n<p>&nbsp;<\/p>","protected":false},"featured_media":737,"comment_status":"open","ping_status":"closed","template":"","meta":{"om_disable_all_campaigns":false,"_monsterinsights_skip_tracking":false,"_monsterinsights_sitenote_active":false,"_monsterinsights_sitenote_note":"","_monsterinsights_sitenote_category":0},"product_brand":[],"product_cat":[126,245,351],"product_tag":[],"class_list":{"0":"post-736","1":"product","2":"type-product","3":"status-publish","4":"has-post-thumbnail","6":"product_cat-blumen","7":"product_cat-hybrid-sorten","8":"product_cat-marken-cannabis","10":"first","11":"instock","12":"featured","13":"shipping-taxable","14":"purchasable","15":"product-type-variable"},"_links":{"self":[{"href":"https:\/\/caliweedonlineshop.com\/es\/wp-json\/wp\/v2\/product\/736","targetHints":{"allow":["GET"]}}],"collection":[{"href":"https:\/\/caliweedonlineshop.com\/es\/wp-json\/wp\/v2\/product"}],"about":[{"href":"https:\/\/caliweedonlineshop.com\/es\/wp-json\/wp\/v2\/types\/product"}],"replies":[{"embeddable":true,"href":"https:\/\/caliweedonlineshop.com\/es\/wp-json\/wp\/v2\/comments?post=736"}],"wp:featuredmedia":[{"embeddable":true,"href":"https:\/\/caliweedonlineshop.com\/es\/wp-json\/wp\/v2\/media\/737"}],"wp:attachment":[{"href":"https:\/\/caliweedonlineshop.com\/es\/wp-json\/wp\/v2\/media?parent=736"}],"wp:term":[{"taxonomy":"product_brand","embeddable":true,"href":"https:\/\/caliweedonlineshop.com\/es\/wp-json\/wp\/v2\/product_brand?post=736"},{"taxonomy":"product_cat","embeddable":true,"href":"https:\/\/caliweedonlineshop.com\/es\/wp-json\/wp\/v2\/product_cat?post=736"},{"taxonomy":"product_tag","embeddable":true,"href":"https:\/\/caliweedonlineshop.com\/es\/wp-json\/wp\/v2\/product_tag?post=736"}],"curies":[{"name":"wp","href":"https:\/\/api.w.org\/{rel}","templated":true}]}}