{"id":748,"date":"2023-01-14T19:24:15","date_gmt":"2023-01-14T19:24:15","guid":{"rendered":"https:\/\/caliweedonlineshop.com\/?post_type=product&#038;p=748"},"modified":"2026-04-02T04:39:44","modified_gmt":"2026-04-02T04:39:44","slug":"your-highness","status":"publish","type":"product","link":"https:\/\/caliweedonlineshop.com\/es\/product\/your-highness\/","title":{"rendered":"your highness"},"content":{"rendered":"<h1>Compre la variedad de marihuana Her Highness en Georgia<\/h1>\n<p>Compre la cepa de marihuana Your Highness en Georgia. Royal Highness es una cepa galardonada de Royal Queen Seeds, la culminaci\u00f3n de dos cepas muy buscadas. Ella barre la habitaci\u00f3n con un subid\u00f3n cerebral, brindando sabores tan brillantes que los anhelar\u00e1s entre caladas. Este h\u00edbrido de dominancia sativa, que ocup\u00f3 el tercer lugar en la competencia Colorado Cannabis Cup de 2016 a la mejor flor de CBD, es tan potente y potente como sus padres ic\u00f3nicos, Dance Hall y Respect. Comprar Hongos M\u00e1gicos Cubanos online.<\/p>\n<p>Con un contenido de THC de alrededor del 14%, este subid\u00f3n se equilibra entre sus cualidades relajantes y su capacidad para estimular la mente. Estas pepitas de color verde bosque ofrecen un dulce olor a fruta y tierra con un ligero toque de mofeta, mientras que el paladar se basa m\u00e1s en los sabores de ar\u00e1ndanos con matices dulces de frutas de \u00e1rboles. Los ricos matices morados y la guinda completa de los tricomas de lavanda hacen que este cogollo parezca tan afrutado como huele. comprar Lpsc X Km 24<\/p>\n<h2>Compre la variedad de marihuana Her Highness en Georgia<\/h2>","protected":false},"excerpt":{"rendered":"<p>Royal Highness es un cogollo galardonado de Royal Queen Seeds que arrasa la habitaci\u00f3n con un subid\u00f3n cerebral, brindando sabores tan brillantes que los desear\u00e1s entre caladas.<\/p>\n<p>&nbsp;<\/p>","protected":false},"featured_media":749,"comment_status":"open","ping_status":"closed","template":"","meta":{"om_disable_all_campaigns":false,"_monsterinsights_skip_tracking":false,"_monsterinsights_sitenote_active":false,"_monsterinsights_sitenote_note":"","_monsterinsights_sitenote_category":0},"product_brand":[],"product_cat":[126,245,351],"product_tag":[202,343,344,347,348,349,350,345,346],"class_list":{"0":"post-748","1":"product","2":"type-product","3":"status-publish","4":"has-post-thumbnail","6":"product_cat-blumen","7":"product_cat-hybrid-sorten","8":"product_cat-marken-cannabis","9":"product_tag-alice-brownies-online-kaufen-in-new-york","10":"product_tag-banana-kush-online-kaufen-in-los-angeles","11":"product_tag-kaufen-banana-kush-online-in-philadelphia","12":"product_tag-kaufen-sie-ihre-hoheit-in-deutschland","13":"product_tag-kaufen-sie-ihre-hoheit-in-polen","14":"product_tag-kaufen-sie-ihre-hoheit-in-spanien","15":"product_tag-kaufen-sie-ihre-hoheit-in-stockton","16":"product_tag-kaufen-sie-your-highness-in-europa","17":"product_tag-kaufen-sie-your-highness-in-frankreich","19":"first","20":"instock","21":"featured","22":"shipping-taxable","23":"purchasable","24":"product-type-variable"},"_links":{"self":[{"href":"https:\/\/caliweedonlineshop.com\/es\/wp-json\/wp\/v2\/product\/748","targetHints":{"allow":["GET"]}}],"collection":[{"href":"https:\/\/caliweedonlineshop.com\/es\/wp-json\/wp\/v2\/product"}],"about":[{"href":"https:\/\/caliweedonlineshop.com\/es\/wp-json\/wp\/v2\/types\/product"}],"replies":[{"embeddable":true,"href":"https:\/\/caliweedonlineshop.com\/es\/wp-json\/wp\/v2\/comments?post=748"}],"wp:featuredmedia":[{"embeddable":true,"href":"https:\/\/caliweedonlineshop.com\/es\/wp-json\/wp\/v2\/media\/749"}],"wp:attachment":[{"href":"https:\/\/caliweedonlineshop.com\/es\/wp-json\/wp\/v2\/media?parent=748"}],"wp:term":[{"taxonomy":"product_brand","embeddable":true,"href":"https:\/\/caliweedonlineshop.com\/es\/wp-json\/wp\/v2\/product_brand?post=748"},{"taxonomy":"product_cat","embeddable":true,"href":"https:\/\/caliweedonlineshop.com\/es\/wp-json\/wp\/v2\/product_cat?post=748"},{"taxonomy":"product_tag","embeddable":true,"href":"https:\/\/caliweedonlineshop.com\/es\/wp-json\/wp\/v2\/product_tag?post=748"}],"curies":[{"name":"wp","href":"https:\/\/api.w.org\/{rel}","templated":true}]}}