{"id":78,"date":"2022-11-30T13:44:02","date_gmt":"2022-11-30T13:44:02","guid":{"rendered":"https:\/\/caliweedonlineshop.com\/?post_type=product&#038;p=78"},"modified":"2022-11-30T13:44:22","modified_gmt":"2022-11-30T13:44:22","slug":"bubba-kush","status":"publish","type":"product","link":"https:\/\/caliweedonlineshop.com\/es\/product\/bubba-kush\/","title":{"rendered":"BUBBA KUSH"},"content":{"rendered":"<p>bubba kush es una cepa \u00edndica conocida por sus fuertes efectos sedantes en los Estados Unidos y en otros lugares. Al exhalar, los dulces sabores a hach\u00eds con sutiles notas de chocolate y caf\u00e9 deleitan el paladar mientras se apodera de una poderosa relajaci\u00f3n. Los m\u00fasculos se relajan con pesadez de la cabeza a los pies mientras la euforia so\u00f1adora cubre la mente, aplastando el estr\u00e9s y coaccionando estados de \u00e1nimo felices. Mira el precio de bubba kush ahora<\/p>\n<p>La estatura robusta de la planta y la estructura voluminosa de los cogollos de Bubba indican ascendencia afgana, pero se desconocen los or\u00edgenes gen\u00e9ticos. Seg\u00fan el criador que dio nombre a esta variedad, apareci\u00f3 poco despu\u00e9s de 1996, cuando un h\u00edbrido OG Kush poliniz\u00f3 una variedad \u00edndica desconocida obtenida en Nueva Orleans. Se dec\u00eda que Northern Lights era la planta madre, pero la \u00edndica gen\u00e9ticamente ambigua se llamaba simplemente \"Bubba\". los precios de bubba kush eran asequibles<\/p>\n<p>La historia gen\u00e9tica de esta cepa se remonta a las monta\u00f1as del Hindu Kush, pero su historia completa es casi desconocida debido a la escasa documentaci\u00f3n. Es 100 por ciento \u00edndica, puedes esperar un subid\u00f3n corporal relajante que te dejar\u00e1 tirado en el sof\u00e1. Muchos pacientes prefieren esta cepa porque puede ayudar con el insomnio, la depresi\u00f3n, el estr\u00e9s y\/o ADD\/ADHD.<\/p>\n<p>Bubba Kush, tambi\u00e9n conocida como \"BK\", \"Bubba\" y \"Bubba OG Kush\", es una variedad de marihuana \u00edndica que ha ganado notoriedad en los EE. UU. y m\u00e1s all\u00e1 por sus efectos tranquilizantes. Dulces sabores a hach\u00eds con sutiles notas de chocolate y caf\u00e9 se manifiestan al exhalar, deleitando el paladar mientras se apodera de una poderosa relajaci\u00f3n. De la cabeza a los pies, los m\u00fasculos se relajan con pesadez mientras la euforia so\u00f1adora cubre la mente, aplastando el estr\u00e9s y trayendo estados de \u00e1nimo felices. La Bubba Kush exhibe una estructura de cogollos voluminosos y distintivos con matices que van desde el verde bosque hasta el p\u00farpura p\u00e1lido.<\/p>","protected":false},"excerpt":{"rendered":"<p>Si est\u00e1 buscando un humo dulce que lo relaje, Bubba Kush es la variedad para usted, el precio de Bubba Kush es asequible para todos. La historia gen\u00e9tica de esta variedad se remonta a las monta\u00f1as Hindu Kush, pero su historia completa es casi desconocido debido a la mala documentaci\u00f3n. es 100 por ciento \u00edndica, puedes esperar un subid\u00f3n corporal relajante que te dejar\u00e1 tirado en el sof\u00e1. Muchos pacientes prefieren esta cepa porque el precio de bubba kush es asequible, puede ayudar con el insomnio, la depresi\u00f3n, el estr\u00e9s y\/o ADD\/ADHD. Aunque puede ayudar con una variedad de dolencias, no se recomienda su uso durante el d\u00eda a menos que planee dormir todo el d\u00eda. Cuando la fumes, te recibir\u00e1 un sabor terroso y dulce, as\u00ed como un aroma a pino. Tiene cogollos de color verde brillante y p\u00farpura cubiertos de pelos de color \u00e1mbar. Debido a la abundancia de tricomas,<\/p>","protected":false},"featured_media":79,"comment_status":"open","ping_status":"closed","template":"","meta":{"om_disable_all_campaigns":false,"_monsterinsights_skip_tracking":false,"_monsterinsights_sitenote_active":false,"_monsterinsights_sitenote_note":"","_monsterinsights_sitenote_category":0},"product_brand":[],"product_cat":[21],"product_tag":[22,23,24,25,26,27,28,29,30,31,32,33,34,35,36,37,38,39,40,41,42,43,44,45,46,47,48,49,50,51,52,53,54,55,56,57,58,59,60,61,62,63,64],"class_list":{"0":"post-78","1":"product","2":"type-product","3":"status-publish","4":"has-post-thumbnail","6":"product_cat-indica-strains","7":"product_tag-american-weed-shop-uk-delivery","8":"product_tag-best-bubba-strains","9":"product_tag-bubba-kush-37","10":"product_tag-bubba-kush-cbd","11":"product_tag-bubba-kush-delta-8","12":"product_tag-bubba-kush-near-me","13":"product_tag-bubba-kush-og","14":"product_tag-bubba-kush-pictures","15":"product_tag-bubba-kush-price","16":"product_tag-bubba-kush-price-per-ounce","17":"product_tag-bubba-kush-seedsman","18":"product_tag-buy-weed-online-in-britain","19":"product_tag-buy-weed-online-in-croatia","20":"product_tag-buy-weed-online-in-european-union","21":"product_tag-buy-weed-uk","22":"product_tag-cannabis-delivery-service-uk","23":"product_tag-cannabis-delivery-uk","24":"product_tag-cannabis-for-sale-uk","25":"product_tag-cannabis-for-sale-uk-delivery","26":"product_tag-cannabis-online-uk","27":"product_tag-cannabis-uk-delivery","28":"product_tag-g4-strain","29":"product_tag-get-medical-cannabis-online-uk","30":"product_tag-gg14-strain","31":"product_tag-how-many-bubba-strains-are-there","32":"product_tag-how-much-is-a-quarter-of-bubba-kush","33":"product_tag-marijuana-uk-buy","34":"product_tag-medical-cannabis-uk-delivery","35":"product_tag-order-cannabis-online-in-china","36":"product_tag-order-marijuana-online-uk","37":"product_tag-order-weed-online-in-australia","38":"product_tag-order-weed-online-in-denmark","39":"product_tag-order-weed-online-uk","40":"product_tag-platinum-bubba-kush","41":"product_tag-platinum-bubba-strain","42":"product_tag-platinum-kush-strain","43":"product_tag-purchase-weed-online-in-belgium","44":"product_tag-weed-delivery-uk","45":"product_tag-weed-for-sale-uk","46":"product_tag-weed-online-uk","47":"product_tag-weed-shop-london-uk","48":"product_tag-weed-shop-online-uk","49":"product_tag-weed-shop-uk","51":"first","52":"instock","53":"sale","54":"shipping-taxable","55":"purchasable","56":"product-type-simple"},"_links":{"self":[{"href":"https:\/\/caliweedonlineshop.com\/es\/wp-json\/wp\/v2\/product\/78","targetHints":{"allow":["GET"]}}],"collection":[{"href":"https:\/\/caliweedonlineshop.com\/es\/wp-json\/wp\/v2\/product"}],"about":[{"href":"https:\/\/caliweedonlineshop.com\/es\/wp-json\/wp\/v2\/types\/product"}],"replies":[{"embeddable":true,"href":"https:\/\/caliweedonlineshop.com\/es\/wp-json\/wp\/v2\/comments?post=78"}],"wp:featuredmedia":[{"embeddable":true,"href":"https:\/\/caliweedonlineshop.com\/es\/wp-json\/wp\/v2\/media\/79"}],"wp:attachment":[{"href":"https:\/\/caliweedonlineshop.com\/es\/wp-json\/wp\/v2\/media?parent=78"}],"wp:term":[{"taxonomy":"product_brand","embeddable":true,"href":"https:\/\/caliweedonlineshop.com\/es\/wp-json\/wp\/v2\/product_brand?post=78"},{"taxonomy":"product_cat","embeddable":true,"href":"https:\/\/caliweedonlineshop.com\/es\/wp-json\/wp\/v2\/product_cat?post=78"},{"taxonomy":"product_tag","embeddable":true,"href":"https:\/\/caliweedonlineshop.com\/es\/wp-json\/wp\/v2\/product_tag?post=78"}],"curies":[{"name":"wp","href":"https:\/\/api.w.org\/{rel}","templated":true}]}}