{"id":781,"date":"2023-01-16T07:55:30","date_gmt":"2023-01-16T07:55:30","guid":{"rendered":"https:\/\/caliweedonlineshop.com\/?post_type=product&#038;p=781"},"modified":"2023-01-16T07:55:31","modified_gmt":"2023-01-16T07:55:31","slug":"la-kush-cake-jungleboy-bestellen","status":"publish","type":"product","link":"https:\/\/caliweedonlineshop.com\/es\/product\/la-kush-cake-jungleboy-bestellen\/","title":{"rendered":"LA Kush Cake Jungleboy bestellen"},"content":{"rendered":"<h1>Ordene LA Kush Cake Jungleboy en Delaware<\/h1>\n<p>Ordene LA Kush Cake Jungleboys en Delaware. Jungleboys Dispensary Near Me Compre LA Kush Cake Jungleboys Despu\u00e9s de m\u00e1s de una d\u00e9cada de cultivar cannabis, lo \u00fanico que ha cambiado son las instalaciones en las que cultivamos. Los Jungleboys, agricultores de pura raza de Los \u00c1ngeles, han estado cultivando cogollos limpios y de calidad desde principios de la d\u00e9cada de 2000 y recientemente se han especializado en extractos y colofonia. Nuestra misi\u00f3n es simple: investigar y refinar el cannabis a trav\u00e9s de pr\u00e1cticas artesanales que respeten y honren la planta. A trav\u00e9s de este m\u00e9todo simple, podemos brindarles a nuestros pacientes la medicina que se merecen y pueden disfrutar. Ordene LA Kush Cake Jungleboys en Delaware Compre Florida Cake Jungleboys.<\/p>\n<p>Jungle Cake, a veces conocida como CAKE (los nombres son literalmente intercambiables), es una variedad de marihuana dulce y potente con un nombre que combina con su efecto estimulante y su sabroso perfil de sabor. Comprar Torta Florida Jungle Boys. Comprar MoneyBagg Runtz<br \/>\nEn primer lugar, a los consumidores de cannabis les encanta el jungle pie por su capacidad para convertir los momentos amargos en algo hermoso, ya que las capacidades de esta variedad para alterar el estado de \u00e1nimo son poderosas, al igual que sus capacidades para sanar el cuerpo. Act\u00faa como una medicina equilibrada, ideal especialmente por la noche o m\u00e1s tarde, despu\u00e9s del trabajo, cuando esta variedad h\u00edbrida de cannabis puede brillar en su mejor momento. Comprar semillas de Afghan Kush online<\/p>\n<p>Adem\u00e1s, la creaci\u00f3n espec\u00edfica de esta raza fue la modificaci\u00f3n de un favorito de los fan\u00e1ticos, Girl Scout Cookies. jungle cake jungleboys entrega comprar jungle cake jungleboys ordenar Florida Cake Jungleboys. Ordene LA Kush Cake Jungleboys en Delaware<\/p>\n<p>Dispensario Jungleboys cerca de m\u00ed. Comprar Peach Kobbler Runtz<\/p>\n<p>Recomendar\u00eda consumir Gelato #33 despu\u00e9s del trabajo, ya que esta cepa relaja el cuerpo, pero el cerebro puede ralentizarse un poco cuando se medica. No recomendar\u00eda esta cepa si tiene cosas importantes en su agenda, pero esta cepa brinda una sensaci\u00f3n de positividad, lo que la hace ideal para pel\u00edculas de comedia, mon\u00f3logos de comedia o con amigos cercanos que no se responsabilizan de tiene noche Comprar Torta Florida Jungle Boys<\/p>","protected":false},"excerpt":{"rendered":"<p>Jungle Cake, a veces denominada CAKE (los nombres son literalmente intercambiables), es una variedad de marihuana dulce y potente con un nombre que combina con sus efectos estimulantes y su sabroso perfil de sabor.<\/p>\n<p>&nbsp;<\/p>","protected":false},"featured_media":782,"comment_status":"open","ping_status":"closed","template":"","meta":{"om_disable_all_campaigns":false,"_monsterinsights_skip_tracking":false,"_monsterinsights_sitenote_active":false,"_monsterinsights_sitenote_note":"","_monsterinsights_sitenote_category":0},"product_brand":[],"product_cat":[126,352],"product_tag":[],"class_list":{"0":"post-781","1":"product","2":"type-product","3":"status-publish","4":"has-post-thumbnail","6":"product_cat-blumen","7":"product_cat-dschungeljungen","9":"first","10":"instock","11":"shipping-taxable","12":"purchasable","13":"product-type-simple"},"_links":{"self":[{"href":"https:\/\/caliweedonlineshop.com\/es\/wp-json\/wp\/v2\/product\/781","targetHints":{"allow":["GET"]}}],"collection":[{"href":"https:\/\/caliweedonlineshop.com\/es\/wp-json\/wp\/v2\/product"}],"about":[{"href":"https:\/\/caliweedonlineshop.com\/es\/wp-json\/wp\/v2\/types\/product"}],"replies":[{"embeddable":true,"href":"https:\/\/caliweedonlineshop.com\/es\/wp-json\/wp\/v2\/comments?post=781"}],"wp:featuredmedia":[{"embeddable":true,"href":"https:\/\/caliweedonlineshop.com\/es\/wp-json\/wp\/v2\/media\/782"}],"wp:attachment":[{"href":"https:\/\/caliweedonlineshop.com\/es\/wp-json\/wp\/v2\/media?parent=781"}],"wp:term":[{"taxonomy":"product_brand","embeddable":true,"href":"https:\/\/caliweedonlineshop.com\/es\/wp-json\/wp\/v2\/product_brand?post=781"},{"taxonomy":"product_cat","embeddable":true,"href":"https:\/\/caliweedonlineshop.com\/es\/wp-json\/wp\/v2\/product_cat?post=781"},{"taxonomy":"product_tag","embeddable":true,"href":"https:\/\/caliweedonlineshop.com\/es\/wp-json\/wp\/v2\/product_tag?post=781"}],"curies":[{"name":"wp","href":"https:\/\/api.w.org\/{rel}","templated":true}]}}