{"id":794,"date":"2023-01-16T08:15:02","date_gmt":"2023-01-16T08:15:02","guid":{"rendered":"https:\/\/caliweedonlineshop.com\/?post_type=product&#038;p=794"},"modified":"2023-01-16T08:15:35","modified_gmt":"2023-01-16T08:15:35","slug":"kurupt-moon-rock","status":"publish","type":"product","link":"https:\/\/caliweedonlineshop.com\/es\/product\/kurupt-moon-rock\/","title":{"rendered":"Kurupt Moon Rock"},"content":{"rendered":"<h1>Comprar Moonrocks online Europa<\/h1>\n<p>Comprar Moonrocks en l\u00ednea Europa, un tipo de marihuana, no proviene de una cepa espec\u00edfica de cannabis, sino que es una combinaci\u00f3n de una potente variedad de cannabis conocida como Girl Scout Cookies que se sumergen en aceite de hach\u00eds y se espolvorean con kief (resinas de plantas de cannabis). Esto lleva a un aumento dram\u00e1tico en el ingrediente activo del cannabis, delta-9-tetrahidrocannabinol (THC). Comprar Moonrocks en l\u00ednea Europa. Comprar Gruntz en Connecticut<\/p>\n<p>De acuerdo con la Administraci\u00f3n de Servicios de Salud Mental y Abuso de Sustancias (SAMHSA), el t\u00e9rmino moonrocks tambi\u00e9n puede. Se refiere a una gama de cannabinoides sint\u00e9ticos. Sustancias qu\u00edmicas fabricadas en laboratorios que se roc\u00edan sobre material vegetal y est\u00e1n destinadas a fumar. Como alternativas legales a los productos de marihuana. COMPRAR PAQUETES DE JUNGLEBOYS EN L\u00cdNEA en Haw\u00e1i<\/p>\n<p>Compre rocas lunares en l\u00ednea en Alemania. Comprar cera de cannabis en l\u00ednea Vender marihuana en Inglaterra comprar hierba en Berl\u00edn. comprar rocas lunares Compra OG Kush en l\u00ednea. Comprar Galletas Pluto online<\/p>\n<h2>Comprar Moonrocks online Europa<\/h2>\n<p>Ambas sustancias son potencialmente peligrosas. La inhalaci\u00f3n de Moon Rocks produce un sabor a kief extremadamente agradable y rico en terpenos que te har\u00e1 decir: \"Woooo, eso es delicioso\". comprar pastel de cereza<\/p>\n<p>\u00bfY la intoxicaci\u00f3n? Oh amigo, oh amigo, ni siquiera me hagas empezar por lo alto. El subid\u00f3n de Moon Rocks comienza en la cabeza y finalmente se extiende por todo el cuerpo hasta los dedos de los pies. El subid\u00f3n de Moon Rocks es uno de esos colmos de movimiento lento que definitivamente sientes al principio, pero 30 minutos despu\u00e9s te das cuenta de que has alcanzado el pico de una monta\u00f1a que quiz\u00e1s no estabas listo para escalar. Fum\u00e9 mi gramo de Moon Rocks alrededor de las 5:00 p. m. y cuando me despert\u00e9 a las 7:00 a. m. a la ma\u00f1ana siguiente todav\u00eda estaba en Marte esperando el tren de regreso a la Tierra. Compre rocas lunares en l\u00ednea en Alemania. Comprar Cannabis Wax Online Marihuana a la venta en Espa\u00f1a.<\/p>\n<h3>Aunque las Moon Rocks normalmente se fabrican con GSC Flower y\/o GSC Concentrate, eres libre de hacer tus propias Moon Rocks como quieras. Todo lo que necesitas es lo siguiente:<\/h3>\n<p>Tu variedad\/flor favorita<br \/>\nTu concentrado\/aceite de hach\u00eds favorito<br \/>\nUn taz\u00f3n grande de kief del fondo de su molinillo<br \/>\nUn par de alicates (o cualquier dispositivo de agarre\/tracci\u00f3n). Comprar Moonrocks online Europa<br \/>\nUn gotero l\u00edquido<br \/>\nPaso 1: Toma uno o dos capullos de tu capullo\/flor favorita. Sugiero usar uno de los cogollos m\u00e1s densos, ya que mantendr\u00e1 mejor el c\u00f3ctel de cannabis final. Paso 2: Toma tu concentrado favorito. Si es muy espeso y dif\u00edcil de manejar, cali\u00e9ntalo hasta que est\u00e9 un poco l\u00edquido, luego usa un gotero que te permita cubrir completamente tu cogollo sin tener que sumergirlo en el concentrado. (Sobresaturar su cogollo podr\u00eda resultar en tiempos de secado m\u00e1s largos y dificultad para encender). Compra Moonrocks en l\u00ednea Europa Paso 3: Agarra el cogollo con las pinzas y p\u00e1salo por kief hasta que todo el cogollo est\u00e9 cubierto de bondad cristalina.<\/p>","protected":false},"excerpt":{"rendered":"<p>Compre rocas lunares en l\u00ednea, Dr. Zodiak moonrock stem de la farmacia es el cogollo m\u00e1s fuerte que jam\u00e1s encontrar\u00e1s en tu galaxia, compra Zodiak moonrock clear. \u2026.d\u00f3nde comprar moonrocks en l\u00ednea irlanda.d\u00f3nde comprar moonrocks en l\u00ednea alemania.<\/p>\n<p>&nbsp;<\/p>","protected":false},"featured_media":795,"comment_status":"open","ping_status":"closed","template":"","meta":{"om_disable_all_campaigns":false,"_monsterinsights_skip_tracking":false,"_monsterinsights_sitenote_active":false,"_monsterinsights_sitenote_note":"","_monsterinsights_sitenote_category":0},"product_brand":[],"product_cat":[363],"product_tag":[],"class_list":{"0":"post-794","1":"product","2":"type-product","3":"status-publish","4":"has-post-thumbnail","6":"product_cat-moonrock-prerolls","8":"first","9":"instock","10":"shipping-taxable","11":"purchasable","12":"product-type-simple"},"_links":{"self":[{"href":"https:\/\/caliweedonlineshop.com\/es\/wp-json\/wp\/v2\/product\/794","targetHints":{"allow":["GET"]}}],"collection":[{"href":"https:\/\/caliweedonlineshop.com\/es\/wp-json\/wp\/v2\/product"}],"about":[{"href":"https:\/\/caliweedonlineshop.com\/es\/wp-json\/wp\/v2\/types\/product"}],"replies":[{"embeddable":true,"href":"https:\/\/caliweedonlineshop.com\/es\/wp-json\/wp\/v2\/comments?post=794"}],"wp:featuredmedia":[{"embeddable":true,"href":"https:\/\/caliweedonlineshop.com\/es\/wp-json\/wp\/v2\/media\/795"}],"wp:attachment":[{"href":"https:\/\/caliweedonlineshop.com\/es\/wp-json\/wp\/v2\/media?parent=794"}],"wp:term":[{"taxonomy":"product_brand","embeddable":true,"href":"https:\/\/caliweedonlineshop.com\/es\/wp-json\/wp\/v2\/product_brand?post=794"},{"taxonomy":"product_cat","embeddable":true,"href":"https:\/\/caliweedonlineshop.com\/es\/wp-json\/wp\/v2\/product_cat?post=794"},{"taxonomy":"product_tag","embeddable":true,"href":"https:\/\/caliweedonlineshop.com\/es\/wp-json\/wp\/v2\/product_tag?post=794"}],"curies":[{"name":"wp","href":"https:\/\/api.w.org\/{rel}","templated":true}]}}