{"id":796,"date":"2023-01-16T10:19:49","date_gmt":"2023-01-16T10:19:49","guid":{"rendered":"https:\/\/caliweedonlineshop.com\/?post_type=product&#038;p=796"},"modified":"2023-01-16T10:19:49","modified_gmt":"2023-01-16T10:19:49","slug":"moonrocks","status":"publish","type":"product","link":"https:\/\/caliweedonlineshop.com\/es\/product\/moonrocks\/","title":{"rendered":"Rocas lunares"},"content":{"rendered":"<h1>Comparar Moonrock en Australia<\/h1>\n<p>Comprar Moonrock en Australia \u00bfAlguna vez has estado tan alto que no pod\u00edas sentir tus cejas incluso si las tocabas? Si no, prueba a fumar Moon Rocks y te garantizo que tendr\u00e1s \u00e9xito. Hace poco la fum\u00e9 por primera vez y dos meses despu\u00e9s sigo sin poder reconocer mis rasgos faciales. (Vale la pena, por cierto.)<\/p>\n<p>Mediante este proceso, el producto alcanza un contenido de THC del 51,2%. En peque\u00f1as dosis, alivia el dolor, estimula el apetito y reduce las n\u00e1useas.<\/p>\n<h2>Comparar Moonrock en Australia<\/h2>\n<p>Para obtener el mejor sabor y humo, las chicas de Kush N Wax recomiendan usar una cazoleta o pipa para hach\u00eds y no triturar los cogollos con un molinillo, ya que perder\u00e1s la mayor parte del kif en el proceso.<br \/>\nEl precio de un gramo de marihuana puede parecer elevado, pero la calidad del producto habla por s\u00ed sola. Se puede ver al propio Snoop Dogg dando su opini\u00f3n experta sobre el cannabis de su miembro de Dog Pound.<\/p>\n<p>d\u00eda | Comprar alcohol ilegal en l\u00ednea, comprar alcohol ilegal en l\u00ednea, comprar alcohol ilegal en l\u00ednea, d\u00f3nde comprar alcohol ilegal en l\u00ednea, c\u00f3mo comprar alcohol ilegal en l\u00ednea. Comprar hierba en l\u00ednea<\/p>\n<p>\u00bfQu\u00e9 son las rocas lunares?<br \/>\nMoon Rocks no es realmente un tipo de variedad de marihuana, sino una forma de consumir cannabis. Por lo general, son pepitas de la variedad de marihuana Girl Scout Cookies, sumergidas en aceite de hach\u00eds y luego espolvoreadas con kef. Venta de rocas lunares<\/p>\n<p>Si alguna vez sumergiste conos de helado en chocolate y los cubriste con chispas, entonces sabes exactamente qu\u00e9 es Moon Rocks. Cuando combinas consumir rocas lunares con conos de helado, seguro que queda delicioso.<\/p>\n<p>Dar un paseo por la luna<br \/>\nAlgunas celebridades han registrado sus propias hierbas lunares, que afirman que son los productos de c\u00e1\u00f1amo m\u00e1s potentes del mercado. Krupp, el rapero estadounidense y exvicepresidente de Death Row Records, tiene \"Kurrupts Mooncrock\", que tiene un contenido de THC del 51,2 %. En peque\u00f1as dosis, este producto de cannabis s\u00faper Frankenstein puede ser eficaz para aliviar el dolor.<br \/>\n. Grandes cantidades simplemente pueden enviarse a la luna. rocas de luna para la venta<\/p>\n<p>Introduzca la nave espacial aqu\u00ed. Comprar helado Moonrock<br \/>\nUm Moon Rocks optimal zu konsumieren, solltest Du eine Haschischsch\u00fcssel oder Pfeife verwenden und darauf achten, dass Du die Knospen nicht in einem Grinder zerkleinerst, da Du sonst Kief verlierst.<br \/>\nTen en cuenta que la hierba promedio contiene entre un 17 % y un 30 % de THC. Moon Rocks tiene casi el doble de THC. Venta de rocas lunares<br \/>\nSi no puede encontrar Moon Rocks f\u00e1cilmente en una farmacia, puede preguntarle a su amigo favorito c\u00f3mo hacerlo usted mismo. Deber\u00edas preguntarle cu\u00e1ntas cosas deber\u00edas comprar y qu\u00e9 tipo de cepa, aceite de hach\u00eds y kif necesitas para construir tu nave espacial en la luna. Tambi\u00e9n les preguntar\u00eda si este es el tipo de experiencia cann\u00e1bica que se puede tener en la seguridad y comodidad de su propia casa, o si ser\u00edan lo suficientemente decentes como para hacerlo p\u00fablico. s\u00f3lo digo. Comprar Moon Rocks en venta Blueberry<\/p>\n<p>Los or\u00edgenes de Moon Rocks no est\u00e1n claros, pero se rumorea que la farmacia Starbudz760 los invent\u00f3 primero, con el legendario rapero de la costa oeste Kurupt popularizando el producto y registrando su propia versi\u00f3n llamada Kurupt Moonrock. comprar Galletas Pluto<\/p>\n<p>Las Moon Rocks son un megazord de THC: consisten esencialmente en cogollos de cannabis (hist\u00f3ricamente GSC, pero cualquier variedad sirve) sumergidos o rociados con aceite de hach\u00eds y luego enrollados.<\/p>","protected":false},"excerpt":{"rendered":"<p>Tenemos Moon Rocks 100% THC a la venta. Garantizamos un 100% de pedidos por correo y emitimos n\u00fameros de seguimiento y factura despu\u00e9s de cada...<\/p>\n<p>&nbsp;<\/p>","protected":false},"featured_media":797,"comment_status":"open","ping_status":"closed","template":"","meta":{"om_disable_all_campaigns":false,"_monsterinsights_skip_tracking":false,"_monsterinsights_sitenote_active":false,"_monsterinsights_sitenote_note":"","_monsterinsights_sitenote_category":0},"product_brand":[],"product_cat":[16],"product_tag":[],"class_list":{"0":"post-796","1":"product","2":"type-product","3":"status-publish","4":"has-post-thumbnail","6":"product_cat-uncategorized","8":"first","9":"instock","10":"shipping-taxable","11":"purchasable","12":"product-type-variable"},"_links":{"self":[{"href":"https:\/\/caliweedonlineshop.com\/es\/wp-json\/wp\/v2\/product\/796","targetHints":{"allow":["GET"]}}],"collection":[{"href":"https:\/\/caliweedonlineshop.com\/es\/wp-json\/wp\/v2\/product"}],"about":[{"href":"https:\/\/caliweedonlineshop.com\/es\/wp-json\/wp\/v2\/types\/product"}],"replies":[{"embeddable":true,"href":"https:\/\/caliweedonlineshop.com\/es\/wp-json\/wp\/v2\/comments?post=796"}],"wp:featuredmedia":[{"embeddable":true,"href":"https:\/\/caliweedonlineshop.com\/es\/wp-json\/wp\/v2\/media\/797"}],"wp:attachment":[{"href":"https:\/\/caliweedonlineshop.com\/es\/wp-json\/wp\/v2\/media?parent=796"}],"wp:term":[{"taxonomy":"product_brand","embeddable":true,"href":"https:\/\/caliweedonlineshop.com\/es\/wp-json\/wp\/v2\/product_brand?post=796"},{"taxonomy":"product_cat","embeddable":true,"href":"https:\/\/caliweedonlineshop.com\/es\/wp-json\/wp\/v2\/product_cat?post=796"},{"taxonomy":"product_tag","embeddable":true,"href":"https:\/\/caliweedonlineshop.com\/es\/wp-json\/wp\/v2\/product_tag?post=796"}],"curies":[{"name":"wp","href":"https:\/\/api.w.org\/{rel}","templated":true}]}}