{"id":806,"date":"2023-01-16T10:24:55","date_gmt":"2023-01-16T10:24:55","guid":{"rendered":"https:\/\/caliweedonlineshop.com\/?post_type=product&#038;p=806"},"modified":"2023-01-16T10:24:55","modified_gmt":"2023-01-16T10:24:55","slug":"skittles-moonrocks","status":"publish","type":"product","link":"https:\/\/caliweedonlineshop.com\/es\/product\/skittles-moonrocks\/","title":{"rendered":"Skittles Moonrocks"},"content":{"rendered":"<h1>Skittles Moonrocks kaufen en l\u00ednea<\/h1>\n<p>Comprar Skittles Moonrocks en l\u00ednea. \u00bfAlguna vez has estado tan alto que no pod\u00edas sentir tus cejas incluso si las tocabas f\u00edsicamente? Si no, prueba a fumar Moon Rocks y te garantizo que tendr\u00e1s \u00e9xito. Hace poco la fum\u00e9 por primera vez y dos meses despu\u00e9s sigo sin poder reconocer mis rasgos faciales. (Vali\u00f3 la pena, por cierto.)<\/p>\n<p>\u00bfFue sind Moon Rocks?<\/p>\n<p>Los or\u00edgenes de Moon Rocks no est\u00e1n claros, pero hay rumores de que el dispensario Starbudz760 los invent\u00f3 primero. El legendario rapero de la Costa Oeste, Kurupt, populariz\u00f3 el producto y registr\u00f3 su propia versi\u00f3n llamada Kurupt Moonrock.<\/p>\n<p>Las Moon Rocks son un megazord de THC: son esencialmente cogollos de cannabis (generalmente GSC, pero cualquier variedad sirve) sumergidos o rociados en aceite de hach\u00eds y luego enrollados en kief.<\/p>\n<h2>Skittles Moonrocks kaufen en l\u00ednea<\/h2>\n<p>Zkittlez es un h\u00edbrido cruzado y equilibrado que hered\u00f3 una excelente gen\u00e9tica de sus cepas progenitoras incre\u00edblemente afrutadas. Compre marihuana Skittles en l\u00ednea Esta variedad a veces puede sentirse m\u00e1s como una \u00edndica para algunos usuarios, pero generalmente es conocida por sus propiedades estimulantes y relajantes, destacadas por su aroma c\u00edtrico agrio. Comprar hierba online en Europa<\/p>\n<p>Zkittlez es una mezcla potente de Grape Ape y Sativa Grapefruit. El resultado es una flor fragante con una fruta compleja que la distingue. Sus niveles de THC pueden ser m\u00e1s moderados que los de sus contrapartes, pero eso no le ha impedido obtener el primer lugar como Mejor Indica en la Cannabis Cup 2015 en San Francisco.<\/p>","protected":false},"excerpt":{"rendered":"<p>A veces, esta cepa puede sentirse m\u00e1s como una \u00edndica para algunos usuarios, pero generalmente es conocida por sus propiedades estimulantes y relajantes, destacadas por su aroma c\u00edtrico agrio.<\/p>\n<p>&nbsp;<\/p>","protected":false},"featured_media":807,"comment_status":"open","ping_status":"closed","template":"","meta":{"om_disable_all_campaigns":false,"_monsterinsights_skip_tracking":false,"_monsterinsights_sitenote_active":false,"_monsterinsights_sitenote_note":"","_monsterinsights_sitenote_category":0},"product_brand":[],"product_cat":[374],"product_tag":[],"class_list":{"0":"post-806","1":"product","2":"type-product","3":"status-publish","4":"has-post-thumbnail","6":"product_cat-moonrocks","8":"first","9":"instock","10":"shipping-taxable","11":"purchasable","12":"product-type-variable"},"_links":{"self":[{"href":"https:\/\/caliweedonlineshop.com\/es\/wp-json\/wp\/v2\/product\/806","targetHints":{"allow":["GET"]}}],"collection":[{"href":"https:\/\/caliweedonlineshop.com\/es\/wp-json\/wp\/v2\/product"}],"about":[{"href":"https:\/\/caliweedonlineshop.com\/es\/wp-json\/wp\/v2\/types\/product"}],"replies":[{"embeddable":true,"href":"https:\/\/caliweedonlineshop.com\/es\/wp-json\/wp\/v2\/comments?post=806"}],"wp:featuredmedia":[{"embeddable":true,"href":"https:\/\/caliweedonlineshop.com\/es\/wp-json\/wp\/v2\/media\/807"}],"wp:attachment":[{"href":"https:\/\/caliweedonlineshop.com\/es\/wp-json\/wp\/v2\/media?parent=806"}],"wp:term":[{"taxonomy":"product_brand","embeddable":true,"href":"https:\/\/caliweedonlineshop.com\/es\/wp-json\/wp\/v2\/product_brand?post=806"},{"taxonomy":"product_cat","embeddable":true,"href":"https:\/\/caliweedonlineshop.com\/es\/wp-json\/wp\/v2\/product_cat?post=806"},{"taxonomy":"product_tag","embeddable":true,"href":"https:\/\/caliweedonlineshop.com\/es\/wp-json\/wp\/v2\/product_tag?post=806"}],"curies":[{"name":"wp","href":"https:\/\/api.w.org\/{rel}","templated":true}]}}