{"id":93,"date":"2022-11-30T13:56:49","date_gmt":"2022-11-30T13:56:49","guid":{"rendered":"https:\/\/caliweedonlineshop.com\/?post_type=product&#038;p=93"},"modified":"2022-11-30T13:57:27","modified_gmt":"2022-11-30T13:57:27","slug":"gelato-weed-copy","status":"publish","type":"product","link":"https:\/\/caliweedonlineshop.com\/es\/product\/gelato-weed-copy\/","title":{"rendered":"Gelato Weed (Copy)"},"content":{"rendered":"<p>La cepa Gelato weed uk tiene aromas y sabores que se han descrito como terrosos, dulces, mentolados, c\u00edtricos, a bayas, a roble, a sorbete, a naranja, a lavanda y a galleta. La planta de Gelato es baja y robusta. Sus hojas son de color verde bosque con matices morados oscuros. Los cogollos de la variedad Gelato Weed aparecen de color p\u00farpura oscuro y est\u00e1n atravesados \u200b\u200bpor pistilos de color naranja brillante. Sus cogollos son pegajosos con una cobertura media de cristales de tricomas.<\/p>\n<p>La variedad de marihuana Gelato tiene altos niveles de THC que oscilan entre el 15 y el 25 %, lo que la convierte en una variedad bastante potente. Los efectos h\u00edbridos de THC Design est\u00e1n bien equilibrados: una combinaci\u00f3n interesante de vigor y relajaci\u00f3n. Si lo que anhelas es un cuerpo \u00edndica entonado con una claridad sativa que te mantenga lo suficientemente activo como para disfrutar de los efectos de una variedad, entonces esta es para ti. Sus efectos son r\u00e1pidos, comenzando con un subid\u00f3n mental y una euforia de mano dura. El subid\u00f3n mental que produce es dichoso y edificante. Un zumbido corporal progresivo se impone gradualmente hasta que te sientas completamente relajado y tranquilo, pero proporcionando suficiente energ\u00eda y concentraci\u00f3n para mantenerte positivo y social.<\/p>\n<p>Comprar gelato 45 UK, gelato #45 vs 33 tambi\u00e9n comprar gelato 45 allbud, gelato 41 cepa, gelato #45 rendimiento, gelato 45 cepa carro inteligente, gelato 45 vs 33, gelato 45 cepa indica o sativa, gelati vs gelato cepa, gelato cepa 45, cepa de gelato de tibur\u00f3n, cepa de gelato 41, cepa de pastel de bodas, cepa de helado de ar\u00e1ndanos, cepa de helado de lim\u00f3n, canabis<\/p>\n<p>Beneficios m\u00e9dicos del uso de la cepa h\u00edbrida Gelato Weed<br \/>\nEl ligero efecto cerebral de Gelato con su relajaci\u00f3n corporal simult\u00e1nea lo convierte en el favorito para los trastornos de ansiedad y el estr\u00e9s cr\u00f3nico. Gelato proporciona un impulso de energ\u00eda cerebral que ayudar\u00e1 a aliviar la depresi\u00f3n cr\u00f3nica. Esta estimulaci\u00f3n tambi\u00e9n puede ayudar en el tratamiento de pacientes con trastornos de atenci\u00f3n como ADHD y ADD. El componente Indica relajar\u00e1 el cuerpo para suprimir la hiperactividad, mientras que el Sativa proporcionar\u00e1 la estimulaci\u00f3n necesaria para un enfoque sostenido. La cepa Gelato ayudar\u00e1 con las n\u00e1useas debido a su atractivo sabor y olor; Adem\u00e1s, esta variedad de cannabis gelato tambi\u00e9n ayudar\u00e1 con el apetito de los pacientes que experimentan n\u00e1useas debido a la quimioterapia para el c\u00e1ncer o enfermedades autoinmunes.<\/p>\n<p>Efectos de la variedad de marihuana Gelato 45<br \/>\nHappy<br \/>\nEuphoric<br \/>\nRelaxed<br \/>\nUplifted<br \/>\nCreative<br \/>\nClassification: 55% Indica\/45% Sativa<\/p>\n<p>Familia: Thin Mint Girl Scout Cookies X Sunset Sherbet<\/p>","protected":false},"excerpt":{"rendered":"<p>Gelato Weed uk tiene todo el atractivo suave y afrutado de Sunset Sherbert con la bondad terrosa y herbal de Thin Mints. Con una disponibilidad limitada y un aspecto y sabor audaces, esta variedad entra en una categor\u00eda emergente de h\u00edbridos artesanales de la costa oeste que se centran en el sabor. Con m\u00faltiples rasgos deseables de su linaje fuertemente cruzado, Gelato tiene una apariencia y un sabor sobresalientes. Su vibra alucinante pero relajante lo convierte en la elecci\u00f3n perfecta para un poco de introspecci\u00f3n en solitario o para socializar conversando.<\/p>","protected":false},"featured_media":92,"comment_status":"open","ping_status":"closed","template":"","meta":{"om_disable_all_campaigns":false,"_monsterinsights_skip_tracking":false,"_monsterinsights_sitenote_active":false,"_monsterinsights_sitenote_note":"","_monsterinsights_sitenote_category":0},"product_brand":[],"product_cat":[21],"product_tag":[22,120,65,66,67,68,69,70,71,72,73,74,75,76,77,78,79,80,37,38,40,41,42,81,82,83,119,84,85,86,87,88,89,90,91,92,93,94,95,96,124,97,98,99,100,101,102,103,48,49,118,121,123,54,104,105,106,107,108,109,122,117,110,111,112,113,114,59,60,61,62,63,64,115,116],"class_list":{"0":"post-93","1":"product","2":"type-product","3":"status-publish","4":"has-post-thumbnail","6":"product_cat-indica-strains","7":"product_tag-american-weed-shop-uk-delivery","8":"product_tag-berry-like","9":"product_tag-black-cherry-gelato-backpackboyz","10":"product_tag-black-cherry-gelato-backpackboyz-price","11":"product_tag-black-cherry-gelato-packs","12":"product_tag-black-cherry-gelato-price","13":"product_tag-black-cherry-gelato-review","14":"product_tag-black-cherry-gelato-seeds","15":"product_tag-black-cherry-gelato-seeds-for-sale","16":"product_tag-black-cherry-gelato-shatter","17":"product_tag-black-cherry-gelato-strain","18":"product_tag-black-cherry-gelato-strain-cookies","19":"product_tag-black-cherry-gelato-strain-price","20":"product_tag-black-cherry-gelato-strain-yield","21":"product_tag-black-gelato","22":"product_tag-buy-gelato-45-uk","23":"product_tag-buy-gelato-weed","24":"product_tag-buy-weed-online-uk","25":"product_tag-cannabis-delivery-service-uk","26":"product_tag-cannabis-delivery-uk","27":"product_tag-cannabis-for-sale-uk-delivery","28":"product_tag-cannabis-online-uk","29":"product_tag-cannabis-uk-delivery","30":"product_tag-cherry-gelato-strain-allbud","31":"product_tag-cherry-gelato-strain-backpackboyz","32":"product_tag-cherry-gelato-strain-leafly","33":"product_tag-citrusy","34":"product_tag-double-scoop-strain","35":"product_tag-eu-buy-cannabis-online","36":"product_tag-europe","37":"product_tag-gelati-vs-gelato-strain","38":"product_tag-gelato-45-vs-33","39":"product_tag-gelato-45-yield","40":"product_tag-gelato-41-strain","41":"product_tag-gelato-45-allbud","42":"product_tag-gelato-45-strain-indica-or-sativa","43":"product_tag-gelato-45-strain-smart-cart","44":"product_tag-gelato-strain","45":"product_tag-gelato-strain-45","46":"product_tag-how-to-buy-gelato-strain","47":"product_tag-lavender","48":"product_tag-lemon-cherry-gelato","49":"product_tag-lemon-cherry-gelato-backpackboyz","50":"product_tag-lemon-cherry-gelato-strain-effects","51":"product_tag-lemon-cherry-gelato-strain-review","52":"product_tag-lemon-cherry-gelato-strain-seeds","53":"product_tag-lemon-gelato-strain","54":"product_tag-mail-order-weed-uk","55":"product_tag-marijuana-uk-buy","56":"product_tag-medical-cannabis-uk-delivery","57":"product_tag-minty","58":"product_tag-oaky","59":"product_tag-orange","60":"product_tag-order-weed-online-uk","61":"product_tag-scoops-strain-allbud","62":"product_tag-scoops-strain-info","63":"product_tag-scoops-strain-leafly","64":"product_tag-scoops-strain-review","65":"product_tag-scoops-strain-yield","66":"product_tag-shark-gelato-strain","67":"product_tag-sherbet","68":"product_tag-sweet","69":"product_tag-sweet-cherry-gelato-strain","70":"product_tag-triple-scoop-gelato-strain","71":"product_tag-triple-scoop-strain","72":"product_tag-usa","73":"product_tag-wedding-cake-strain","74":"product_tag-weed-delivery-uk","75":"product_tag-weed-for-sale-uk","76":"product_tag-weed-online-uk","77":"product_tag-weed-shop-london-uk","78":"product_tag-weed-shop-online-uk","79":"product_tag-weed-shop-uk","80":"product_tag-where-to-buy-gelato-weed","81":"product_tag-white-cherry-gelato-description-additional-information-reviews-3-description-buy-gelato-weed-uk-gelato-weed-uk-strain-has-aromas-and-flavors-that-have-been-described-as-earthy","83":"first","84":"instock","85":"sale","86":"shipping-taxable","87":"purchasable","88":"product-type-simple"},"_links":{"self":[{"href":"https:\/\/caliweedonlineshop.com\/es\/wp-json\/wp\/v2\/product\/93","targetHints":{"allow":["GET"]}}],"collection":[{"href":"https:\/\/caliweedonlineshop.com\/es\/wp-json\/wp\/v2\/product"}],"about":[{"href":"https:\/\/caliweedonlineshop.com\/es\/wp-json\/wp\/v2\/types\/product"}],"replies":[{"embeddable":true,"href":"https:\/\/caliweedonlineshop.com\/es\/wp-json\/wp\/v2\/comments?post=93"}],"wp:featuredmedia":[{"embeddable":true,"href":"https:\/\/caliweedonlineshop.com\/es\/wp-json\/wp\/v2\/media\/92"}],"wp:attachment":[{"href":"https:\/\/caliweedonlineshop.com\/es\/wp-json\/wp\/v2\/media?parent=93"}],"wp:term":[{"taxonomy":"product_brand","embeddable":true,"href":"https:\/\/caliweedonlineshop.com\/es\/wp-json\/wp\/v2\/product_brand?post=93"},{"taxonomy":"product_cat","embeddable":true,"href":"https:\/\/caliweedonlineshop.com\/es\/wp-json\/wp\/v2\/product_cat?post=93"},{"taxonomy":"product_tag","embeddable":true,"href":"https:\/\/caliweedonlineshop.com\/es\/wp-json\/wp\/v2\/product_tag?post=93"}],"curies":[{"name":"wp","href":"https:\/\/api.w.org\/{rel}","templated":true}]}}