{"id":220,"date":"2023-01-12T08:13:32","date_gmt":"2023-01-12T08:13:32","guid":{"rendered":"https:\/\/caliweedonlineshop.com\/?post_type=product&#038;p=220"},"modified":"2023-01-12T08:34:12","modified_gmt":"2023-01-12T08:34:12","slug":"candy-jack","status":"publish","type":"product","link":"https:\/\/caliweedonlineshop.com\/fr\/product\/candy-jack\/","title":{"rendered":"Candy Jack"},"content":{"rendered":"<h1>Acheter Candy Jack en ligne en Europe<\/h1>\n<p>Acheter Candy Jack en ligne en Europe. Candy Jack est une vari\u00e9t\u00e9 sativa qui am\u00e9liore rapidement l'humeur avec un doux ar\u00f4me d'agrumes. L'odeur parfum\u00e9e vient de son parent Skunk #1, tandis que l'effet cr\u00e9atif et concentr\u00e9 vient du c\u00f4t\u00e9 Jack Herer de la famille. Bien que son profil terp\u00e9nique complexe puisse impressionner m\u00eame les connaisseurs les plus purs et durs, les patients l'appr\u00e9cient g\u00e9n\u00e9ralement. ACHETER DES PRODUITS COMESTIBLES \u00c0 LA MARIJUANA EN LIGNE EN EUROPE<\/p>\n<p>La capacit\u00e9 de Candy Jack \u00e0 combattre le stress, la d\u00e9pression et la perte d'app\u00e9tit. Candy Jack a d\u00e9j\u00e0 remport\u00e9 plusieurs Cannabis Cups et sa puissance, son go\u00fbt et ses effets ont valu \u00e0 cette sativa une excellente r\u00e9putation dans le monde du cannabis.<\/p>\n<p>Vainqueur unique de la Cannabis Cup, Candy Jack est un hybride \u00e9quilibr\u00e9 aux effets sativa. Sa teneur en THC a \u00e9t\u00e9 test\u00e9e jusqu'\u00e0 27 % et les niveaux de CBD se situent g\u00e9n\u00e9ralement autour de 1 %.<\/p>\n<p>Les g\u00e9n\u00e9tiques de cette vari\u00e9t\u00e9 combinent Jack Herer, Skunk #1 et Cotton Candy. Candy Jack soulage la douleur du c\u00f4t\u00e9 m\u00e9dicinal et am\u00e9liore l'humeur et la cr\u00e9ativit\u00e9 du c\u00f4t\u00e9 relaxant.<\/p>\n<p>Avec une teneur en THC de 27 %, Candy Jack est l'une des vari\u00e9t\u00e9s psychoactives les plus puissantes du march\u00e9. Les niveaux de CBD sont en moyenne de 1 %, ce qui la rend inadapt\u00e9e aux conditions graves comme les convulsions. Big Mex Champignon Magique En Ligne USA<\/p>\n<h2>Acheter Candy Jack en ligne en Europe.<\/h2>\n<p>Les gens remarquent l'ar\u00f4me d'agrumes musqu\u00e9, une odeur h\u00e9rit\u00e9e de son parent l\u00e9gendaire, la Skunk #1. L'apparence de Candy Jack est vert clair avec des trichomes orange et blancs. Certains disent que le go\u00fbt est sucr\u00e9 et un peu skunk, tandis que d'autres le d\u00e9crivent comme fruit\u00e9, menthol\u00e9 ou pin. Un juge de la Cannabis Cup a d\u00e9clar\u00e9 que cela avait vraiment le go\u00fbt d'un bonbon.<\/p>\n<p>Candy Jack aurait un effet \u00e9l\u00e9vateur, \u00e9nerg\u00e9tique et c\u00e9r\u00e9bral. Candy Jack est impr\u00e9gn\u00e9e d'effets sativa, donc les utilisateurs r\u00e9cr\u00e9atifs peuvent s'attendre \u00e0 une touche d'euphorie m\u00e9lang\u00e9e \u00e0 un peu de dynamisme et \u00e0 une pens\u00e9e ouverte. Les consommateurs exp\u00e9riment\u00e9s peuvent convertir cette \u00e9nergie positive et \u00e9difiante en un travail cibl\u00e9 et productif, en particulier dans le domaine de la cr\u00e9ation. Acheter des comprim\u00e9s de diaz\u00e9pam 10mg en ligne<\/p>\n<p>Candy Jack jouit \u00e9galement d'une solide r\u00e9putation dans le monde du cannabis pour ses usages m\u00e9dicinaux. Les gens en d\u00e9pendent pour soulager le stress et la d\u00e9pression tout en am\u00e9liorant leur app\u00e9tit. Les personnes souffrant d'anxi\u00e9t\u00e9, de d\u00e9pression, de migraines, de douleurs chroniques et de maux de t\u00eate trouveront \u00e9galement un soulagement gr\u00e2ce \u00e0 cette souche. ACHETER DES BISCUITS SCOUT EN LIGNE<\/p>\n<p>Les cultivateurs notent que les bourgeons sont galb\u00e9s, l\u00e9gers et rebondissants. Cette vari\u00e9t\u00e9 est un peu difficile \u00e0 trouver. Vous pouvez acheter en ligne des graines r\u00e9guli\u00e8res et f\u00e9minis\u00e9es et\/ou des clones. La plante a un temps de croissance moyen de 8 \u00e0 9 semaines. Candy Jack est facile \u00e0 cultiver et devrait donner de bons rendements si elle est bien nourrie, bien \u00e9clair\u00e9e et taill\u00e9e.<\/p>\n<p>Candy Jack a des niveaux de THC au-del\u00e0 de la norme, comme l'ont not\u00e9 certaines installations de test. Les effets, le go\u00fbt et l'odeur plairont aux utilisateurs m\u00e9dicinaux et r\u00e9cr\u00e9atifs. Les connaisseurs de canna devraient appr\u00e9cier le profil complexe des terp\u00e8nes.<\/p>","protected":false},"excerpt":{"rendered":"<p>En termes de puissance, Candy Jack est l'une des vari\u00e9t\u00e9s les plus fortes disponibles dans le d\u00e9partement psychoactif \u00e0 27 % de THC. Les niveaux de CBD sont en moyenne de 1%, ce qui la rend inadapt\u00e9e aux conditions graves comme les convulsions<\/p>","protected":false},"featured_media":225,"comment_status":"open","ping_status":"closed","template":"","meta":{"om_disable_all_campaigns":false,"_monsterinsights_skip_tracking":false,"_monsterinsights_sitenote_active":false,"_monsterinsights_sitenote_note":"","_monsterinsights_sitenote_category":0},"product_brand":[],"product_cat":[126,127],"product_tag":[128,129,130,131],"class_list":{"0":"post-220","1":"product","2":"type-product","3":"status-publish","4":"has-post-thumbnail","6":"product_cat-blumen","7":"product_cat-sativa-sorte","8":"product_tag-buy-candy-jack-online-australia","9":"product_tag-buy-candy-jack-online-in-europe","10":"product_tag-buy-candy-jack-online-in-germany","11":"product_tag-buy-candy-jack-online-in-uk","13":"first","14":"instock","15":"shipping-taxable","16":"purchasable","17":"product-type-variable"},"_links":{"self":[{"href":"https:\/\/caliweedonlineshop.com\/fr\/wp-json\/wp\/v2\/product\/220","targetHints":{"allow":["GET"]}}],"collection":[{"href":"https:\/\/caliweedonlineshop.com\/fr\/wp-json\/wp\/v2\/product"}],"about":[{"href":"https:\/\/caliweedonlineshop.com\/fr\/wp-json\/wp\/v2\/types\/product"}],"replies":[{"embeddable":true,"href":"https:\/\/caliweedonlineshop.com\/fr\/wp-json\/wp\/v2\/comments?post=220"}],"wp:featuredmedia":[{"embeddable":true,"href":"https:\/\/caliweedonlineshop.com\/fr\/wp-json\/wp\/v2\/media\/225"}],"wp:attachment":[{"href":"https:\/\/caliweedonlineshop.com\/fr\/wp-json\/wp\/v2\/media?parent=220"}],"wp:term":[{"taxonomy":"product_brand","embeddable":true,"href":"https:\/\/caliweedonlineshop.com\/fr\/wp-json\/wp\/v2\/product_brand?post=220"},{"taxonomy":"product_cat","embeddable":true,"href":"https:\/\/caliweedonlineshop.com\/fr\/wp-json\/wp\/v2\/product_cat?post=220"},{"taxonomy":"product_tag","embeddable":true,"href":"https:\/\/caliweedonlineshop.com\/fr\/wp-json\/wp\/v2\/product_tag?post=220"}],"curies":[{"name":"wp","href":"https:\/\/api.w.org\/{rel}","templated":true}]}}