{"id":228,"date":"2023-01-12T08:43:08","date_gmt":"2023-01-12T08:43:08","guid":{"rendered":"https:\/\/caliweedonlineshop.com\/?post_type=product&#038;p=228"},"modified":"2023-01-12T08:53:18","modified_gmt":"2023-01-12T08:53:18","slug":"candyland","status":"publish","type":"product","link":"https:\/\/caliweedonlineshop.com\/fr\/product\/candyland\/","title":{"rendered":"S\u00fc\u00dfigkeitenland"},"content":{"rendered":"<h1>Candyland \u00e0 Leadville kaufen<\/h1>\n<p>Acheter Candyland \u00e0 Leadville. Commandez Candyland \u00e0 Leadville. M\u00e9daill\u00e9 d'or \u00e0 la KushCon 2012, Candyland est un hybride \u00e0 dominance sativa issu de <a href=\"https:\/\/www.solevowellness.com\/granddaddy-purple\/\" target=\"_blank\" rel=\"noopener\">Granddaddy Purple<\/a> und Bay <a href=\"https:\/\/www.leafly.com\/strains\/platinum-gsc\" target=\"_blank\" rel=\"noopener\">Platinum Cookies<\/a>. Des poils dor\u00e9s se faufilent \u00e0 travers l'\u00e9paisse couche de trichomes sucr\u00e9s de Candyland, mettant en valeur les bourgeons compacts et camoufl\u00e9s.<\/p>\n<p>et les patients se tournent vers Candyland lorsqu'ils recherchent un soulagement des douleurs, des tensions musculaires et de la mauvaise humeur. Candyland offre un effet \u00e9l\u00e9vateur et \u00e9nergisant, ce qui en fait une vari\u00e9t\u00e9 parfaite pour les rassemblements sociaux ou les passe-temps cr\u00e9atifs.acheter Banana Lato<\/p>\n<h2>Candyland \u00e0 Leadville kaufen<\/h2>\n<p>Acheter Candyland \u00e0 Leadville. Commandez Candyland \u00e0 Leadville. CandyLand - est un grand <a href=\"https:\/\/caliweedonlineshop.com\/index.php\/product-category\/blumen\/sativa-sorte\/\">Sativa<\/a> et est id\u00e9al pour une utilisation au bureau, car certains disent qu'il peut aider au travail. Cultiv\u00e9 \u00e0 Vacaville, en Californie, il est garanti d'\u00eatre de la meilleure qualit\u00e9. Candyland a un go\u00fbt et une odeur sucr\u00e9s forts, avec une nuance \u00e9pic\u00e9e et terreuse. La pr\u00e9sence de trichomes et de notes de violet rend cette vari\u00e9t\u00e9 belle \u00e0 consommer. Ses t\u00eates sont petites, denses et d'un vert plus fonc\u00e9 que les vari\u00e9t\u00e9s sativa typiques. Les bourgeons semblent g\u00e9n\u00e9ralement avoir \u00e9t\u00e9 tremp\u00e9s dans du sucre.acheter Black Domina Les cheveux roux ternes donnent aux bourgeons un aspect flou de loin. C'est une sativa puissante et elle est bonne pour une utilisation entre personnes ou pendant la journ\u00e9e lorsque vous avez besoin d'\u00eatre productif.<\/p>\n<p>M\u00e9daill\u00e9e d'or \u00e0 la KushCon 2012, Candyland est un hybride \u00e0 dominance sativa issu de Granddaddy Purple et Bay Platinum Cookies. acheter BlackBerry kush. Des poils dor\u00e9s se faufilent \u00e0 travers l'\u00e9paisse couche de trichomes sucr\u00e9s de Candyland, mettant en valeur les t\u00eates compactes et camoufl\u00e9es. acheter Blue skittles Cette souche pousse bien \u00e0 l'int\u00e9rieur et \u00e0 l'ext\u00e9rieur, et les patients se tournent vers Candyland lorsqu'ils cherchent un soulagement des douleurs, des tensions musculaires et de la mauvaise humeur. Big Mex Magic Mushroom Online USA Candyland offre un effet \u00e9l\u00e9vateur et \u00e9nergisant, ce qui en fait une vari\u00e9t\u00e9 parfaite pour les rassemblements sociaux ou les passe-temps cr\u00e9atifs.<\/p>","protected":false},"excerpt":{"rendered":"<p>M\u00e9daill\u00e9e d'or \u00e0 la KushCon 2012, Candyland est un hybride \u00e0 dominance sativa obtenu \u00e0 partir de Granddaddy Purple et Bay Platinum Cookies. Des poils dor\u00e9s se faufilent \u00e0 travers l'\u00e9paisse couche de trichomes sucr\u00e9s de Candyland, mettant en valeur les bourgeons compacts et camoufl\u00e9s<\/p>\n<p>&nbsp;<\/p>","protected":false},"featured_media":233,"comment_status":"open","ping_status":"closed","template":"","meta":{"om_disable_all_campaigns":false,"_monsterinsights_skip_tracking":false,"_monsterinsights_sitenote_active":false,"_monsterinsights_sitenote_note":"","_monsterinsights_sitenote_category":0},"product_brand":[],"product_cat":[126,127],"product_tag":[],"class_list":{"0":"post-228","1":"product","2":"type-product","3":"status-publish","4":"has-post-thumbnail","6":"product_cat-blumen","7":"product_cat-sativa-sorte","9":"first","10":"instock","11":"shipping-taxable","12":"purchasable","13":"product-type-variable"},"_links":{"self":[{"href":"https:\/\/caliweedonlineshop.com\/fr\/wp-json\/wp\/v2\/product\/228","targetHints":{"allow":["GET"]}}],"collection":[{"href":"https:\/\/caliweedonlineshop.com\/fr\/wp-json\/wp\/v2\/product"}],"about":[{"href":"https:\/\/caliweedonlineshop.com\/fr\/wp-json\/wp\/v2\/types\/product"}],"replies":[{"embeddable":true,"href":"https:\/\/caliweedonlineshop.com\/fr\/wp-json\/wp\/v2\/comments?post=228"}],"wp:featuredmedia":[{"embeddable":true,"href":"https:\/\/caliweedonlineshop.com\/fr\/wp-json\/wp\/v2\/media\/233"}],"wp:attachment":[{"href":"https:\/\/caliweedonlineshop.com\/fr\/wp-json\/wp\/v2\/media?parent=228"}],"wp:term":[{"taxonomy":"product_brand","embeddable":true,"href":"https:\/\/caliweedonlineshop.com\/fr\/wp-json\/wp\/v2\/product_brand?post=228"},{"taxonomy":"product_cat","embeddable":true,"href":"https:\/\/caliweedonlineshop.com\/fr\/wp-json\/wp\/v2\/product_cat?post=228"},{"taxonomy":"product_tag","embeddable":true,"href":"https:\/\/caliweedonlineshop.com\/fr\/wp-json\/wp\/v2\/product_tag?post=228"}],"curies":[{"name":"wp","href":"https:\/\/api.w.org\/{rel}","templated":true}]}}