{"id":235,"date":"2023-01-12T09:01:13","date_gmt":"2023-01-12T09:01:13","guid":{"rendered":"https:\/\/caliweedonlineshop.com\/?post_type=product&#038;p=235"},"modified":"2023-01-12T09:08:13","modified_gmt":"2023-01-12T09:08:13","slug":"kolumbianisches-gold","status":"publish","type":"product","link":"https:\/\/caliweedonlineshop.com\/fr\/product\/kolumbianisches-gold\/","title":{"rendered":"Kolumbianisches Gold"},"content":{"rendered":"<h1>Acheter une souche colombienne Goldm en ligne Finlande<\/h1>\n<p>Achetez la souche colombienne Goldm en ligne en Finlande. L'or colombien est un classique <a href=\"https:\/\/caliweedonlineshop.com\/index.php\/product-category\/blumen\/sativa-sorte\/\">Sativa-Landrasse<\/a>, originaire des montagnes de Santa Marta en Colombie. Ses t\u00eates sont duveteuses et couvertes de cristal, d\u00e9gageant des notes douces et sucr\u00e9es de citron et de citron vert. Cette sativa indig\u00e8ne a donn\u00e9 naissance \u00e0 la c\u00e9l\u00e8bre Skunk #1, un hybride qui est devenu un incontournable de la culture du cannabis. L'effet actif, \u00e9difiant et cibl\u00e9 de l'or colombien vient sans parano\u00efa ni anxi\u00e9t\u00e9,<\/p>\n<h2>Acheter des champignons magiques cubains en ligne<\/h2>\n<p>Cela fait de cette vari\u00e9t\u00e9 un bon choix pour les d\u00e9butants ou pour ceux qui cherchent \u00e0 rester productifs pendant le traitement. L'or colombien peut aider les patients \u00e0 soulager la tension musculaire, la douleur et d'autres sympt\u00f4mes physiques, mais ses qualit\u00e9s stimulantes et gaies peuvent \u00e9galement \u00eatre utilis\u00e9es pour la d\u00e9pression et le TDA\/TDAH. Acheter des comprim\u00e9s de diaz\u00e9pam 10mg en ligne.<\/p>\n<p>Colombian Gold est une landrace sativa l\u00e9gendaire du nord montagneux de la Colombie. Cette souche, qui \u00e9tait extr\u00eamement populaire aux \u00c9tats-Unis \u00e0 la fin des ann\u00e9es 1960 et 1970, est maintenant devenue tr\u00e8s rare et certains historiens du cannabis affirment que les graines ou les clones du g\u00e9notype original de la race locale n'existent plus. Que Colombian Gold soit encore comestible ou non, elle a \u00e9t\u00e9 utilis\u00e9e pour produire des incontournables populaires comme la Skunk #1. Le <a href=\"https:\/\/en.wikipedia.org\/wiki\/Tetrahydrocannabinol\" target=\"_blank\" rel=\"noopener\">THC<\/a>-Le contenu de la vari\u00e9t\u00e9 a \u00e9t\u00e9 mesur\u00e9 entre 14% et 20%. ACHETER DU WEED EN LIGNE EN EUROPE<\/p>\n<p>Les consommateurs d'indicas et d'hybrides cultiv\u00e9s dans le commerce ne sont peut-\u00eatre pas familiers avec les t\u00eates de Colombian Gold. Les bourgeons sont de taille petite \u00e0 moyenne et ont une structure l\u00e2che et feuillue caract\u00e9ristique d'une sativa pure - les connaisseurs de cannabis reconna\u00eetront les silhouettes de ces bourgeons en lambeaux comme similaires aux vari\u00e9t\u00e9s locales sativa jama\u00efcaines ou tha\u00eflandaises. Les feuilles sont vert printemps p\u00e2le et sont stri\u00e9es de pistils orange vif. Ces longs bourgeons effil\u00e9s sont \u00e9galement tr\u00e8s r\u00e9sineux : des trichomes ambr\u00e9s recouvrent les surfaces int\u00e9rieure et ext\u00e9rieure, leur donnant la lueur dor\u00e9e \u00e0 laquelle leur nom fait r\u00e9f\u00e9rence. ACHETER OG KUSH EN LIGNE<\/p>\n<p>Lorsqu'elle est correctement s\u00e9ch\u00e9e, la Colombian Gold d\u00e9gage l'odeur piquante de Skunk, ce qui explique le piquant de la vari\u00e9t\u00e9 Skunk #1 pour enfants. En y regardant de plus pr\u00e8s, la saveur citrique du citron et du citron vert est \u00e9galement en jeu. Lorsqu'il est br\u00fbl\u00e9, l'or colombien a une odeur de terre et de hasch. Sa fum\u00e9e peut \u00eatre dure et gonfler les poumons \u00e0 l'inspiration et a une saveur d'herbes \u00e0 l'expiration. Enfin, cette souche peut \u00eatre une fum\u00e9e particuli\u00e8rement piquante ; ceux qui souhaitent garder leur consommation discr\u00e8te doivent prendre toutes les pr\u00e9cautions n\u00e9cessaires. ACHETER DIAMOND OG EN LIGNE<\/p>\n<h2>Acheter une souche colombienne Goldm en ligne Finlande<\/h2>\n<p>Les utilisateurs de cette vari\u00e9t\u00e9 l\u00e9gendaire ont signal\u00e9 des effets c\u00e9r\u00e9braux tr\u00e8s puissants. Le high arrive lentement et reste enivrant pendant toute sa dur\u00e9e ; on dit que l'effet dure beaucoup plus longtemps que la moyenne. La cr\u00e9ativit\u00e9 et la loquacit\u00e9 sont courantes alors que l'esprit des fumeurs saute de l'un \u00e0 l'autre dans une association rapide et libre. Un sentiment g\u00e9n\u00e9ral de bien-\u00eatre est \u00e9galement couramment signal\u00e9, car tous les facteurs de stress environnementaux restants passent \u00e0 l'arri\u00e8re-plan. L'\u00e9tat d'esprit tr\u00e8s analytique de Colombian Gold peut \u00eatre particuli\u00e8rement pr\u00e9cieux<\/p>","protected":false},"excerpt":{"rendered":"<p>Colombian Gold est une sativa landrace classique qui trouve ses origines dans les montagnes de Santa Marta en Colombie. Ses t\u00eates sont duveteuses et couvertes de cristal, d\u00e9gageant des notes douces et sucr\u00e9es de citron et de citron vert.<\/p>","protected":false},"featured_media":236,"comment_status":"open","ping_status":"closed","template":"","meta":{"om_disable_all_campaigns":false,"_monsterinsights_skip_tracking":false,"_monsterinsights_sitenote_active":false,"_monsterinsights_sitenote_note":"","_monsterinsights_sitenote_category":0},"product_brand":[],"product_cat":[126,127],"product_tag":[],"class_list":{"0":"post-235","1":"product","2":"type-product","3":"status-publish","4":"has-post-thumbnail","6":"product_cat-blumen","7":"product_cat-sativa-sorte","9":"first","10":"instock","11":"shipping-taxable","12":"purchasable","13":"product-type-variable"},"_links":{"self":[{"href":"https:\/\/caliweedonlineshop.com\/fr\/wp-json\/wp\/v2\/product\/235","targetHints":{"allow":["GET"]}}],"collection":[{"href":"https:\/\/caliweedonlineshop.com\/fr\/wp-json\/wp\/v2\/product"}],"about":[{"href":"https:\/\/caliweedonlineshop.com\/fr\/wp-json\/wp\/v2\/types\/product"}],"replies":[{"embeddable":true,"href":"https:\/\/caliweedonlineshop.com\/fr\/wp-json\/wp\/v2\/comments?post=235"}],"wp:featuredmedia":[{"embeddable":true,"href":"https:\/\/caliweedonlineshop.com\/fr\/wp-json\/wp\/v2\/media\/236"}],"wp:attachment":[{"href":"https:\/\/caliweedonlineshop.com\/fr\/wp-json\/wp\/v2\/media?parent=235"}],"wp:term":[{"taxonomy":"product_brand","embeddable":true,"href":"https:\/\/caliweedonlineshop.com\/fr\/wp-json\/wp\/v2\/product_brand?post=235"},{"taxonomy":"product_cat","embeddable":true,"href":"https:\/\/caliweedonlineshop.com\/fr\/wp-json\/wp\/v2\/product_cat?post=235"},{"taxonomy":"product_tag","embeddable":true,"href":"https:\/\/caliweedonlineshop.com\/fr\/wp-json\/wp\/v2\/product_tag?post=235"}],"curies":[{"name":"wp","href":"https:\/\/api.w.org\/{rel}","templated":true}]}}