{"id":242,"date":"2023-01-12T14:19:15","date_gmt":"2023-01-12T14:19:15","guid":{"rendered":"https:\/\/caliweedonlineshop.com\/?post_type=product&#038;p=242"},"modified":"2023-01-12T14:19:15","modified_gmt":"2023-01-12T14:19:15","slug":"fruchtpunsch","status":"publish","type":"product","link":"https:\/\/caliweedonlineshop.com\/fr\/product\/fruchtpunsch\/","title":{"rendered":"Fruchtpunsch"},"content":{"rendered":"<h1>Acheter du punch aux fruits \u00e0 Loveland<\/h1>\n<p>Achetez du punch aux fruits \u00e0 Loveland. Livraison de Fruit Punch \u00e0 Loveland. Fruit Punch est une vari\u00e9t\u00e9 Sativa de Heavyweight Seeds, qui a cr\u00e9\u00e9 cette puissante saveur \u00e0 partir de g\u00e9n\u00e9tiques Skunk, Haze et Northern Lights. Nomm\u00e9e pour sa touche rapide de douces saveurs fruit\u00e9es et tropicales, cette sativa a du punch dans les deux. Achetez des champignons magiques cubains en ligne.<\/p>\n<p>go\u00fbt et effet. Fruit Punch charge l'esprit d'\u00e9nergie cr\u00e9ative et sociale, alors gardez cette vari\u00e9t\u00e9 dans votre r\u00e9serve pour des journ\u00e9es actives avec des amis ou des passe-temps personnels.<\/p>\n<p>Fruit Punch est une vari\u00e9t\u00e9 Sativa de Heavyweight Seeds, qui a cr\u00e9\u00e9 cette centrale savoureuse \u00e0 partir de g\u00e9n\u00e9tiques Skunk, Haze et Northern Lights. Nomm\u00e9e pour sa touche rapide de douces saveurs fruit\u00e9es et tropicales, cette sativa a du punch \u00e0 la fois en saveur et en effet. Fruit Punch charge l'esprit d'\u00e9nergie cr\u00e9ative et sociale, alors gardez cette vari\u00e9t\u00e9 dans votre r\u00e9serve pour des journ\u00e9es actives avec des amis ou des passe-temps personnels. D\u00e9velopp\u00e9 par le s\u00e9lectionneur de cannabis Heavyweight Seeds, Fruit Punch est un puissant hybride de vari\u00e9t\u00e9s l\u00e9gendaires : Skunk, Haze et Northern Lights. Selon le s\u00e9lectionneur, Fruit Punch a une saveur trouble avec des notes de citron, de mangue et de citron vert, ainsi qu'un ar\u00f4me d'agrumes. Selon le site Web de Heavyweight Seeds, la vari\u00e9t\u00e9 contient 21 % de THC et 1,1 % de CBD. Aussi facile \u00e0 appr\u00e9cier qu'elle soit, Fruit Punch est \u00e9galement facile \u00e0 cultiver selon le s\u00e9lectionneur, qui dit qu'elle convient aussi bien aux novices qu'aux pros. L'hybride \u00e0 tendance sativa, qui selon Heavyweight Seeds est une vari\u00e9t\u00e9 \u00e0 autofloraison, atteint environ 1,3 m\u00e8tre de haut et fleurit en 70 \u00e0 80 jours \u00e0 compter de la germination, produisant de tr\u00e8s gros rendements de colas gras et enrob\u00e9s de r\u00e9sine qui sont vert vif et se terminent par cheveux cicatrice orange.acheter Mintz<\/p>\n<h2>Acheter du punch aux fruits \u00e0 Loveland<\/h2>\n<p>Achetez du punch aux fruits \u00e0 Loveland. commander Fruit Punch \u00e0 Loveland. En croisant la g\u00e9n\u00e9tique de trois noms de cannabis bien connus, la chimie unique de la vari\u00e9t\u00e9 Fruit Punch en fait une \u00e9vidence absolue lorsque l'on consid\u00e8re son h\u00e9ritage. Ses trois anc\u00eatres - Northern Lights, Skunk et Haze - sont tous des poids lourds dans leur domaine, offrant des r\u00e9sultats exceptionnels ciblant divers probl\u00e8mes de la vie quotidienne.acheter Moonrocks<\/p>\n<p>La vari\u00e9t\u00e9 Northern Lights est au bord de la dominance indica compl\u00e8te et poss\u00e8de un ar\u00f4me complexe d'herbes rappelant le go\u00fbt du th\u00e9 qui a \u00e9t\u00e9 infus\u00e9 plus longtemps que n\u00e9cessaire. L'amertume d\u00e9licate \u00e0 la fin de la bouff\u00e9e ajoute de la profondeur et de la dimension \u00e0 l'exp\u00e9rience gustative de la vari\u00e9t\u00e9, et son euphorie apaisante peut procurer un soulagement r\u00e9confortant de la d\u00e9tresse ordinaire.<\/p>\n<p>La Skunk, d'autre part, est exactement ce que son nom sugg\u00e8re : une vari\u00e9t\u00e9 piquante surtout connue pour son odeur naus\u00e9abonde mais d\u00e9sirable. Avec un profil g\u00e9n\u00e9tique l\u00e9g\u00e8rement sativa, cette vari\u00e9t\u00e9 stimule la cr\u00e9ativit\u00e9 avec ses effets puissants, mais pas sans d'abord r\u00e9veiller le corps avec ses effets puissants.<\/p>","protected":false},"excerpt":{"rendered":"<p>Fruit Punch est une vari\u00e9t\u00e9 Sativa de Heavyweight Seeds, qui a cr\u00e9\u00e9 cette puissante saveur \u00e0 partir de g\u00e9n\u00e9tiques Skunk, Haze et Northern Lights. Nomm\u00e9e pour sa touche rapide de saveurs sucr\u00e9es, fruit\u00e9es et tropicales, cette sativa a quelque chose \u00e0 offrir \u00e0 la fois<\/p>\n<p>&nbsp;<\/p>","protected":false},"featured_media":243,"comment_status":"open","ping_status":"closed","template":"","meta":{"om_disable_all_campaigns":false,"_monsterinsights_skip_tracking":false,"_monsterinsights_sitenote_active":false,"_monsterinsights_sitenote_note":"","_monsterinsights_sitenote_category":0},"product_brand":[],"product_cat":[126,127],"product_tag":[],"class_list":{"0":"post-242","1":"product","2":"type-product","3":"status-publish","4":"has-post-thumbnail","6":"product_cat-blumen","7":"product_cat-sativa-sorte","9":"first","10":"instock","11":"shipping-taxable","12":"purchasable","13":"product-type-variable"},"_links":{"self":[{"href":"https:\/\/caliweedonlineshop.com\/fr\/wp-json\/wp\/v2\/product\/242","targetHints":{"allow":["GET"]}}],"collection":[{"href":"https:\/\/caliweedonlineshop.com\/fr\/wp-json\/wp\/v2\/product"}],"about":[{"href":"https:\/\/caliweedonlineshop.com\/fr\/wp-json\/wp\/v2\/types\/product"}],"replies":[{"embeddable":true,"href":"https:\/\/caliweedonlineshop.com\/fr\/wp-json\/wp\/v2\/comments?post=242"}],"wp:featuredmedia":[{"embeddable":true,"href":"https:\/\/caliweedonlineshop.com\/fr\/wp-json\/wp\/v2\/media\/243"}],"wp:attachment":[{"href":"https:\/\/caliweedonlineshop.com\/fr\/wp-json\/wp\/v2\/media?parent=242"}],"wp:term":[{"taxonomy":"product_brand","embeddable":true,"href":"https:\/\/caliweedonlineshop.com\/fr\/wp-json\/wp\/v2\/product_brand?post=242"},{"taxonomy":"product_cat","embeddable":true,"href":"https:\/\/caliweedonlineshop.com\/fr\/wp-json\/wp\/v2\/product_cat?post=242"},{"taxonomy":"product_tag","embeddable":true,"href":"https:\/\/caliweedonlineshop.com\/fr\/wp-json\/wp\/v2\/product_tag?post=242"}],"curies":[{"name":"wp","href":"https:\/\/api.w.org\/{rel}","templated":true}]}}