{"id":250,"date":"2023-01-12T14:59:08","date_gmt":"2023-01-12T14:59:08","guid":{"rendered":"https:\/\/caliweedonlineshop.com\/?post_type=product&#038;p=250"},"modified":"2023-01-12T14:59:08","modified_gmt":"2023-01-12T14:59:08","slug":"geisterstamm-dunst","status":"publish","type":"product","link":"https:\/\/caliweedonlineshop.com\/fr\/product\/geisterstamm-dunst\/","title":{"rendered":"Geisterstamm-Dunst"},"content":{"rendered":"<h1>Acheter Ghost Strain Haze en ligne en Su\u00e8de<\/h1>\n<p>Achetez Ghost Strain Haze en ligne en Su\u00e8de. <a href=\"https:\/\/www.leafly.com\/strains\/ghost-og\" target=\"_blank\" rel=\"noopener\">Ghost Train<\/a> Cr\u00e9\u00e9e pour la premi\u00e8re fois par Rare Dankness, Haze est un croisement sativa entre Ghost OG et Neville's Wreck. Contrairement aux sativas typiques, Ghost Train Haze produit des bourgeons denses couverts de trichomes blancs recouverts de cristaux. Avec un ar\u00f4me acidul\u00e9 d'agrumes et de fleurs, Ghost Train Haze d\u00e9livre une puissante dose de THC pour engourdir la douleur, la d\u00e9pression et la perte d'app\u00e9tit, mais les patients y sont sujets. Acheter de l'herbe en ligne en Europe<\/p>\n<p>Les personnes souffrant d'anxi\u00e9t\u00e9 devraient rester \u00e0 l'\u00e9cart de ce m\u00e9dicament puissant. De faibles doses encouragent la concentration et la cr\u00e9ativit\u00e9, mais plus vous fumez, plus votre cerveau devient brumeux. Ghost Train Haze est une vari\u00e9t\u00e9 d'ext\u00e9rieur adapt\u00e9e aux climats chauds et a une p\u00e9riode de floraison de 65 \u00e0 80 jours en int\u00e9rieur. Biscuits Tropicana<\/p>\n<h3>Acheter Ghost Strain Haze en ligne en Su\u00e8de<\/h3>\n<p>Sativa-dominanter Hybrid &#8211; 80% Sativa \/ 20% Indica<\/p>\n<p>THC: 27%<\/p>\n<p>Ghost Train Haze est l'une des vari\u00e9t\u00e9s les plus intenses jamais existantes <a href=\"https:\/\/caliweedonlineshop.com\/fr\/\">Marihuana<\/a>-univers a \u00e9t\u00e9 introduit. Cette souche n'est pas pour les d\u00e9butants, apr\u00e8s tout, Ghost Train Haze a \u00e9t\u00e9 nomm\u00e9e \"Souche la plus puissante du monde\" par le magazine High Times en 2012. Issue de Ghost OG et de Neville's Wreck, cette vari\u00e9t\u00e9 affiche un niveau de THC d\u00e9mentiel de 27 %. La GTH est principalement sativa (ratio 80:20 sativa\/indica), donc si vous \u00eates un fumeur d\u00e9butant ou souffrez d'anxi\u00e9t\u00e9, vous feriez mieux de rester \u00e0 l'\u00e9cart de cette vari\u00e9t\u00e9 folle. Une forte consommation de GTH peut induire une sensation presque psych\u00e9d\u00e9lique pouvant induire une parano\u00efa. Les patients qui choisissent Ghost Train Haze sont ceux qui souffrent de d\u00e9pression ou ceux qui veulent juste passer un bon moment. A petites doses, la GTH peut facilement provoquer des \u00e9clats de rire et stimuler l'esprit cr\u00e9atif. L'ar\u00f4me de cette vari\u00e9t\u00e9 est un doux m\u00e9lange d'acide, d'agrumes et de pin qui est tr\u00e8s piquant. Avec une abondance de trichomes et de cheveux, GTH a l'air aussi g\u00e9nial qu'elle le pr\u00e9tend. Grande brume de citron<\/p>\n<p>La vari\u00e9t\u00e9 de cannabis Ghost Train Haze est un puissant hybride \u00e0 dominante sativa \u00e9lev\u00e9 par Rare Dankness. Elle a remport\u00e9 la premi\u00e8re place \u00e0 la High Times Cannabis Cup 2014 aux \u00c9tats-Unis dans la cat\u00e9gorie Sativa et la deuxi\u00e8me place \u00e0 la High Times Cannabis Cup 2013 dans la cat\u00e9gorie Medical Sativa. Les bourgeons sont denses, de couleur vert clair et satur\u00e9s de trichomes qui apparaissent presque blancs. Ghost Train Haze est tr\u00e8s puissante et a \u00e9t\u00e9 s\u00e9lectionn\u00e9e par High Times pour repr\u00e9senter les vari\u00e9t\u00e9s les plus puissantes au monde. Acheter Ghost Strain Haze en ligne en Su\u00e8de. Brume de mangue<br \/>\nsorte d'ivresse<br \/>\nLa vari\u00e9t\u00e9 de marijuana Ghost Train Haze provoque une euphorie c\u00e9r\u00e9brale \u00e0 faibles doses, am\u00e9liore l'humeur, augmente la concentration, d\u00e9tend le corps et a un effet analg\u00e9sique. Il peut exercer une pression sur les yeux et le nez. Des doses plus \u00e9lev\u00e9es peuvent induire de la parano\u00efa et des hallucinations. brume violette<br \/>\nG\u00e9n\u00e9tique<br \/>\nLa vari\u00e9t\u00e9 de cannabis Ghost Train Haze est un croisement entre Ghost OG et Nevil's Wreck (Trainwreck et Neville's Haze).<\/p>","protected":false},"excerpt":{"rendered":"<p>Cr\u00e9\u00e9e pour la premi\u00e8re fois par Rare Dankness, Ghost Train Haze est un croisement sativa entre Ghost OG et Neville's Wreck. Contrairement aux sativas typiques, Ghost Train Haze produit des bourgeons denses couverts de trichomes blancs recouverts de cristaux.<\/p>\n<p>&nbsp;<\/p>","protected":false},"featured_media":249,"comment_status":"open","ping_status":"closed","template":"","meta":{"om_disable_all_campaigns":false,"_monsterinsights_skip_tracking":false,"_monsterinsights_sitenote_active":false,"_monsterinsights_sitenote_note":"","_monsterinsights_sitenote_category":0},"product_brand":[],"product_cat":[126,127],"product_tag":[136,137,138,139,140,141],"class_list":{"0":"post-250","1":"product","2":"type-product","3":"status-publish","4":"has-post-thumbnail","6":"product_cat-blumen","7":"product_cat-sativa-sorte","8":"product_tag-buy-ghost-strain-haze-online-australia","9":"product_tag-buy-ghost-strain-haze-online-in-colorado","10":"product_tag-buy-ghost-strain-haze-online-in-europe","11":"product_tag-buy-ghost-strain-haze-online-in-las-vegas","12":"product_tag-buy-ghost-strain-haze-online-in-new-york","13":"product_tag-buy-ghost-strain-haze-online-in-usa","15":"first","16":"instock","17":"shipping-taxable","18":"purchasable","19":"product-type-variable"},"_links":{"self":[{"href":"https:\/\/caliweedonlineshop.com\/fr\/wp-json\/wp\/v2\/product\/250","targetHints":{"allow":["GET"]}}],"collection":[{"href":"https:\/\/caliweedonlineshop.com\/fr\/wp-json\/wp\/v2\/product"}],"about":[{"href":"https:\/\/caliweedonlineshop.com\/fr\/wp-json\/wp\/v2\/types\/product"}],"replies":[{"embeddable":true,"href":"https:\/\/caliweedonlineshop.com\/fr\/wp-json\/wp\/v2\/comments?post=250"}],"wp:featuredmedia":[{"embeddable":true,"href":"https:\/\/caliweedonlineshop.com\/fr\/wp-json\/wp\/v2\/media\/249"}],"wp:attachment":[{"href":"https:\/\/caliweedonlineshop.com\/fr\/wp-json\/wp\/v2\/media?parent=250"}],"wp:term":[{"taxonomy":"product_brand","embeddable":true,"href":"https:\/\/caliweedonlineshop.com\/fr\/wp-json\/wp\/v2\/product_brand?post=250"},{"taxonomy":"product_cat","embeddable":true,"href":"https:\/\/caliweedonlineshop.com\/fr\/wp-json\/wp\/v2\/product_cat?post=250"},{"taxonomy":"product_tag","embeddable":true,"href":"https:\/\/caliweedonlineshop.com\/fr\/wp-json\/wp\/v2\/product_tag?post=250"}],"curies":[{"name":"wp","href":"https:\/\/api.w.org\/{rel}","templated":true}]}}