{"id":255,"date":"2023-01-12T15:09:40","date_gmt":"2023-01-12T15:09:40","guid":{"rendered":"https:\/\/caliweedonlineshop.com\/?post_type=product&#038;p=255"},"modified":"2023-01-12T15:10:56","modified_gmt":"2023-01-12T15:10:56","slug":"grapefruit","status":"publish","type":"product","link":"https:\/\/caliweedonlineshop.com\/fr\/product\/grapefruit\/","title":{"rendered":"Grapefruit"},"content":{"rendered":"<h1>Acheter une vari\u00e9t\u00e9 de marijuana pamplemousse en ligne en FranceAcheter une vari\u00e9t\u00e9 de marijuana pamplemousse en ligne en France<\/h1>\n<p>Achetez une vari\u00e9t\u00e9 de marijuana au pamplemousse en ligne en France. Cette puissante sativa a \u00e9t\u00e9 cr\u00e9\u00e9e en croisant <a href=\"https:\/\/www.leafly.com\/strains\/cinderella-99\" target=\"_blank\" rel=\"noopener\">Centerrilla 99<\/a> d\u00e9velopp\u00e9 avec une sativa \u00e0 floraison rapide s\u00e9lectionn\u00e9e pour son riche ar\u00f4me de pamplemousse. Le parfum tropical d'agrumes du pamplemousse se m\u00eale aux effets \u00e9nergisants pour vous offrir un soulagement du stress heureux qui est \u00e9galement bon pour combattre les migraines.<\/p>\n<p>Bienvenue dans le monde du pamplemousse, le <a href=\"https:\/\/caliweedonlineshop.com\/fr\/\">Sativa<\/a>o\u00f9 elle est la patronne et o\u00f9 nous vivons tous selon ses r\u00e8gles. En tant que descendante de la souche Cinderella 99 crois\u00e9e avec une souche non identifi\u00e9e, la saveur ne ressemble \u00e0 aucune autre. ACHETER DE LA MARIJUANA EN LIGNE AUX PAYS-BAS<\/p>\n<p>Acheter une vari\u00e9t\u00e9 de marijuana pamplemousse en ligne en FranceAcheter une vari\u00e9t\u00e9 de marijuana pamplemousse en ligne en France<br \/>\nEsth\u00e9tique<\/p>\n<p>Les vari\u00e9t\u00e9s sont souvent mal \u00e9tiquet\u00e9es et re\u00e7oivent un nom qu'elles ne m\u00e9ritent pas. Le pamplemousse a exactement le go\u00fbt auquel vous vous attendez, seulement 10 fois mieux. Des notes citronn\u00e9es recouvrent la langue et ont le go\u00fbt d'un panach\u00e9 allemand co\u00fbteux. Si vous pensiez que le go\u00fbt \u00e9tait incroyable, attendez que le parfum p\u00e9n\u00e8tre dans vos narines. L'odeur est in\u00e9gal\u00e9e par tout autre bourgeon sur le march\u00e9. Big Mex Champignon Magique En Ligne USA<\/p>\n<p>Une exp\u00e9rience douce et aromatique qui fera croire \u00e0 votre cerveau que vous avez march\u00e9 t\u00eate la premi\u00e8re dans un pamplemousse fra\u00eechement cueilli. Que pouvez-vous souhaiter de plus en tant qu'amateur de vari\u00e9t\u00e9s fruit\u00e9es ?<\/p>\n<p>Pamplemousse Effets + B\u00e9n\u00e9fices<\/p>\n<p>Vous avez tous les ustensiles n\u00e9cessaires : pinceaux, chevalet, eau et peintures acryliques sont pr\u00eats pour un apr\u00e8s-midi plein de magie. Lorsque vous tapotez le pinceau dans la couleur jaune pour la 5e fois, votre cerveau est verrouill\u00e9 comme si vous aviez le frein \u00e0 main serr\u00e9. L\u00e9g\u00e8rement frustr\u00e9, vous reposez la brosse et soupirez. Peut-\u00eatre qu'aujourd'hui n'est pas le bon moment. Acheter des comprim\u00e9s de diaz\u00e9pam 10mg en ligne<\/p>\n<p>un domaine hautement cr\u00e9atif. Dans les instants de consommation, c'est comme si les oeill\u00e8res du cheval se desserraient et que la brosse bougeait toute seule. C'est ainsi que l'art devrait \u00eatre, simple et r\u00e9ducteur de stress, et non le contraire.<\/p>\n<p>Il est difficile de trouver une vari\u00e9t\u00e9 adapt\u00e9e \u00e0 une utilisation en journ\u00e9e. Juste au moment o\u00f9 vous pensez l'avoir trouv\u00e9e, il semble que quelques heures plus tard, vous vous rendormiez d\u00e9j\u00e0. Le pamplemousse a de nombreux c\u00f4t\u00e9s positifs, mais sa plus grande arme est le manque de s\u00e9dation et de sentiment de bien-\u00eatre. La peur n'a pas d'importance, elle se dissout comme du sel dans l'eau et lave tout sentiment de malaise. Acheter une vari\u00e9t\u00e9 de marijuana pamplemousse en ligne en France<\/p>\n<p>Une bonne vari\u00e9t\u00e9 comme celle-ci n'arrive pas tous les jours. Sortez et entrez dans la vie avec la confiance n\u00e9cessaire pour prendre les devants avec le pamplemousse. ACHETER DES BISCUITS SCOUT EN LIGNE EN EUROPE<\/p>\n<p>Bis zu 18-20% THC<\/p>","protected":false},"excerpt":{"rendered":"<p>Bienvenue dans le monde du pamplemousse, la sativa, o\u00f9 elle est la patronne et o\u00f9 nous vivons tous selon ses r\u00e8gles. Descendant de la souche Cinderella 99 crois\u00e9e avec une souche non identifi\u00e9e, la saveur ne ressemble \u00e0 aucune autre.<\/p>\n<p>&nbsp;<\/p>","protected":false},"featured_media":256,"comment_status":"open","ping_status":"closed","template":"","meta":{"om_disable_all_campaigns":false,"_monsterinsights_skip_tracking":false,"_monsterinsights_sitenote_active":false,"_monsterinsights_sitenote_note":"","_monsterinsights_sitenote_category":0},"product_brand":[],"product_cat":[126,127],"product_tag":[142,143,144,145,146,147],"class_list":{"0":"post-255","1":"product","2":"type-product","3":"status-publish","4":"has-post-thumbnail","6":"product_cat-blumen","7":"product_cat-sativa-sorte","8":"product_tag-buy-grapefruit-online-in-australia","9":"product_tag-buy-grapefruit-online-in-colorado","10":"product_tag-buy-grapefruit-online-in-europe","11":"product_tag-buy-grapefruit-online-in-las-vegas","12":"product_tag-buy-grapefruit-online-in-mexico","13":"product_tag-buy-grapefruit-online-in-new-york","15":"first","16":"instock","17":"shipping-taxable","18":"purchasable","19":"product-type-variable"},"_links":{"self":[{"href":"https:\/\/caliweedonlineshop.com\/fr\/wp-json\/wp\/v2\/product\/255","targetHints":{"allow":["GET"]}}],"collection":[{"href":"https:\/\/caliweedonlineshop.com\/fr\/wp-json\/wp\/v2\/product"}],"about":[{"href":"https:\/\/caliweedonlineshop.com\/fr\/wp-json\/wp\/v2\/types\/product"}],"replies":[{"embeddable":true,"href":"https:\/\/caliweedonlineshop.com\/fr\/wp-json\/wp\/v2\/comments?post=255"}],"wp:featuredmedia":[{"embeddable":true,"href":"https:\/\/caliweedonlineshop.com\/fr\/wp-json\/wp\/v2\/media\/256"}],"wp:attachment":[{"href":"https:\/\/caliweedonlineshop.com\/fr\/wp-json\/wp\/v2\/media?parent=255"}],"wp:term":[{"taxonomy":"product_brand","embeddable":true,"href":"https:\/\/caliweedonlineshop.com\/fr\/wp-json\/wp\/v2\/product_brand?post=255"},{"taxonomy":"product_cat","embeddable":true,"href":"https:\/\/caliweedonlineshop.com\/fr\/wp-json\/wp\/v2\/product_cat?post=255"},{"taxonomy":"product_tag","embeddable":true,"href":"https:\/\/caliweedonlineshop.com\/fr\/wp-json\/wp\/v2\/product_tag?post=255"}],"curies":[{"name":"wp","href":"https:\/\/api.w.org\/{rel}","templated":true}]}}