{"id":261,"date":"2023-01-12T15:19:41","date_gmt":"2023-01-12T15:19:41","guid":{"rendered":"https:\/\/caliweedonlineshop.com\/?post_type=product&#038;p=261"},"modified":"2023-01-12T15:19:41","modified_gmt":"2023-01-12T15:19:41","slug":"gruener-riss","status":"publish","type":"product","link":"https:\/\/caliweedonlineshop.com\/fr\/product\/gruener-riss\/","title":{"rendered":"Gr\u00fcner Riss"},"content":{"rendered":"<h1>Acheter du crack vert en ligne Croatie<\/h1>\n<p>Achetez Green Crack en ligne en Croatie. Ne vous laissez pas tromper par le nom : c'est du pur cannabis. Il existe peu de vari\u00e9t\u00e9s comparables \u00e0 la Green Crack, provoquant un high mental revigorant qui vous gardera sous tension tout au long de la journ\u00e9e. Avec un go\u00fbt acidul\u00e9 et fruit\u00e9 rappelant la mangue, Green Crack est une excellente vari\u00e9t\u00e9 de jour qui peut aider les utilisateurs \u00e0 g\u00e9rer la fatigue<\/p>\n<p>Combat la fatigue, le stress et la d\u00e9pression. Parce que le nom est une image n\u00e9gative de <a href=\"https:\/\/caliweedonlineshop.com\/fr\/\">Cannabis<\/a> v\u00e9hicul\u00e9e, certaines personnes appellent cette vari\u00e9t\u00e9 Cush (avec un 'C') ou Green Cush \u00e0 la place.<\/p>\n<p>Tout le monde traverse parfois une phase de fatigue. Avec nos vies tr\u00e9pidantes et nos horaires exigeants, ce n'est qu'une question de temps avant que notre \u00e9nergie ne soit compl\u00e8tement \u00e9puis\u00e9e. Nous avons la solution parfaite \u00e0 ce g\u00e2chis : Green Crack. C'est la vari\u00e9t\u00e9 sativa de vos r\u00eaves.<\/p>\n<p>Issu de la <a href=\"https:\/\/en.seedfinder.eu\/strain-info\/Skunk_Nr1\/Sensi_Seeds\/\" target=\"_blank\" rel=\"noopener\">Skunk #1 Linie<\/a>, ist <a href=\"https:\/\/www.leafly.com\/strains\/green-crack\" target=\"_blank\" rel=\"noopener\">GC<\/a> un d\u00e9lice pour tous les consommateurs de cannabis. Surtout Snoop Dogg, qui l'appelait sa vari\u00e9t\u00e9 pr\u00e9f\u00e9r\u00e9e. petit pain au miel<\/p>\n<p>Esth\u00e9tique CG<\/p>\n<p>Green Crack regorge de notes fruit\u00e9es et \u00e9pic\u00e9es qui stimulent les sens. La fum\u00e9e est l\u00e9g\u00e8re et facile \u00e0 inhaler, parfaite pour ceux qui d\u00e9couvrent le monde du cannabis. Les bourgeons sont denses mais de petite taille. Les utilisateurs peuvent remarquer que les bourgeons ressemblent \u00e0 du \"pop-corn\". Acheter des champignons magiques cubains en ligne<\/p>\n<h2>Acheter Green Crack en ligne Croatie<\/h2>\n<p>Green Crack est une fum\u00e9e savoureuse, mais sa vraie beaut\u00e9 r\u00e9side dans son euphorie \u00e9nergique. Big Mex Champignon Magique En Ligne USA<\/p>\n<p>Effets Green Crack + Avantages. Acheter BROWNIE \u00c0 LA MENTHE POIVR\u00c9E INFUS\u00c9E AU CANNABIS<\/p>\n<p>D\u00e8s que GC atteint le syst\u00e8me, une pouss\u00e9e d'\u00e9nergie vivifiante acc\u00e9l\u00e8re les processus mentaux. Votre pens\u00e9e devient plus rapide, plus claire et pleine de plans complexes. La pens\u00e9e abstraite devient une seconde nature, suivie d'un fort sentiment de concentration. La plupart des utilisateurs notent que la souche est mieux utilis\u00e9e pendant la journ\u00e9e. Les 5 Meilleures Marques De V\u00eatements De Cannabis<\/p>\n<p>Bien que Green Crack soit excellent le matin, il devrait \u00e9galement \u00eatre utilis\u00e9 le soir. Imaginer. Acheter des biscuits au th\u00e9 sucr\u00e9<\/p>\n<p>Vous feuilletez votre guide d'\u00e9tude et vous oubliez o\u00f9 vous en \u00eates. Chaque page est floue et vos nerfs sont \u00e0 vif. Vous sentez qu'il est temps pour un double expresso ou Redbull. Acheter Banane Runtz<\/p>\n<p>Les avantages m\u00e9dicaux sont \u00e9galement multiples. GC soulage le stress et r\u00e9duit la d\u00e9pression et l'anxi\u00e9t\u00e9 dans les cas b\u00e9nins. De plus, cette souche est optimale pour une utilisation pendant la journ\u00e9e pour soulager les sympt\u00f4mes de la douleur chronique. acheter des p\u00eaches<\/p>\n<p>D\u00e9posez la boisson \u00e9nergisante et prenez Green Crack. Vous nous remercierez plus tard. Acheter Biscuit Super Og<\/p>","protected":false},"excerpt":{"rendered":"<p>Ne vous laissez pas tromper par le nom : c'est du pur cannabis. Il y a peu de vari\u00e9t\u00e9s comparables \u00e0 la Green Crack car elle provoque un high mental \u00e9difiant qui vous accompagnera tout au long de la journ\u00e9e.<\/p>","protected":false},"featured_media":262,"comment_status":"open","ping_status":"closed","template":"","meta":{"om_disable_all_campaigns":false,"_monsterinsights_skip_tracking":false,"_monsterinsights_sitenote_active":false,"_monsterinsights_sitenote_note":"","_monsterinsights_sitenote_category":0},"product_brand":[],"product_cat":[126,127],"product_tag":[],"class_list":{"0":"post-261","1":"product","2":"type-product","3":"status-publish","4":"has-post-thumbnail","6":"product_cat-blumen","7":"product_cat-sativa-sorte","9":"first","10":"instock","11":"shipping-taxable","12":"purchasable","13":"product-type-variable"},"_links":{"self":[{"href":"https:\/\/caliweedonlineshop.com\/fr\/wp-json\/wp\/v2\/product\/261","targetHints":{"allow":["GET"]}}],"collection":[{"href":"https:\/\/caliweedonlineshop.com\/fr\/wp-json\/wp\/v2\/product"}],"about":[{"href":"https:\/\/caliweedonlineshop.com\/fr\/wp-json\/wp\/v2\/types\/product"}],"replies":[{"embeddable":true,"href":"https:\/\/caliweedonlineshop.com\/fr\/wp-json\/wp\/v2\/comments?post=261"}],"wp:featuredmedia":[{"embeddable":true,"href":"https:\/\/caliweedonlineshop.com\/fr\/wp-json\/wp\/v2\/media\/262"}],"wp:attachment":[{"href":"https:\/\/caliweedonlineshop.com\/fr\/wp-json\/wp\/v2\/media?parent=261"}],"wp:term":[{"taxonomy":"product_brand","embeddable":true,"href":"https:\/\/caliweedonlineshop.com\/fr\/wp-json\/wp\/v2\/product_brand?post=261"},{"taxonomy":"product_cat","embeddable":true,"href":"https:\/\/caliweedonlineshop.com\/fr\/wp-json\/wp\/v2\/product_cat?post=261"},{"taxonomy":"product_tag","embeddable":true,"href":"https:\/\/caliweedonlineshop.com\/fr\/wp-json\/wp\/v2\/product_tag?post=261"}],"curies":[{"name":"wp","href":"https:\/\/api.w.org\/{rel}","templated":true}]}}