{"id":267,"date":"2023-01-12T15:26:07","date_gmt":"2023-01-12T15:26:07","guid":{"rendered":"https:\/\/caliweedonlineshop.com\/?post_type=product&#038;p=267"},"modified":"2023-01-12T15:26:07","modified_gmt":"2023-01-12T15:26:07","slug":"hawaiianischer-dunst","status":"publish","type":"product","link":"https:\/\/caliweedonlineshop.com\/fr\/product\/hawaiianischer-dunst\/","title":{"rendered":"Hawaiianischer Dunst"},"content":{"rendered":"<h1>Acheter Hawaiian Haze Strain en ligne au Danemark<\/h1>\n<p>Achetez la vari\u00e9t\u00e9 Hawaiian Haze en ligne au Danemark. Hawaiian Haze est une vari\u00e9t\u00e9 principalement sativa qui produit des effets sativa de haute qualit\u00e9. Un m\u00e9lange de <a href=\"https:\/\/www.leafly.com\/strains\/hawaiian-haze\" target=\"_blank\" rel=\"noopener\">Hawaiian und Haze Genetik<\/a>, ces bourgeons l\u00e9gers et a\u00e9r\u00e9s vous feront avoir la t\u00eate dans les nuages. De nombreux utilisateurs signalent \u00e9galement que cela les rend sociables et bavards, ce qui peut donc \u00eatre une bonne fum\u00e9e de jour. Haze hawa\u00efenne. Acheter de l'herbe en ligne Europe<\/p>\n<p>L'odeur florale et le go\u00fbt des fruits tropicaux pourraient vous faire r\u00eaver de vacances sur une \u00eele. Ces plantes sont hautes et \u00e0 floraison lente, prenant entre 12 et 14 semaines, elles sont donc probablement mieux adapt\u00e9es \u00e0 un cultivateur avec de l'exp\u00e9rience et de la patience.<\/p>\n<p>Un m\u00e9lange de g\u00e9n\u00e9tiques hawa\u00efennes et Haze, un hybride \u00e9quilibr\u00e9 50\/50, ces bourgeons l\u00e9gers et a\u00e9r\u00e9s auront la t\u00eate dans les nuages.acheter diamant OG Hash<\/p>\n<p>Big Mex Champignon Magique En Ligne USA<\/p>\n<h2>Acheter Hawaiian Haze Strain en ligne au Danemark<\/h2>\n<p>Attendez-vous \u00e0 \u00eatre tr\u00e8s sociable et bavard, donc mieux appr\u00e9ci\u00e9 en groupe pendant la journ\u00e9e.acheter Lemon Skittle<\/p>\n<p>Le parfum floral et le go\u00fbt de fruits tropicaux d'Hawaiian Haze pourraient vous faire r\u00eaver de vacances sur une \u00eele. Acheter des comprim\u00e9s de diaz\u00e9pam 10 mg en ligne.<\/p>\n<p>Elle appara\u00eet principalement comme une vari\u00e9t\u00e9 sativa et offre un niveau de THC stup\u00e9fiant de 26 %.buyParallax Shop<\/p>\n<p>Hawaiian Haze offre un m\u00e9lange exquis de saveurs bois\u00e9es, tropicales et de pin qui sont d\u00e9finitivement \u00e0 attendre.acheterCHOCOLATE FUDGE BROWNIE<\/p>\n<p>Apr\u00e8s avoir fum\u00e9 cette vari\u00e9t\u00e9, vous vous sentirez \u00e0 la fois \u00e9nergique et euphorique. Si vous passez une mauvaise journ\u00e9e, Hawaiian Haze est exactement ce dont vous avez besoin pour vous remettre sur la bonne voie.<\/p>\n<p>QUALIT\u00c9 GARANTIE<\/p>\n<p>Notre objectif est de vous offrir des fleurs de cannabis de la plus haute qualit\u00e9, provenant de cultivateurs soigneux et qualifi\u00e9s qui prennent soin des plantes depuis le moment o\u00f9 la graine est enfouie dans le sol organique jusqu'\u00e0 ce qu'elle vous parvienne. Toutes nos fleurs de chanvre CBD premium sont test\u00e9es en laboratoire de mani\u00e8re ind\u00e9pendante pour garantir leur l\u00e9galit\u00e9. Comme pour tous nos produits, un code QR qui m\u00e8ne directement \u00e0 notre page de r\u00e9sultats de laboratoire se trouve sur l'\u00e9tiquette de l'emballage de chaque produit. acheter du raisin CBD Vape Pen<\/p>\n<p>Acheter des tablettes de chocolat Mushee Magic Mushroom<\/p>","protected":false},"excerpt":{"rendered":"<p>L'odeur florale et le go\u00fbt de fruits tropicaux de Hawaiian Haze pourraient vous faire r\u00eaver de vacances sur une \u00eele.<\/p>\n<p>Elle appara\u00eet principalement comme une vari\u00e9t\u00e9 sativa, d\u00e9livrant un niveau de THC stup\u00e9fiant de 26 %.<\/p>","protected":false},"featured_media":268,"comment_status":"open","ping_status":"closed","template":"","meta":{"om_disable_all_campaigns":false,"_monsterinsights_skip_tracking":false,"_monsterinsights_sitenote_active":false,"_monsterinsights_sitenote_note":"","_monsterinsights_sitenote_category":0},"product_brand":[],"product_cat":[126,127],"product_tag":[],"class_list":{"0":"post-267","1":"product","2":"type-product","3":"status-publish","4":"has-post-thumbnail","6":"product_cat-blumen","7":"product_cat-sativa-sorte","9":"first","10":"instock","11":"shipping-taxable","12":"purchasable","13":"product-type-variable"},"_links":{"self":[{"href":"https:\/\/caliweedonlineshop.com\/fr\/wp-json\/wp\/v2\/product\/267","targetHints":{"allow":["GET"]}}],"collection":[{"href":"https:\/\/caliweedonlineshop.com\/fr\/wp-json\/wp\/v2\/product"}],"about":[{"href":"https:\/\/caliweedonlineshop.com\/fr\/wp-json\/wp\/v2\/types\/product"}],"replies":[{"embeddable":true,"href":"https:\/\/caliweedonlineshop.com\/fr\/wp-json\/wp\/v2\/comments?post=267"}],"wp:featuredmedia":[{"embeddable":true,"href":"https:\/\/caliweedonlineshop.com\/fr\/wp-json\/wp\/v2\/media\/268"}],"wp:attachment":[{"href":"https:\/\/caliweedonlineshop.com\/fr\/wp-json\/wp\/v2\/media?parent=267"}],"wp:term":[{"taxonomy":"product_brand","embeddable":true,"href":"https:\/\/caliweedonlineshop.com\/fr\/wp-json\/wp\/v2\/product_brand?post=267"},{"taxonomy":"product_cat","embeddable":true,"href":"https:\/\/caliweedonlineshop.com\/fr\/wp-json\/wp\/v2\/product_cat?post=267"},{"taxonomy":"product_tag","embeddable":true,"href":"https:\/\/caliweedonlineshop.com\/fr\/wp-json\/wp\/v2\/product_tag?post=267"}],"curies":[{"name":"wp","href":"https:\/\/api.w.org\/{rel}","templated":true}]}}