{"id":287,"date":"2023-01-12T15:55:04","date_gmt":"2023-01-12T15:55:04","guid":{"rendered":"https:\/\/caliweedonlineshop.com\/?post_type=product&#038;p=287"},"modified":"2023-01-12T15:55:04","modified_gmt":"2023-01-12T15:55:04","slug":"jack-herer","status":"publish","type":"product","link":"https:\/\/caliweedonlineshop.com\/fr\/product\/jack-herer\/","title":{"rendered":"Jack Herer"},"content":{"rendered":"<h1>Acheter Jack Herer en ligne en Europe<\/h1>\n<p>Acheter Jack Herer en ligne en Europe. Jack Herer est une vari\u00e9t\u00e9 de cannabis \u00e0 dominance sativa qui est devenue aussi connue que son homonyme, l'activiste de la marijuana et auteur de The <a href=\"https:\/\/en.wikipedia.org\/wiki\/The_Emperor_Wears_No_Clothes\" target=\"_blank\" rel=\"noopener\">Emperor Wears No Clothes<\/a>. En combinant un <a href=\"https:\/\/www.leafly.com\/strains\/haze\" target=\"_blank\" rel=\"noopener\">Haze-Hybriden<\/a> mit einer <a href=\"https:\/\/www.ilovegrowingmarijuana.com\/strains\/northern-lights-no-5\/\" target=\"_blank\" rel=\"noopener\">Northern Lights #5<\/a> und einer <a href=\"https:\/\/www.wikileaf.com\/strain\/shiva-skunk\/\" target=\"_blank\" rel=\"noopener\">Shiva Skunk<\/a>hybride cr\u00e9\u00e9 par Sensi Seeds Jack Herer dans l'espoir d'obtenir \u00e0 la fois un high c\u00e9r\u00e9bral et une forte production de r\u00e9sine. Son riche patrimoine g\u00e9n\u00e9tique se traduit par plusieurs variations de Jack Herer, chaque ph\u00e9notype ayant ses propres traits et effets uniques. Cependant, les utilisateurs d\u00e9crivent g\u00e9n\u00e9ralement cet hybride \u00e0 55 % sativa comme heureux, lucide et cr\u00e9atif. Acheter de l'herbe de haute qualit\u00e9 en ligne en Europe<\/p>\n<p>La Jack Herer a \u00e9t\u00e9 d\u00e9velopp\u00e9e aux Pays-Bas au milieu des ann\u00e9es 1990, o\u00f9 elle a ensuite \u00e9t\u00e9 distribu\u00e9e par les pharmacies n\u00e9erlandaises en tant que souche m\u00e9dicinale reconnue. Depuis lors, cette vari\u00e9t\u00e9 \u00e9pic\u00e9e au parfum de pin a remport\u00e9 de nombreux prix pour sa qualit\u00e9 et sa puissance. De nombreux s\u00e9lectionneurs ont tent\u00e9 de reproduire eux-m\u00eames cette souche principale dans des climats ensoleill\u00e9s ou m\u00e9diterran\u00e9ens. Les cultivateurs en int\u00e9rieur doivent attendre 50 \u00e0 70 jours pour que la Jack Herer fleurisse. Acheter Candy Jack<\/p>\n<p>&nbsp;<\/p>\n<p>La souche Jack Herer est l'une des plus connues en Am\u00e9rique du Nord. Le <a href=\"https:\/\/www.wikileaf.com\/strain\/shiva-skunk\/\" target=\"_blank\" rel=\"noopener\">Sativa<\/a> tire son nom de Jack Herer, l'auteur de The Emperor Wears No Clothes. Son engagement \u00e0 diffuser des informations pro-cannabis est bien connu. Il est consid\u00e9r\u00e9 comme l'un des anc\u00eatres de la l\u00e9galisation. Acheter Mango Haze<\/p>\n<p>Gr\u00e2ce \u00e0 Sensi Seeds, la l\u00e9gende de Jack Herer vit dans les foyers de millions de personnes. acheter Jack<\/p>\n<p>Frosties Cookies descend de Northern Lights #5 et de Shiva Skunk. Acheter des aurores bor\u00e9ales<\/p>\n<p>&nbsp;<\/p>\n<p>Esth\u00e9tique<\/p>\n<p>La plupart connaissent Jack Herer pour son impact, mais son apparence n'est pas diff\u00e9rente. Ses bourgeons denses sont remplis de trichomes, ce qui en fait une plante collante. Nous vous recommandons d'utiliser des gants lors de l'\u00e9clatement ou de la coupe. Acheter des biscuits Chapo<\/p>\n<p>Si vous souhaitez ajouter une vari\u00e9t\u00e9 prim\u00e9e \u00e0 votre r\u00e9pertoire, ne cherchez pas plus loin. La liste des troph\u00e9es de Jack Herer est impressionnante. Elle poss\u00e8de actuellement 9 championnats de la Cannabis Cup et d'innombrables autres r\u00e9compenses locales du monde entier. Acheter des cailloux fruit\u00e9s<\/p>\n<p>Avec sa vari\u00e9t\u00e9 paradisiaque de parfums et de saveurs d'agrumes, comment ne pourrait-il pas r\u00e9colter des r\u00e9compenses comme celle-ci ? Pour couronner le tout, fumer Jack Herer produit un arri\u00e8re-go\u00fbt de pin qui me rappelle les for\u00eats luxuriantes du nord-ouest du Pacifique. Les nouveaux arrivants appr\u00e9cieront la fum\u00e9e douce et agr\u00e9able \u00e0 la gorge. Acheter Garrison Lane<\/p>\n<h2>Acheter Jack Herer en ligne en Europe<\/h2>\n<p>Jack Here Effets + Avantages<\/p>\n<p>Une fois consomm\u00e9, l'effet se d\u00e9clenche imm\u00e9diatement. Un l\u00e9ger bourdonnement commence dans la t\u00eate, revigorant les sens et lib\u00e9rant des tonnes d'endorphines. Au fur et \u00e0 mesure que le high progresse, le high se d\u00e9place dans le corps. Pas tant pour d\u00e9capiter l'utilisateur, mais suffisamment pour qu'il se sente d\u00e9tendu et l\u00e9ger. Acheter du diesel acide<\/p>\n<p>Les effets cr\u00e9atifs de Jack sont incomparables. Du moment o\u00f9 la fum\u00e9e frappe la langue jusqu'au moment o\u00f9 le profil cannabino\u00efde entre dans la circulation sanguine, un \u00e9veil artistique a lieu. Entrer dans un \u00e9tat de concentration sur l'art, la musique, l'\u00e9criture et d'autres m\u00e9tiers est transparent. L'activit\u00e9 c\u00e9r\u00e9brale comprend un sentiment d'\u00e9merveillement mondain qui am\u00e8ne l'utilisateur \u00e0 remettre en question son existence. Acheter un g\u00e2teau aux cerises<\/p>\n<p>Avertissement : Si vos amis ne veulent pas entendre vos pens\u00e9es profondes sur Jack Herer, il est temps de vous faire de nouveaux amis ! Big Mex Champignon Magique En Ligne USA<\/p>\n<p>Avertissement : Si vos amis ne veulent pas entendre vos pens\u00e9es profondes sur Jack Herer, il est temps de vous faire de nouveaux amis ! Big Mex Champignon Magique En Ligne USA<\/p>\n<p>Non seulement les qualit\u00e9s cr\u00e9atives et sociales rendent cette vari\u00e9t\u00e9 tr\u00e8s sp\u00e9ciale, mais l'euphorie qu'elle induit aide ceux qui souffrent de d\u00e9pression. Elle transforme la tristesse en fleur, la tristesse en joie. Acheter Skittle Citron<\/p>\n<p>Inutile de dire que Jack Herer est un excellent choix pour les m\u00e9dicaments de jour. Quelques coups et c'est un buzz de fond, mais m\u00eame en plus grande quantit\u00e9, les effets \u00e9nergisants permettent aux utilisateurs de continuer leur vie. Achetez Jack Herer en ligne en Europe Achetez Member Berry.<\/p>","protected":false},"excerpt":{"rendered":"<p>Jack Herer est une vari\u00e9t\u00e9 de cannabis \u00e0 dominance sativa qui est devenue aussi connue que son homonyme, l'activiste de la marijuana et auteur de The Emperor Wears No Clothes.<\/p>\n<p>&nbsp;<\/p>","protected":false},"featured_media":288,"comment_status":"open","ping_status":"closed","template":"","meta":{"om_disable_all_campaigns":false,"_monsterinsights_skip_tracking":false,"_monsterinsights_sitenote_active":false,"_monsterinsights_sitenote_note":"","_monsterinsights_sitenote_category":0},"product_brand":[],"product_cat":[126,127],"product_tag":[155,156,157,158,159],"class_list":{"0":"post-287","1":"product","2":"type-product","3":"status-publish","4":"has-post-thumbnail","6":"product_cat-blumen","7":"product_cat-sativa-sorte","8":"product_tag-buy-jack-herer-online-in-chicago","9":"product_tag-buy-jack-herer-online-in-colorado","10":"product_tag-buy-jack-herer-online-in-houston","11":"product_tag-buy-jack-herer-online-in-los-angeles","12":"product_tag-buy-jack-herer-online-in-usa","14":"first","15":"instock","16":"shipping-taxable","17":"purchasable","18":"product-type-variable"},"_links":{"self":[{"href":"https:\/\/caliweedonlineshop.com\/fr\/wp-json\/wp\/v2\/product\/287","targetHints":{"allow":["GET"]}}],"collection":[{"href":"https:\/\/caliweedonlineshop.com\/fr\/wp-json\/wp\/v2\/product"}],"about":[{"href":"https:\/\/caliweedonlineshop.com\/fr\/wp-json\/wp\/v2\/types\/product"}],"replies":[{"embeddable":true,"href":"https:\/\/caliweedonlineshop.com\/fr\/wp-json\/wp\/v2\/comments?post=287"}],"wp:featuredmedia":[{"embeddable":true,"href":"https:\/\/caliweedonlineshop.com\/fr\/wp-json\/wp\/v2\/media\/288"}],"wp:attachment":[{"href":"https:\/\/caliweedonlineshop.com\/fr\/wp-json\/wp\/v2\/media?parent=287"}],"wp:term":[{"taxonomy":"product_brand","embeddable":true,"href":"https:\/\/caliweedonlineshop.com\/fr\/wp-json\/wp\/v2\/product_brand?post=287"},{"taxonomy":"product_cat","embeddable":true,"href":"https:\/\/caliweedonlineshop.com\/fr\/wp-json\/wp\/v2\/product_cat?post=287"},{"taxonomy":"product_tag","embeddable":true,"href":"https:\/\/caliweedonlineshop.com\/fr\/wp-json\/wp\/v2\/product_tag?post=287"}],"curies":[{"name":"wp","href":"https:\/\/api.w.org\/{rel}","templated":true}]}}