{"id":293,"date":"2023-01-12T18:07:50","date_gmt":"2023-01-12T18:07:50","guid":{"rendered":"https:\/\/caliweedonlineshop.com\/?post_type=product&#038;p=293"},"modified":"2023-01-12T18:07:50","modified_gmt":"2023-01-12T18:07:50","slug":"zitronenkuchen","status":"publish","type":"product","link":"https:\/\/caliweedonlineshop.com\/fr\/product\/zitronenkuchen\/","title":{"rendered":"Zitronenkuchen"},"content":{"rendered":"<h1>Acheter du g\u00e2teau au citron en ligne en Europe<\/h1>\n<p>Acheter Lemon Cake en ligne en Europe. Lemon Cake par Heavyweight Seeds est une puissante vari\u00e9t\u00e9 \u00e0 dominance sativa avec des ar\u00f4mes sucr\u00e9s et musqu\u00e9s. Aussi connu sous le nom de Lemon Cheesecake, Lemon Cake est un croisement entre Lemon Skunk et un \u00ab Cheese dangereusement fort \u00bb, selon HS. Avec une p\u00e9riode de floraison de neuf \u00e0 dix semaines, une morphologie trapue et des rendements abondants, Lemon Cake convient aux cultivateurs.<\/p>\n<p>surtout pour ceux qui sont \u00e0 l'ext\u00e9rieur. Cette vari\u00e9t\u00e9 d\u00e9gage un ar\u00f4me piquant d'agrumes avec une nuance musqu\u00e9e de fromage. Heavyweight Seeds recommande de consommer cette vari\u00e9t\u00e9 pour lutter contre le stress, le manque d'app\u00e9tit et les l\u00e9gers maux physiques \u00e0 la menthe.<\/p>\n<p>Lemon Cake Cannabis est une vari\u00e9t\u00e9 hybride cr\u00e9\u00e9e \u00e0 l'origine par Heavyweight Seeds. Elle est l'enfant de deux vari\u00e9t\u00e9s parentes c\u00e9l\u00e8bres : Lemon Skunk et Cheese, d'o\u00f9 le nom complet de Lemon Cheesecake. \u00c9lev\u00e9 par Elite pour garantir une qualit\u00e9 de qualit\u00e9 m\u00e9dicale, chaque sachet scell\u00e9 que vous recevez contient certaines des herbes les plus fines et les plus fortes de Californie. Impressionnant, Lemon Cake affiche des niveaux de THC incroyablement \u00e9lev\u00e9s.<\/p>\n<h2>Acheter Lemon Cake en ligne en Europe<\/h2>\n<p>L'effet est imm\u00e9diat. Vous ressentirez d'abord un puissant high sativa qui durera un certain temps avant de d\u00e9tendre tout votre corps et de vous bercer dans un sommeil paisible. C'est une vari\u00e9t\u00e9 puissante, percutante et de longue dur\u00e9e connue pour son high \u00e9nergique et actif. Malgr\u00e9 sa capacit\u00e9 \u00e0 \u00eatre consomm\u00e9e en journ\u00e9e, c'est une vari\u00e9t\u00e9 incroyablement puissante. Essayez d'\u00e9viter d'utiliser de la machinerie lourde ou d'avoir des ennuis. Acheter des comprim\u00e9s de diaz\u00e9pam 10mg en ligne<\/p>\n<p>Pour les patients, Lemon Cake est une vari\u00e9t\u00e9 pr\u00e9cieuse. Elle est riche en terp\u00e8nes, flavono\u00efdes et autres cannabino\u00efdes, pas seulement en THC et en CBD. Les gens utilisent ces bourgeons pour soulager l'anxi\u00e9t\u00e9, la d\u00e9pression, la fatigue, le stress, la douleur chronique, les naus\u00e9es, les maux de t\u00eate, les spasmes musculaires, la spasticit\u00e9, les vomissements, la perte d'app\u00e9tit et plus encore. Il est anti-inflammatoire, anticanc\u00e9reux, antioxydant, anxiolytique, analg\u00e9sique, anti-\u00e9m\u00e9tique et tout le reste. Big Mex Champignon Magique En Ligne USA<\/p>\n<p>Lemon Cake ne discrimine personne. Les utilisateurs m\u00e9dicinaux et r\u00e9cr\u00e9atifs adorent ces t\u00eates d'Elite. Ils sont d\u00e9licieusement citronn\u00e9s, incroyablement puissants, agr\u00e9ablement \u00e9nergisants et id\u00e9aux pour une utilisation de jour BROWNIE \u00c0 LA MENTHE POIVR\u00c9E INFUS\u00c9E AU CANNABIS.<\/p>\n<p>THC: 25,66%.<\/p>","protected":false},"excerpt":{"rendered":"<p>Lemon Cake par Heavyweight Seeds est une puissante vari\u00e9t\u00e9 \u00e0 dominance sativa avec des ar\u00f4mes sucr\u00e9s et musqu\u00e9s. Aussi connu sous le nom de Lemon Cheesecake, Lemon Cake est un croisement entre Lemon Skunk et un \u00ab Cheese dangereusement fort \u00bb, selon HS.<\/p>\n<p>&nbsp;<\/p>","protected":false},"featured_media":294,"comment_status":"open","ping_status":"closed","template":"","meta":{"om_disable_all_campaigns":false,"_monsterinsights_skip_tracking":false,"_monsterinsights_sitenote_active":false,"_monsterinsights_sitenote_note":"","_monsterinsights_sitenote_category":0},"product_brand":[],"product_cat":[126,127],"product_tag":[],"class_list":{"0":"post-293","1":"product","2":"type-product","3":"status-publish","4":"has-post-thumbnail","6":"product_cat-blumen","7":"product_cat-sativa-sorte","9":"first","10":"instock","11":"shipping-taxable","12":"purchasable","13":"product-type-variable"},"_links":{"self":[{"href":"https:\/\/caliweedonlineshop.com\/fr\/wp-json\/wp\/v2\/product\/293","targetHints":{"allow":["GET"]}}],"collection":[{"href":"https:\/\/caliweedonlineshop.com\/fr\/wp-json\/wp\/v2\/product"}],"about":[{"href":"https:\/\/caliweedonlineshop.com\/fr\/wp-json\/wp\/v2\/types\/product"}],"replies":[{"embeddable":true,"href":"https:\/\/caliweedonlineshop.com\/fr\/wp-json\/wp\/v2\/comments?post=293"}],"wp:featuredmedia":[{"embeddable":true,"href":"https:\/\/caliweedonlineshop.com\/fr\/wp-json\/wp\/v2\/media\/294"}],"wp:attachment":[{"href":"https:\/\/caliweedonlineshop.com\/fr\/wp-json\/wp\/v2\/media?parent=293"}],"wp:term":[{"taxonomy":"product_brand","embeddable":true,"href":"https:\/\/caliweedonlineshop.com\/fr\/wp-json\/wp\/v2\/product_brand?post=293"},{"taxonomy":"product_cat","embeddable":true,"href":"https:\/\/caliweedonlineshop.com\/fr\/wp-json\/wp\/v2\/product_cat?post=293"},{"taxonomy":"product_tag","embeddable":true,"href":"https:\/\/caliweedonlineshop.com\/fr\/wp-json\/wp\/v2\/product_tag?post=293"}],"curies":[{"name":"wp","href":"https:\/\/api.w.org\/{rel}","templated":true}]}}