{"id":299,"date":"2023-01-12T18:14:12","date_gmt":"2023-01-12T18:14:12","guid":{"rendered":"https:\/\/caliweedonlineshop.com\/?post_type=product&#038;p=299"},"modified":"2023-01-12T18:14:12","modified_gmt":"2023-01-12T18:14:12","slug":"mango-haze","status":"publish","type":"product","link":"https:\/\/caliweedonlineshop.com\/fr\/product\/mango-haze\/","title":{"rendered":"Mango Haze"},"content":{"rendered":"<h1>Acheter Mango Haze en ligne aux Pays-Bas<\/h1>\n<p>Acheter Mango Haze en ligne aux Pays-Bas. Mango Haze est une vari\u00e9t\u00e9 \u00e0 pr\u00e9dominance sativa cr\u00e9\u00e9e par Mr. Nice Seeds. ils naviguaient <a href=\"https:\/\/www.leafly.com\/strains\/northern-lights--5\" target=\"_blank\" rel=\"noopener\">Northern Lights #5<\/a>, <a href=\"https:\/\/dutch-passion.com\/en\/blog\/haze-skunk-and-kush-the-3-building-blocks-for-modern-cannabis-strains-n971\" target=\"_blank\" rel=\"noopener\">Skunk und Haze<\/a>pour cr\u00e9er cette vari\u00e9t\u00e9 inspirante et fruit\u00e9e. Bien qu'elle soit tr\u00e8s similaire \u00e0 sa souche s\u0153ur Super Silver. ACHETER OG<\/p>\n<p>Haze pr\u00e9sente un ar\u00f4me de mangue distinctif associ\u00e9 \u00e0 une sensation c\u00e9r\u00e9brale enivrante. Acheter des comprim\u00e9s de diaz\u00e9pam 10mg en ligne<\/p>\n<p>Mango Haze est une vari\u00e9t\u00e9 hybride \u00e0 dominance sativa parfaitement \u00e9quilibr\u00e9e cr\u00e9\u00e9e comme un croisement \u00e0 trois voies entre les vari\u00e9t\u00e9s incroyablement populaires Northern Lights #5 X Skunk X Haze. Ce d\u00e9licieux bourgeon poss\u00e8de un effet joyeux et \u00e9nergique qui est parfait pour une journ\u00e9e \u00e0 l'int\u00e9rieur ou \u00e0 l'ext\u00e9rieur. Le d\u00e9but de cet effet est incroyablement \u00e9difiant, frappant durement la t\u00eate et bannissant instantan\u00e9ment toute pens\u00e9e et tout sentiment n\u00e9gatifs. Cet effet c\u00e9r\u00e9bral vous insuffle une puissante sensation d'\u00e9nergie cr\u00e9ative et de motivation, soutenue par un effet physique relaxant qui se construit lentement. Ce high corporel ne devient jamais tout \u00e0 fait s\u00e9datif ou somnolent, ce qui rend cette herbe id\u00e9ale pour une utilisation en journ\u00e9e lorsque vous avez besoin d'un regain d'\u00e9nergie qui soulage \u00e9galement la douleur. En raison de ces effets, Mango Haze est parfait pour traiter la fatigue, le stress chronique ou l'anxi\u00e9t\u00e9, les cas de d\u00e9pression l\u00e9gers \u00e0 mod\u00e9r\u00e9s et les migraines ou maux de t\u00eate chroniques. Ces bourgeons ont un d\u00e9licieux ar\u00f4me de mangue sucr\u00e9e avec une touche brumeuse et une douce saveur de fruits tropicaux avec des notes de Haze terreuse \u00e0 l'expiration qui est agr\u00e9ablement sucr\u00e9e. Les bourgeons de Mango Haze ont de petits morceaux de p\u00e9pites en forme de s\u00e9taire vert for\u00eat avec des poils ambr\u00e9s fonc\u00e9s et des trichomes blancs cristallins clairsem\u00e9s. Achetez des champignons magiques cubains en ligne. Ces bourgeons ont un d\u00e9licieux ar\u00f4me de mangue sucr\u00e9e avec une touche brumeuse et une douce saveur de fruits tropicaux avec des notes de Haze terreuse \u00e0 l'expiration qui est agr\u00e9ablement sucr\u00e9e. Les bourgeons de Mango Haze ont de petits morceaux de p\u00e9pites en forme de s\u00e9taire vert for\u00eat avec des poils ambr\u00e9s fonc\u00e9s et des trichomes blancs cristallins clairsem\u00e9s. Achetez des champignons magiques cubains en ligne. Ces bourgeons ont un d\u00e9licieux ar\u00f4me de mangue sucr\u00e9e avec une touche brumeuse et une douce saveur de fruits tropicaux avec des notes de Haze terreuse \u00e0 l'expiration qui est agr\u00e9ablement sucr\u00e9e. Les bourgeons de Mango Haze ont de petits morceaux de p\u00e9pites en forme de s\u00e9taire vert for\u00eat avec des poils ambr\u00e9s fonc\u00e9s et des trichomes blancs cristallins clairsem\u00e9s. Achetez des champignons magiques cubains en ligne.<\/p>\n<h3>Acheter Mango Haze en ligne aux Pays-Bas<\/h3>\n<p>Cr\u00e9\u00e9e par Mr. Nice Seeds, cette vari\u00e9t\u00e9 de cannabis est un croisement entre trois vari\u00e9t\u00e9s puissantes et \u00e9galement populaires. Ils ont Northern Lights #5, Haze, ainsi que Skunk #1. Sa composition g\u00e9n\u00e9tique peut sembler complexe en raison des trois souches parentales, mais ses effets c\u00e9r\u00e9braux ne le sont pas. Vous obtenez un high c\u00e9r\u00e9bral doux et durable qui ressemble presque \u00e0 un r\u00eave. Ajoutez \u00e0 cela le go\u00fbt et l'ar\u00f4me d\u00e9licieux de Mango Haze qui plairont \u00e0 coup s\u00fbr \u00e0 vos sens. Acheter Purple Kush<\/p>\n<p>D\u00e9velopp\u00e9e \u00e0 l'origine aux Pays-Bas, Mango Haze est rapidement devenue la vari\u00e9t\u00e9 pr\u00e9f\u00e9r\u00e9e de nombreux connaisseurs du cannabis. Son ar\u00f4me et sa saveur rafra\u00eechissants associ\u00e9s \u00e0 sa puissante euphorie en font une vari\u00e9t\u00e9 populaire dans la communaut\u00e9 du cannabis. Acheter Mango Haze en ligne aux Pays-Bas. Big Mex Champignon Magique En Ligne USA<\/p>\n<p>&nbsp;<\/p>\n<p>&nbsp;<\/p>\n<p>&nbsp;<\/p>","protected":false},"excerpt":{"rendered":"<p>Mango Haze est une vari\u00e9t\u00e9 \u00e0 pr\u00e9dominance sativa \u00e9lev\u00e9e par Mr. Nice Seeds qui a crois\u00e9 Northern Lights #5, Skunk et Haze pour cr\u00e9er cette vari\u00e9t\u00e9 fruit\u00e9e et \u00e9difiante. Bien qu'elle soit similaire \u00e0 sa vari\u00e9t\u00e9 s\u0153ur Super Silver Haze, Mango l'est.<\/p>","protected":false},"featured_media":300,"comment_status":"open","ping_status":"closed","template":"","meta":{"om_disable_all_campaigns":false,"_monsterinsights_skip_tracking":false,"_monsterinsights_sitenote_active":false,"_monsterinsights_sitenote_note":"","_monsterinsights_sitenote_category":0},"product_brand":[],"product_cat":[126,127],"product_tag":[160,161,162,163,164],"class_list":{"0":"post-299","1":"product","2":"type-product","3":"status-publish","4":"has-post-thumbnail","6":"product_cat-blumen","7":"product_cat-sativa-sorte","8":"product_tag-buy-mango-haze-online-in-australia","9":"product_tag-buy-mango-haze-online-in-canada","10":"product_tag-buy-mango-haze-online-in-europe","11":"product_tag-buy-mango-haze-online-in-germany","12":"product_tag-buy-mango-haze-online-in-uk","14":"first","15":"instock","16":"shipping-taxable","17":"purchasable","18":"product-type-variable"},"_links":{"self":[{"href":"https:\/\/caliweedonlineshop.com\/fr\/wp-json\/wp\/v2\/product\/299","targetHints":{"allow":["GET"]}}],"collection":[{"href":"https:\/\/caliweedonlineshop.com\/fr\/wp-json\/wp\/v2\/product"}],"about":[{"href":"https:\/\/caliweedonlineshop.com\/fr\/wp-json\/wp\/v2\/types\/product"}],"replies":[{"embeddable":true,"href":"https:\/\/caliweedonlineshop.com\/fr\/wp-json\/wp\/v2\/comments?post=299"}],"wp:featuredmedia":[{"embeddable":true,"href":"https:\/\/caliweedonlineshop.com\/fr\/wp-json\/wp\/v2\/media\/300"}],"wp:attachment":[{"href":"https:\/\/caliweedonlineshop.com\/fr\/wp-json\/wp\/v2\/media?parent=299"}],"wp:term":[{"taxonomy":"product_brand","embeddable":true,"href":"https:\/\/caliweedonlineshop.com\/fr\/wp-json\/wp\/v2\/product_brand?post=299"},{"taxonomy":"product_cat","embeddable":true,"href":"https:\/\/caliweedonlineshop.com\/fr\/wp-json\/wp\/v2\/product_cat?post=299"},{"taxonomy":"product_tag","embeddable":true,"href":"https:\/\/caliweedonlineshop.com\/fr\/wp-json\/wp\/v2\/product_tag?post=299"}],"curies":[{"name":"wp","href":"https:\/\/api.w.org\/{rel}","templated":true}]}}