{"id":305,"date":"2023-01-12T18:19:44","date_gmt":"2023-01-12T18:19:44","guid":{"rendered":"https:\/\/caliweedonlineshop.com\/?post_type=product&#038;p=305"},"modified":"2023-01-12T18:19:45","modified_gmt":"2023-01-12T18:19:45","slug":"maui-wowie","status":"publish","type":"product","link":"https:\/\/caliweedonlineshop.com\/fr\/product\/maui-wowie\/","title":{"rendered":"Maui wowie"},"content":{"rendered":"<h1>Acheter Maui Wowie en ligne en Albanie<\/h1>\n<p>Acheter Maui Wowie en ligne en Albanie. Maui Wowie (pas Maui Waui) est un classique <a href=\"https:\/\/caliweedonlineshop.com\/index.php\/product-category\/blumen\/sativa-sorte\/\">Sativa<\/a>, dont les saveurs tropicales et les propri\u00e9t\u00e9s anti-stress vous transporteront directement sur les c\u00f4tes d'Hawa\u00ef, d'o\u00f9 cette vari\u00e9t\u00e9 est originaire. Depuis ses d\u00e9buts dans le sol volcanique de l'\u00eele, Maui Wowie s'est propag\u00e9e \u00e0 travers le monde pour nous b\u00e9nir avec ses douces saveurs d'ananas et son euphorie \u00e0 haute \u00e9nergie. Le high l\u00e9ger entra\u00eenera votre esprit dans des escapades cr\u00e9atives, tandis que le high motivant et actif de Maui Wowie est tout ce dont vous avez besoin pour sortir et profiter du soleil. Cette grande vari\u00e9t\u00e9 allong\u00e9e est mieux adapt\u00e9e \u00e0 la culture dans des climats tropicaux chauds qui refl\u00e8tent sa maison natale, mais un environnement lumineux et un sol riche en nutriments sont g\u00e9n\u00e9ralement suffisants pour la culture en int\u00e9rieur. Brownies au CBD<\/p>\n<h2>Acheter Maui Wowie en ligne en Albanie<\/h2>\n<p>Maui Wowie est une vari\u00e9t\u00e9 \u00e0 dominante sativa que l'on trouve principalement dans les \u00eeles hawa\u00efennes. Les bourgeons de la vari\u00e9t\u00e9 sont recouverts de magnifiques cristaux qui la rendent tr\u00e8s attirante pour les patients et les consommateurs de cannabis. Quant \u00e0 l'odeur, vous remarquerez des notes de pin avec des agrumes et de la lavande. La vari\u00e9t\u00e9 a \u00e9galement un go\u00fbt de hasch frais. De plus, le Maui Wowie est \u00e9galement tr\u00e8s efficace contre divers maux m\u00e9dicaux tels que le stress, les douleurs chroniques et la d\u00e9pression. Il ne fait aucun doute que la vari\u00e9t\u00e9 vous procurera une sensation de d\u00e9tente et d'\u00e9nergie. Big Mex Champignon Magique En Ligne USA<\/p>\n<p>Achetez Maui Wowie en ligne, la vari\u00e9t\u00e9 offre une euphorie haut de gamme ainsi que des saveurs d'ananas qui feront d\u00e9river votre esprit dans des espaces cr\u00e9atifs. Son effet est tout ce dont vous aurez besoin pour sortir et rester actif tout au long de la journ\u00e9e, ce qui en fait une excellente herbe \u00e0 fumer le jour et le matin. Acheter des champignons magiques cubains en ligne<\/p>\n<p>Le high est assez diff\u00e9rent car il rend votre corps bourdonnant et de bonne humeur. De plus, vous remarquerez \u00e9galement une augmentation de l'attention et de la concentration sans vous sentir bizarre ou inconfortable comme le font les autres vari\u00e9t\u00e9s de cannabis. Voie de la garnison<\/p>","protected":false},"excerpt":{"rendered":"<p>Maui Wowie (pas Maui Waui) est une sativa classique dont les saveurs tropicales et les propri\u00e9t\u00e9s anti-stress vous transporteront directement sur les c\u00f4tes d'Hawa\u00ef, d'o\u00f9 cette vari\u00e9t\u00e9 est originaire. Depuis ses d\u00e9buts dans le sol volcanique de l'\u00eele.<\/p>\n<p>&nbsp;<\/p>","protected":false},"featured_media":306,"comment_status":"open","ping_status":"closed","template":"","meta":{"om_disable_all_campaigns":false,"_monsterinsights_skip_tracking":false,"_monsterinsights_sitenote_active":false,"_monsterinsights_sitenote_note":"","_monsterinsights_sitenote_category":0},"product_brand":[],"product_cat":[126,127],"product_tag":[165,166,167,168],"class_list":{"0":"post-305","1":"product","2":"type-product","3":"status-publish","4":"has-post-thumbnail","6":"product_cat-blumen","7":"product_cat-sativa-sorte","8":"product_tag-buy-maui-wowie-online-europe","9":"product_tag-buy-maui-wowie-online-in-australia","10":"product_tag-buy-maui-wowie-online-in-uk","11":"product_tag-buy-maui-wowie-online-in-usa","13":"first","14":"instock","15":"shipping-taxable","16":"purchasable","17":"product-type-variable"},"_links":{"self":[{"href":"https:\/\/caliweedonlineshop.com\/fr\/wp-json\/wp\/v2\/product\/305","targetHints":{"allow":["GET"]}}],"collection":[{"href":"https:\/\/caliweedonlineshop.com\/fr\/wp-json\/wp\/v2\/product"}],"about":[{"href":"https:\/\/caliweedonlineshop.com\/fr\/wp-json\/wp\/v2\/types\/product"}],"replies":[{"embeddable":true,"href":"https:\/\/caliweedonlineshop.com\/fr\/wp-json\/wp\/v2\/comments?post=305"}],"wp:featuredmedia":[{"embeddable":true,"href":"https:\/\/caliweedonlineshop.com\/fr\/wp-json\/wp\/v2\/media\/306"}],"wp:attachment":[{"href":"https:\/\/caliweedonlineshop.com\/fr\/wp-json\/wp\/v2\/media?parent=305"}],"wp:term":[{"taxonomy":"product_brand","embeddable":true,"href":"https:\/\/caliweedonlineshop.com\/fr\/wp-json\/wp\/v2\/product_brand?post=305"},{"taxonomy":"product_cat","embeddable":true,"href":"https:\/\/caliweedonlineshop.com\/fr\/wp-json\/wp\/v2\/product_cat?post=305"},{"taxonomy":"product_tag","embeddable":true,"href":"https:\/\/caliweedonlineshop.com\/fr\/wp-json\/wp\/v2\/product_tag?post=305"}],"curies":[{"name":"wp","href":"https:\/\/api.w.org\/{rel}","templated":true}]}}