{"id":317,"date":"2023-01-12T18:32:16","date_gmt":"2023-01-12T18:32:16","guid":{"rendered":"https:\/\/caliweedonlineshop.com\/?post_type=product&#038;p=317"},"modified":"2023-01-12T18:32:16","modified_gmt":"2023-01-12T18:32:16","slug":"sour-jack","status":"publish","type":"product","link":"https:\/\/caliweedonlineshop.com\/fr\/product\/sour-jack\/","title":{"rendered":"Sour Jack"},"content":{"rendered":"<h1>Acheter Sour Jack Strain en ligne Su\u00e8de<\/h1>\n<p>Achetez Sour Jack Strain en ligne en Su\u00e8de. Commandez Sour Jack \u00e0 Elmer City. Sour Jack, moiti\u00e9 <a href=\"https:\/\/www.leafly.com\/strains\/sour-diesel\" target=\"_blank\" rel=\"noopener\">Sour Diesel<\/a> und zur H\u00e4lfte <a href=\"https:\/\/en.wikipedia.org\/wiki\/Jack_Herer\" target=\"_blank\" rel=\"noopener\">Jack Herer<\/a>, tient son nom de ses parents. Elle a d\u00e9velopp\u00e9 une solide r\u00e9putation et se caract\u00e9rise par un ar\u00f4me intense et un effet c\u00e9r\u00e9bral profond. Apr\u00e8s avoir combin\u00e9 les deux <a href=\"https:\/\/caliweedonlineshop.com\/index.php\/product-category\/blumen\/sativa-sorte\/\">Sativa<\/a>-souches dominantes, nous obtenons une combinaison \u00e9tonnante d'ar\u00f4mes tropicaux et sucr\u00e9s m\u00e9lang\u00e9s \u00e0 des tons piquants d'agrumes et de diesel. L'effet \u00e9difiant peut fournir une \u00e9tincelle d'\u00e9nergie et minimiser la fatigue physique. La Sour Jack est une excellente vari\u00e9t\u00e9 pour combattre la d\u00e9pression et vous aider \u00e0 rester actif.<\/p>","protected":false},"excerpt":{"rendered":"<p>Moiti\u00e9 Sour Diesel et moiti\u00e9 Jack Herer, Sour Jack tire son nom de ses parents. Elle s'est b\u00e2tie une solide r\u00e9putation, avec un ar\u00f4me intense et un effet c\u00e9r\u00e9bral profond.<\/p>","protected":false},"featured_media":318,"comment_status":"open","ping_status":"closed","template":"","meta":{"om_disable_all_campaigns":false,"_monsterinsights_skip_tracking":false,"_monsterinsights_sitenote_active":false,"_monsterinsights_sitenote_note":"","_monsterinsights_sitenote_category":0},"product_brand":[],"product_cat":[126,127],"product_tag":[153,147,173,174,175,176,177],"class_list":{"0":"post-317","1":"product","2":"type-product","3":"status-publish","4":"has-post-thumbnail","6":"product_cat-blumen","7":"product_cat-sativa-sorte","8":"product_tag-buy-cherry-pie-online-in-arklohaham","9":"product_tag-buy-grapefruit-online-in-new-york","10":"product_tag-buy-sour-jack-strain-online","11":"product_tag-buy-sour-jack-strain-online-europe","12":"product_tag-buy-sour-jack-strain-online-france","13":"product_tag-buy-sour-jack-strain-online-germany","14":"product_tag-buy-sour-jack-strain-online-sweden","16":"first","17":"instock","18":"shipping-taxable","19":"purchasable","20":"product-type-variable"},"_links":{"self":[{"href":"https:\/\/caliweedonlineshop.com\/fr\/wp-json\/wp\/v2\/product\/317","targetHints":{"allow":["GET"]}}],"collection":[{"href":"https:\/\/caliweedonlineshop.com\/fr\/wp-json\/wp\/v2\/product"}],"about":[{"href":"https:\/\/caliweedonlineshop.com\/fr\/wp-json\/wp\/v2\/types\/product"}],"replies":[{"embeddable":true,"href":"https:\/\/caliweedonlineshop.com\/fr\/wp-json\/wp\/v2\/comments?post=317"}],"wp:featuredmedia":[{"embeddable":true,"href":"https:\/\/caliweedonlineshop.com\/fr\/wp-json\/wp\/v2\/media\/318"}],"wp:attachment":[{"href":"https:\/\/caliweedonlineshop.com\/fr\/wp-json\/wp\/v2\/media?parent=317"}],"wp:term":[{"taxonomy":"product_brand","embeddable":true,"href":"https:\/\/caliweedonlineshop.com\/fr\/wp-json\/wp\/v2\/product_brand?post=317"},{"taxonomy":"product_cat","embeddable":true,"href":"https:\/\/caliweedonlineshop.com\/fr\/wp-json\/wp\/v2\/product_cat?post=317"},{"taxonomy":"product_tag","embeddable":true,"href":"https:\/\/caliweedonlineshop.com\/fr\/wp-json\/wp\/v2\/product_tag?post=317"}],"curies":[{"name":"wp","href":"https:\/\/api.w.org\/{rel}","templated":true}]}}