{"id":335,"date":"2023-01-12T18:54:26","date_gmt":"2023-01-12T18:54:26","guid":{"rendered":"https:\/\/caliweedonlineshop.com\/?post_type=product&#038;p=335"},"modified":"2023-01-12T18:54:26","modified_gmt":"2023-01-12T18:54:26","slug":"super-sour-diesel","status":"publish","type":"product","link":"https:\/\/caliweedonlineshop.com\/fr\/product\/super-sour-diesel\/","title":{"rendered":"Super Sour Diesel"},"content":{"rendered":"<h1>Acheter Super Sour Diesel en ligne en Allemagne<\/h1>\n<p>Acheter Super Sour Diesel en ligne en Allemagne. Apr\u00e8s ses parents populaires, Super Sour Diesel est une vari\u00e9t\u00e9 incroyable <a href=\"https:\/\/caliweedonlineshop.com\/index.php\/product-category\/blumen\/sativa-sorte\/\">Sativa<\/a>. Un puissant croisement entre <a href=\"https:\/\/www.leafly.com\/strains\/super-silver-haze\" target=\"_blank\" rel=\"noopener\">Super Silver Haze<\/a> und <a href=\"https:\/\/en.wikipedia.org\/wiki\/Sour_Diesel\" target=\"_blank\" rel=\"noopener\">Sour Diesel<\/a>. Super Sour Diesel \u00e9limine le stress et la douleur tout en favorisant la cr\u00e9ativit\u00e9 et l'euphorie. Super Sour Diesel est \u00e9nergisant, ce qui le rend id\u00e9al pour une utilisation de jour. Cependant, les nouveaux utilisateurs doivent faire preuve de prudence lorsqu'ils essaient cette vari\u00e9t\u00e9. La Super Sour Diesel a un fort high c\u00e9r\u00e9bral qui peut \u00eatre \u00e9crasant pour les novices en MMJ. Les utilisateurs exp\u00e9riment\u00e9s seront surpris par les effets introspectifs de cette vari\u00e9t\u00e9. Sociable et amusante, les effets de cette vari\u00e9t\u00e9 sont perceptibles d\u00e8s le premier essai. L'ar\u00f4me piquant et semblable \u00e0 du carburant de Super Sour Diesel t\u00e9moigne de la force pure de cette vari\u00e9t\u00e9. acheter Golden Pineapple Credible Sativa. Super Sour Diesel est un puissant croisement entre Super Silver Haze et Sour Diesel. Il chasse le stress et la douleur et favorise en m\u00eame temps la cr\u00e9ativit\u00e9 et l'euphorie. Sous une v\u00e9ritable forme sativa, Super Sour Diesel fournit de l'\u00e9nergie, ce qui la rend adapt\u00e9e \u00e0 une utilisation en journ\u00e9e. Achetez de la marijuana de qualit\u00e9 sup\u00e9rieure en ligne. Cependant, les nouveaux utilisateurs doivent faire preuve de prudence lorsqu'ils essaient cette vari\u00e9t\u00e9. La Super Sour Diesel produit de puissants effets c\u00e9r\u00e9braux qui peuvent \u00eatre accablants pour les novices en MMJ. Les utilisateurs exp\u00e9riment\u00e9s seront surpris par les effets introspectifs de cette vari\u00e9t\u00e9. Sociable et amusante, les effets de cette vari\u00e9t\u00e9 sont perceptibles d\u00e8s le premier essai. L'ar\u00f4me piquant et semblable \u00e0 du carburant de Super Sour Diesel t\u00e9moigne de la force pure de cette vari\u00e9t\u00e9. acheterHash libanais blond lorsque vous essayez cette vari\u00e9t\u00e9. La Super Sour Diesel produit de puissants effets c\u00e9r\u00e9braux qui peuvent \u00eatre accablants pour les novices en MMJ. Les utilisateurs exp\u00e9riment\u00e9s seront surpris par les effets introspectifs de cette vari\u00e9t\u00e9. Sociable et amusante, les effets de cette vari\u00e9t\u00e9 sont perceptibles d\u00e8s le premier essai. L'ar\u00f4me piquant et semblable \u00e0 du carburant de Super Sour Diesel t\u00e9moigne de la force pure de cette vari\u00e9t\u00e9. acheterHash libanais blond lorsque vous essayez cette vari\u00e9t\u00e9. La Super Sour Diesel produit de puissants effets c\u00e9r\u00e9braux qui peuvent \u00eatre accablants pour les novices en MMJ. Les utilisateurs exp\u00e9riment\u00e9s seront surpris par les effets introspectifs de cette vari\u00e9t\u00e9. Sociable et amusante, les effets de cette vari\u00e9t\u00e9 sont perceptibles d\u00e8s le premier essai. L'ar\u00f4me piquant et semblable \u00e0 du carburant de Super Sour Diesel t\u00e9moigne de la force pure de cette vari\u00e9t\u00e9. acheterHash libanais blond<\/p>\n<h2>Acheter Super Sour Diesel en ligne en Allemagne<\/h2>\n<p>Sativa THC: 18% &#8211; 24%. Kubanische Magic Mushrooms online kaufen<\/p>\n<p>Super Sour Diesel, de nombreux membres du <a href=\"https:\/\/caliweedonlineshop.com\/fr\/\">Cannabis<\/a>-La communaut\u00e9 \u00e9galement connue sous le nom de \"Super Silver Sour Diesel\" est une vari\u00e9t\u00e9 sativa pure \u00e0 100 % qui est un puissant croisement entre les vari\u00e9t\u00e9s extr\u00eamement populaires Super Silver Haze X Sour Diesel. Ce bourgeon impressionnant a des niveaux de THC mod\u00e9r\u00e9ment \u00e9lev\u00e9s en moyenne de 18 \u00e0 24 % et de forts effets sativa. Les utilisateurs d\u00e9crivent le Super Sour Diesel comme ayant un high incroyablement fort, presque au point d'\u00eatre \u00e9crasant. On se sent intens\u00e9ment heureux et exalt\u00e9, mais aussi brumeux et facilement distrait. Acheter Grape CBD Vape Pen<\/p>\n<h3>COMMENT CETTE SOUCHE VOUS FAIT-ELLE VOUS SENTIR ?<\/h3>\n<p>Bien que la Super Sour Diesel soit un peu distante, elle laisse une sensation de d\u00e9tente et de cr\u00e9ativit\u00e9, avec des tendances \u00e0 une l\u00e9g\u00e8re anxi\u00e9t\u00e9 quand on en fume trop \u00e0 la fois. Ces effets puissants font de Super Sour Diesel une vari\u00e9t\u00e9 id\u00e9ale pour traiter les patients souffrant de stress chronique, de d\u00e9pression, de douleur chronique et de fatigue. Super Sour Diesel a un ar\u00f4me de diesel piquant avec une teinte terreuse et un go\u00fbt de diesel avec un arri\u00e8re-go\u00fbt chimique acide \u00e0 l'expiration. Les bourgeons Super Sour Diesel ont de longs bourgeons vert fluo poivr\u00e9s avec des taches et des feuilles vert menthe. Ces bourgeons sont parsem\u00e9s de poils clairsem\u00e9s orange vif et recouverts d'une \u00e9paisse couche de trichomes et de r\u00e9sine d'un blanc cristallin.<\/p>","protected":false},"excerpt":{"rendered":"<p>Super Sour Diesel, \u00e9galement connue sous le nom de \"Super Silver Sour Diesel\" par de nombreux membres de la communaut\u00e9 du cannabis, est une vari\u00e9t\u00e9 sativa pure \u00e0 100 % qui est un puissant croisement entre les vari\u00e9t\u00e9s extr\u00eamement populaires Super Silver Haze X Sour Diesel.<\/p>","protected":false},"featured_media":336,"comment_status":"open","ping_status":"closed","template":"","meta":{"om_disable_all_campaigns":false,"_monsterinsights_skip_tracking":false,"_monsterinsights_sitenote_active":false,"_monsterinsights_sitenote_note":"","_monsterinsights_sitenote_category":0},"product_brand":[],"product_cat":[126,127],"product_tag":[182,183,184,185,186],"class_list":{"0":"post-335","1":"product","2":"type-product","3":"status-publish","4":"has-post-thumbnail","6":"product_cat-blumen","7":"product_cat-sativa-sorte","8":"product_tag-buy-super-sour-diesel-online-in-chicago","9":"product_tag-buy-super-sour-diesel-online-in-houston","10":"product_tag-buy-super-sour-diesel-online-in-los-angeles","11":"product_tag-buy-super-sour-diesel-online-in-new-york","12":"product_tag-buy-super-sour-diesel-online-in-usa","14":"first","15":"instock","16":"shipping-taxable","17":"purchasable","18":"product-type-variable"},"_links":{"self":[{"href":"https:\/\/caliweedonlineshop.com\/fr\/wp-json\/wp\/v2\/product\/335","targetHints":{"allow":["GET"]}}],"collection":[{"href":"https:\/\/caliweedonlineshop.com\/fr\/wp-json\/wp\/v2\/product"}],"about":[{"href":"https:\/\/caliweedonlineshop.com\/fr\/wp-json\/wp\/v2\/types\/product"}],"replies":[{"embeddable":true,"href":"https:\/\/caliweedonlineshop.com\/fr\/wp-json\/wp\/v2\/comments?post=335"}],"wp:featuredmedia":[{"embeddable":true,"href":"https:\/\/caliweedonlineshop.com\/fr\/wp-json\/wp\/v2\/media\/336"}],"wp:attachment":[{"href":"https:\/\/caliweedonlineshop.com\/fr\/wp-json\/wp\/v2\/media?parent=335"}],"wp:term":[{"taxonomy":"product_brand","embeddable":true,"href":"https:\/\/caliweedonlineshop.com\/fr\/wp-json\/wp\/v2\/product_brand?post=335"},{"taxonomy":"product_cat","embeddable":true,"href":"https:\/\/caliweedonlineshop.com\/fr\/wp-json\/wp\/v2\/product_cat?post=335"},{"taxonomy":"product_tag","embeddable":true,"href":"https:\/\/caliweedonlineshop.com\/fr\/wp-json\/wp\/v2\/product_tag?post=335"}],"curies":[{"name":"wp","href":"https:\/\/api.w.org\/{rel}","templated":true}]}}