{"id":341,"date":"2023-01-12T18:59:02","date_gmt":"2023-01-12T18:59:02","guid":{"rendered":"https:\/\/caliweedonlineshop.com\/?post_type=product&#038;p=341"},"modified":"2023-01-12T18:59:38","modified_gmt":"2023-01-12T18:59:38","slug":"tangie-kush","status":"publish","type":"product","link":"https:\/\/caliweedonlineshop.com\/fr\/product\/tangie-kush\/","title":{"rendered":"Tangie kush"},"content":{"rendered":"<h1>Acheter Tangie Kush \u00e0 Montrose<\/h1>\n<p>Acheter Tangie Kush \u00e0 Montrose. Commandez Tangie Kush \u00e0 Montrose. Tangie est une autre offre fantastique de DNA Genetics, bas\u00e9e \u00e0 Amsterdam, qui a rapidement gagn\u00e9 en popularit\u00e9 dans son pays d'origine et se r\u00e9pand \u00e9galement ailleurs. Cette vari\u00e9t\u00e9 est en quelque sorte un remake de la version populaire de la <a href=\"https:\/\/www.zamnesia.com\/blog-tangerine-dream-cannabis-strain-review-information-n2152#:~:text=Tangerine%20Dream%20is%20a%2070,add%20to%20a%20great%20experience.\" target=\"_blank\" rel=\"noopener\">Tangerine Dream<\/a>, qui \u00e9tait tr\u00e8s demand\u00e9 dans les ann\u00e9es 1990. La g\u00e9n\u00e9tique de cette vari\u00e9t\u00e9 est un croisement entre une California Orange et un hybride Skunk, et son h\u00e9ritage d'agrumes est le plus \u00e9vident dans son ar\u00f4me rafra\u00eechissant de mandarine. En tant que plante, Tangie pousse mieux \u00e0 l'ext\u00e9rieur et produit des bourgeons collants qui ont un effet euphorique mais relaxant.<\/p>","protected":false},"excerpt":{"rendered":"<p>Tangie est une autre offre fantastique de DNA Genetics, bas\u00e9e \u00e0 Amsterdam, qui a rapidement gagn\u00e9 en popularit\u00e9 dans son pays d'origine et se r\u00e9pand \u00e9galement ailleurs. Cette vari\u00e9t\u00e9 est en quelque sorte un remake de la version populaire de Tangerine Dream qui \u00e9tait tr\u00e8s recherch\u00e9e dans les ann\u00e9es 1990.<\/p>","protected":false},"featured_media":342,"comment_status":"open","ping_status":"closed","template":"","meta":{"om_disable_all_campaigns":false,"_monsterinsights_skip_tracking":false,"_monsterinsights_sitenote_active":false,"_monsterinsights_sitenote_note":"","_monsterinsights_sitenote_category":0},"product_brand":[],"product_cat":[126,127],"product_tag":[187,188,189],"class_list":{"0":"post-341","1":"product","2":"type-product","3":"status-publish","4":"has-post-thumbnail","6":"product_cat-blumen","7":"product_cat-sativa-sorte","8":"product_tag-buy-frosties-cookies-online-in-lowa","9":"product_tag-buy-frosties-cookies-online-in-oregon","10":"product_tag-buy-fruity-pebbles-in-nevada","12":"first","13":"instock","14":"shipping-taxable","15":"purchasable","16":"product-type-variable"},"_links":{"self":[{"href":"https:\/\/caliweedonlineshop.com\/fr\/wp-json\/wp\/v2\/product\/341","targetHints":{"allow":["GET"]}}],"collection":[{"href":"https:\/\/caliweedonlineshop.com\/fr\/wp-json\/wp\/v2\/product"}],"about":[{"href":"https:\/\/caliweedonlineshop.com\/fr\/wp-json\/wp\/v2\/types\/product"}],"replies":[{"embeddable":true,"href":"https:\/\/caliweedonlineshop.com\/fr\/wp-json\/wp\/v2\/comments?post=341"}],"wp:featuredmedia":[{"embeddable":true,"href":"https:\/\/caliweedonlineshop.com\/fr\/wp-json\/wp\/v2\/media\/342"}],"wp:attachment":[{"href":"https:\/\/caliweedonlineshop.com\/fr\/wp-json\/wp\/v2\/media?parent=341"}],"wp:term":[{"taxonomy":"product_brand","embeddable":true,"href":"https:\/\/caliweedonlineshop.com\/fr\/wp-json\/wp\/v2\/product_brand?post=341"},{"taxonomy":"product_cat","embeddable":true,"href":"https:\/\/caliweedonlineshop.com\/fr\/wp-json\/wp\/v2\/product_cat?post=341"},{"taxonomy":"product_tag","embeddable":true,"href":"https:\/\/caliweedonlineshop.com\/fr\/wp-json\/wp\/v2\/product_tag?post=341"}],"curies":[{"name":"wp","href":"https:\/\/api.w.org\/{rel}","templated":true}]}}