{"id":347,"date":"2023-01-12T19:04:03","date_gmt":"2023-01-12T19:04:03","guid":{"rendered":"https:\/\/caliweedonlineshop.com\/?post_type=product&#038;p=347"},"modified":"2023-01-12T19:04:03","modified_gmt":"2023-01-12T19:04:03","slug":"tropicana-cookies","status":"publish","type":"product","link":"https:\/\/caliweedonlineshop.com\/fr\/product\/tropicana-cookies\/","title":{"rendered":"Tropicana cookies"},"content":{"rendered":"<h1>Acheter des biscuits Tropicana en ligne en Europe<\/h1>\n<p>Achetez des Cookies Tropicana en ligne en Europe. Elev\u00e9 par Oni Seed Co, Tropicana croise Cookies <a href=\"https:\/\/www.leafly.com\/strains\/gsc?__cf_chl_tk=UiS_HhiyQN9ZeqffigDDWnmpn7ZvwxuuXplcjtmV6yc-1673550196-0-gaNycGzNEKU\" target=\"_blank\" rel=\"noopener\">GSC<\/a> und <a href=\"https:\/\/www.allbud.com\/marijuana-strains\/hybrid\/tangie\" target=\"_blank\" rel=\"noopener\">Tangie<\/a>. Le r\u00e9sultat est une vari\u00e9t\u00e9 \u00e0 dominance sativa avec de fortes notes de mandarine et d'agrumes.<\/p>\n<p>Soutenu par un doux go\u00fbt de biscuit. Attendez-vous \u00e0 des bourgeons violets qui ont des notes de vert fonc\u00e9 avec des poils orange.<\/p>\n<p>Il y a la tristement c\u00e9l\u00e8bre Tropicanna Cookies, \u00e9lev\u00e9e par Oni Seed Company. Tropicana Cookies est un croisement entre Forum Girl Scout Cookies (GSC) et Tangie. Le r\u00e9sultat est un hybride \u00e0 dominance sativa avec de fortes notes de mandarine et d'agrumes soutenues par une douce saveur de biscuit. Il y a une raison pour laquelle cette vari\u00e9t\u00e9 est c\u00e9l\u00e8bre. #tropicannacookies. Acheter des biscuits aux fraises en ligne<\/p>\n<p>Tropicana Cookies F2 est un hybride \u00e0 dominance sativa (87 % sativa\/23 % indica). La vari\u00e9t\u00e9 a \u00e9t\u00e9 cr\u00e9\u00e9e en croisant les vari\u00e9t\u00e9s classiques South Indian X Skunk #1. Achetez des biscuits Tropicanna au Royaume-Uni. Acheter de la marijuana en ligne aux Pays-Bas<\/p>","protected":false},"excerpt":{"rendered":"<p>Tropicana Cookies F2 est un hybride \u00e0 dominance sativa (87 % sativa\/23 % indica). La vari\u00e9t\u00e9 a \u00e9t\u00e9 cr\u00e9\u00e9e en croisant les vari\u00e9t\u00e9s classiques South Indian X Skunk #1. Achetez des biscuits Tropicanna au Royaume-Uni.<\/p>","protected":false},"featured_media":348,"comment_status":"open","ping_status":"closed","template":"","meta":{"om_disable_all_campaigns":false,"_monsterinsights_skip_tracking":false,"_monsterinsights_sitenote_active":false,"_monsterinsights_sitenote_note":"","_monsterinsights_sitenote_category":0},"product_brand":[],"product_cat":[126,127],"product_tag":[190,191,192,193,194],"class_list":{"0":"post-347","1":"product","2":"type-product","3":"status-publish","4":"has-post-thumbnail","6":"product_cat-blumen","7":"product_cat-sativa-sorte","8":"product_tag-buy-tropicana-cookies-online-in-canada","9":"product_tag-buy-tropicana-cookies-online-in-sweden","10":"product_tag-buy-tropicana-cookies-online-in-uk","11":"product_tag-buy-tropicana-cookies-online-in-europe","12":"product_tag-buy-tropicana-cookies-online-in-germany","14":"first","15":"instock","16":"shipping-taxable","17":"purchasable","18":"product-type-variable"},"_links":{"self":[{"href":"https:\/\/caliweedonlineshop.com\/fr\/wp-json\/wp\/v2\/product\/347","targetHints":{"allow":["GET"]}}],"collection":[{"href":"https:\/\/caliweedonlineshop.com\/fr\/wp-json\/wp\/v2\/product"}],"about":[{"href":"https:\/\/caliweedonlineshop.com\/fr\/wp-json\/wp\/v2\/types\/product"}],"replies":[{"embeddable":true,"href":"https:\/\/caliweedonlineshop.com\/fr\/wp-json\/wp\/v2\/comments?post=347"}],"wp:featuredmedia":[{"embeddable":true,"href":"https:\/\/caliweedonlineshop.com\/fr\/wp-json\/wp\/v2\/media\/348"}],"wp:attachment":[{"href":"https:\/\/caliweedonlineshop.com\/fr\/wp-json\/wp\/v2\/media?parent=347"}],"wp:term":[{"taxonomy":"product_brand","embeddable":true,"href":"https:\/\/caliweedonlineshop.com\/fr\/wp-json\/wp\/v2\/product_brand?post=347"},{"taxonomy":"product_cat","embeddable":true,"href":"https:\/\/caliweedonlineshop.com\/fr\/wp-json\/wp\/v2\/product_cat?post=347"},{"taxonomy":"product_tag","embeddable":true,"href":"https:\/\/caliweedonlineshop.com\/fr\/wp-json\/wp\/v2\/product_tag?post=347"}],"curies":[{"name":"wp","href":"https:\/\/api.w.org\/{rel}","templated":true}]}}