{"id":353,"date":"2023-01-13T05:16:20","date_gmt":"2023-01-13T05:16:20","guid":{"rendered":"https:\/\/caliweedonlineshop.com\/?post_type=product&#038;p=353"},"modified":"2023-01-13T05:16:47","modified_gmt":"2023-01-13T05:16:47","slug":"afghan-kush","status":"publish","type":"product","link":"https:\/\/caliweedonlineshop.com\/fr\/product\/afghan-kush\/","title":{"rendered":"Afghan Kush"},"content":{"rendered":"<h1>Acheter Afghan Kush en ligne<\/h1>\n<p>Achetez Afghan Kush en ligne. Commandez afghan kush en ligne. Les racines d'Afghan Kush remontent \u00e0 la <a href=\"https:\/\/en.wikipedia.org\/wiki\/Hindu_Kush\" target=\"_blank\" rel=\"noopener\">Hindukusch-Bergkette<\/a> pr\u00e8s de la fronti\u00e8re afghano-pakistanaise. Perfectionn\u00e9 au fil des si\u00e8cles, c'est la source ultime de hasch comme <a href=\"https:\/\/www.bushplanet.com\/Charas_Hashish_Infos_Production\" target=\"_blank\" rel=\"noopener\">Charas<\/a> und das <a href=\"https:\/\/www.afghanistan-analysts.org\/en\/reports\/context-culture\/the-myth-of-afghan-black-a-cultural-history-of-cannabis-cultivation-and-hashish-production-in-afghanistan\/\" target=\"_blank\" rel=\"noopener\">klebrige schwarze Afghani-Hasch<\/a>. White Label Seed Company, un partenaire n\u00e9erlandais de Sensi Seeds, met ses graines \u00e0 la disposition de tous. acheter fraise kush Les bourgeons d'Afghan Kush se d\u00e9veloppent en p\u00e9pites massives et \u00e9mouss\u00e9es pleines de r\u00e9sine et offrent de gros rendements. Consid\u00e9r\u00e9e pour sa haute teneur en r\u00e9sine et ses puissants effets s\u00e9datifs, Afghan Kush est le premier choix pour ceux qui cherchent \u00e0 se d\u00e9tendre apr\u00e8s une longue journ\u00e9e. L'Afghan Kush est une race locale inf\u00e2me qui a ses racines dans les cha\u00eenes de montagnes de l'Hindu Kush, plus pr\u00e9cis\u00e9ment \u00e0 la fronti\u00e8re entre le Tadjikistan et l'Ouzb\u00e9kistan.acheter des sherbinskis<\/p>\n<h2>Acheter Afghan Kush en ligne<\/h2>\n<p>Achetez Afghan Kush en ligne. Commandez Afghan Kush en ligne. Cette centrale \u00e9lectrique d'un <a href=\"https:\/\/caliweedonlineshop.com\/index.php\/product-category\/blumen\/indica-sorten\/\">Indica<\/a>aLa souche que nous connaissons et aimons tous au Canada est le r\u00e9sultat de centaines d'ann\u00e9es de persistance du ph\u00e9notype original, en constante \u00e9volution et en d\u00e9veloppant des traits tels que des niveaux de THC inhabituellement \u00e9lev\u00e9s et une r\u00e9sistance au froid pour survivre aux conditions climatiques difficiles de la r\u00e9gion. De nombreux \u00e9leveurs attribuent \u00e0 Afghan Kush l'un des parrains de la plupart des vari\u00e9t\u00e9s indica modernes, \u00e9tant la \"colonne vert\u00e9brale\" g\u00e9n\u00e9tique responsable de nombreux effets relaxants trouv\u00e9s dans les bourgeons indica typiques. bourgeons et son high <a href=\"https:\/\/caliweedonlineshop.com\/fr\/\">THC-Gehalt<\/a> estim\u00e9e \u00e0 environ 18 % en moyenne, ce qui en fait l'une des vari\u00e9t\u00e9s pr\u00e9f\u00e9r\u00e9es des habitants des r\u00e9gions montagneuses de l'Hindu Kush pour le hasch comme le charas et le hasch afghan. Il n'est pas surprenant que la teneur substantielle en THC de l'Afghan Kush soit en corr\u00e9lation avec le high extr\u00eamement puissant, relaxant et s\u00e9datif. Les utilisateurs rapportent que le high commence par un high tr\u00e8s joyeux et euphorique accompagn\u00e9 de rires et de faim, puis se transforme lentement en un \u00e9tat onirique et d\u00e9tendu. acheter Obama kush L'une des caract\u00e9ristiques les plus uniques du hasch afghan est son profil d'ar\u00f4me et de saveur rare et distinct. La vari\u00e9t\u00e9 est connue pour ses notes de fond terreuses et ses nuances de hasch piquant, de gaz\/essence humide et des notes de pin frais. acheter de l'herbe en ligne en Europe<\/p>","protected":false},"excerpt":{"rendered":"<p>Les racines d'Afghan Kush remontent aux montagnes de l'Hindu Kush pr\u00e8s de la fronti\u00e8re afghano-pakistanaise. Perfectionn\u00e9 au fil des si\u00e8cles, c'est la source ultime de hasch comme le charas et le hash afghan noir collant.<\/p>","protected":false},"featured_media":354,"comment_status":"open","ping_status":"closed","template":"","meta":{"om_disable_all_campaigns":false,"_monsterinsights_skip_tracking":false,"_monsterinsights_sitenote_active":false,"_monsterinsights_sitenote_note":"","_monsterinsights_sitenote_category":0},"product_brand":[],"product_cat":[126,195],"product_tag":[196,197,198],"class_list":{"0":"post-353","1":"product","2":"type-product","3":"status-publish","4":"has-post-thumbnail","6":"product_cat-blumen","7":"product_cat-indica-sorten","8":"product_tag-buy-lemon-cherry-gelato-in-uk","9":"product_tag-buy-skittles-moonrocks-online-in-paris","10":"product_tag-buy-white-cherry-gelato-in-australia","12":"first","13":"instock","14":"shipping-taxable","15":"purchasable","16":"product-type-variable"},"_links":{"self":[{"href":"https:\/\/caliweedonlineshop.com\/fr\/wp-json\/wp\/v2\/product\/353","targetHints":{"allow":["GET"]}}],"collection":[{"href":"https:\/\/caliweedonlineshop.com\/fr\/wp-json\/wp\/v2\/product"}],"about":[{"href":"https:\/\/caliweedonlineshop.com\/fr\/wp-json\/wp\/v2\/types\/product"}],"replies":[{"embeddable":true,"href":"https:\/\/caliweedonlineshop.com\/fr\/wp-json\/wp\/v2\/comments?post=353"}],"wp:featuredmedia":[{"embeddable":true,"href":"https:\/\/caliweedonlineshop.com\/fr\/wp-json\/wp\/v2\/media\/354"}],"wp:attachment":[{"href":"https:\/\/caliweedonlineshop.com\/fr\/wp-json\/wp\/v2\/media?parent=353"}],"wp:term":[{"taxonomy":"product_brand","embeddable":true,"href":"https:\/\/caliweedonlineshop.com\/fr\/wp-json\/wp\/v2\/product_brand?post=353"},{"taxonomy":"product_cat","embeddable":true,"href":"https:\/\/caliweedonlineshop.com\/fr\/wp-json\/wp\/v2\/product_cat?post=353"},{"taxonomy":"product_tag","embeddable":true,"href":"https:\/\/caliweedonlineshop.com\/fr\/wp-json\/wp\/v2\/product_tag?post=353"}],"curies":[{"name":"wp","href":"https:\/\/api.w.org\/{rel}","templated":true}]}}