{"id":359,"date":"2023-01-13T05:23:20","date_gmt":"2023-01-13T05:23:20","guid":{"rendered":"https:\/\/caliweedonlineshop.com\/?post_type=product&#038;p=359"},"modified":"2023-01-13T05:23:20","modified_gmt":"2023-01-13T05:23:20","slug":"black-domina","status":"publish","type":"product","link":"https:\/\/caliweedonlineshop.com\/fr\/product\/black-domina\/","title":{"rendered":"Black Domina"},"content":{"rendered":"<h1>Acheter femdom noir en ligne.<\/h1>\n<p>Acheter femdom noir en ligne. commander black domina en ligne Travailler avec quatre sp\u00e9cimens haut de gamme de Cannabis Afghanica a conduit Sensi Seeds \u00e0 cr\u00e9er le meilleur au monde <a href=\"https:\/\/caliweedonlineshop.com\/index.php\/product-category\/blumen\/indica-sorten\/\">Indica-Genetik<\/a> \u00e0 m\u00e9langer dans un hybride cristallin \u00e0 floraison rapide : Black Domina. En combinant les propri\u00e9t\u00e9s souhaitables du <a href=\"https:\/\/www.space.com\/15139-northern-lights-auroras-earth-facts-sdcmp.html\" target=\"_blank\" rel=\"noopener\">Northern Lights<\/a>, <a href=\"https:\/\/www.leafly.com\/strains\/ortega\" target=\"_blank\" rel=\"noopener\">Ortega<\/a>, <a href=\"https:\/\/www.wikileaf.com\/strain\/hash-plant\/\" target=\"_blank\" rel=\"noopener\">Hash Plant<\/a> et Afghani SA, cette vari\u00e9t\u00e9 est \u00e9galement adapt\u00e9e aux besoins des cultivateurs commerciaux, des connaisseurs et des cultivateurs d\u00e9butants. Black Domina d\u00e9livre un ar\u00f4me de paprika \u00e9pic\u00e9 ainsi qu'une relaxation et une somnolence accablantes, ce qui rend cette vari\u00e9t\u00e9 id\u00e9ale pour une utilisation nocturne. Acheter M\u00e9lange \u00e0 G\u00e2teau\/Menthe<\/p>\n<p>Cette vari\u00e9t\u00e9 est incroyable ! C'est comme fumer un antid\u00e9presseur. La t\u00eate tr\u00e8s euphorique au d\u00e9but, et l'\u00e9puisement vous laisse toujours tr\u00e8s paisible - pas groggy et fou que vous ne soyez plus d\u00e9fonc\u00e9.<\/p>\n<h3>Acheter femdom noir en ligne.<\/h3>\n<p>Acheter femdom noir en ligne. Commandez femdom noir en ligne. Les bourgeons sont gros, denses et super sombres. Presque tout le violet profond fait de cette vari\u00e9t\u00e9 celle qu'il faut acheter pour une vari\u00e9t\u00e9 follement rare. Je n'avais jamais entendu parler d'elle avant de mettre la main sur elle. Un regard, une odeur et une bouff\u00e9e ont amen\u00e9 cette vari\u00e9t\u00e9 \u00e0 notre liste.acheter Strawnana<\/p>\n<p>&nbsp;<\/p>\n<p>Une excellente vari\u00e9t\u00e9 nocturne pour ceux qui ont besoin de sommeil. Oubliez de compter les moutons, fumez et endormez-vous.<\/p>","protected":false},"excerpt":{"rendered":"<p>Travaillant avec quatre sp\u00e9cimens de premi\u00e8re qualit\u00e9 de Cannabis Afghanica, Sensi Seeds a m\u00e9lang\u00e9 les meilleures g\u00e9n\u00e9tiques indica au monde dans un hybride \u00e0 floraison rapide et recouvert de cristaux.<\/p>\n<p>&nbsp;<\/p>","protected":false},"featured_media":360,"comment_status":"open","ping_status":"closed","template":"","meta":{"om_disable_all_campaigns":false,"_monsterinsights_skip_tracking":false,"_monsterinsights_sitenote_active":false,"_monsterinsights_sitenote_note":"","_monsterinsights_sitenote_category":0},"product_brand":[],"product_cat":[126,195],"product_tag":[],"class_list":{"0":"post-359","1":"product","2":"type-product","3":"status-publish","4":"has-post-thumbnail","6":"product_cat-blumen","7":"product_cat-indica-sorten","9":"first","10":"instock","11":"shipping-taxable","12":"purchasable","13":"product-type-variable"},"_links":{"self":[{"href":"https:\/\/caliweedonlineshop.com\/fr\/wp-json\/wp\/v2\/product\/359","targetHints":{"allow":["GET"]}}],"collection":[{"href":"https:\/\/caliweedonlineshop.com\/fr\/wp-json\/wp\/v2\/product"}],"about":[{"href":"https:\/\/caliweedonlineshop.com\/fr\/wp-json\/wp\/v2\/types\/product"}],"replies":[{"embeddable":true,"href":"https:\/\/caliweedonlineshop.com\/fr\/wp-json\/wp\/v2\/comments?post=359"}],"wp:featuredmedia":[{"embeddable":true,"href":"https:\/\/caliweedonlineshop.com\/fr\/wp-json\/wp\/v2\/media\/360"}],"wp:attachment":[{"href":"https:\/\/caliweedonlineshop.com\/fr\/wp-json\/wp\/v2\/media?parent=359"}],"wp:term":[{"taxonomy":"product_brand","embeddable":true,"href":"https:\/\/caliweedonlineshop.com\/fr\/wp-json\/wp\/v2\/product_brand?post=359"},{"taxonomy":"product_cat","embeddable":true,"href":"https:\/\/caliweedonlineshop.com\/fr\/wp-json\/wp\/v2\/product_cat?post=359"},{"taxonomy":"product_tag","embeddable":true,"href":"https:\/\/caliweedonlineshop.com\/fr\/wp-json\/wp\/v2\/product_tag?post=359"}],"curies":[{"name":"wp","href":"https:\/\/api.w.org\/{rel}","templated":true}]}}