{"id":365,"date":"2023-01-13T05:30:34","date_gmt":"2023-01-13T05:30:34","guid":{"rendered":"https:\/\/caliweedonlineshop.com\/?post_type=product&#038;p=365"},"modified":"2023-01-13T05:33:24","modified_gmt":"2023-01-13T05:33:24","slug":"blackberry-kush","status":"publish","type":"product","link":"https:\/\/caliweedonlineshop.com\/fr\/product\/blackberry-kush\/","title":{"rendered":"Blackberry Kush"},"content":{"rendered":"<h1>Acheter Blackberry Kush en ligne<\/h1>\n<p>Acheter Blackberry Kush en ligne. Commandez Blackberry Kush en ligne. Ce <a href=\"https:\/\/caliweedonlineshop.com\/index.php\/product-category\/blumen\/indica-sorten\/\">Indica-Sorte<\/a> est un m\u00e9lange de <a href=\"https:\/\/www.wikileaf.com\/strain\/afghani\/\" target=\"_blank\" rel=\"noopener\">Afghani<\/a> und <a href=\"https:\/\/www.allbud.com\/marijuana-strains\/hybrid\/blackberry\" target=\"_blank\" rel=\"noopener\">Blackberry und<\/a> a de beaux bourgeons violet fonc\u00e9 avec des poils orange. Les plantes fleurissent en 7-8 semaines et ne sont pas particuli\u00e8rement productives, mais les p\u00e9pites denses et dures ont des cristaux partout. Godfather Og Blackberry Kush a tendance \u00e0 avoir une odeur et un go\u00fbt de haschisch et de k\u00e9ros\u00e8ne \u00e9quilibr\u00e9s par des baies sucr\u00e9es. Blackberry Kush est souvent recommand\u00e9e pour traiter la douleur en raison de ses puissants effets physiques. acheter purple punch Cette souche principalement indica est un m\u00e9lange de souches Afghani et Blackberry et a de beaux bourgeons violet fonc\u00e9 avec des poils orange. Les plantes fleurissent en 7-8 semaines et ne sont pas particuli\u00e8rement productives, mais les p\u00e9pites denses et dures ont des cristaux partout. Blackberry Kush a tendance \u00e0 avoir une odeur et un go\u00fbt de haschich, de carbur\u00e9acteur, \u00e9quilibr\u00e9 avec des baies sucr\u00e9es. acheter Sour DieselBlackberry Kush est souvent recommand\u00e9 pour traiter la douleur gr\u00e2ce \u00e0 ses puissants effets corporels indica. pour les patients souffrant d'une gamme de conditions telles que les bienfaits du CBD contre le cancer, la d\u00e9pression et des troubles tels que la douleur chronique, l'insomnie, les naus\u00e9es, la perte d'app\u00e9tit, l'anxi\u00e9t\u00e9, le TDA\/TDAH, le SSPT ou d'autres conditions m\u00e9dicales.<\/p>\n<h2>Acheter Blackberry Kush en ligne<\/h2>\n<p>Acheter Blackberry Kush en ligne. Commandez Blackberry Kush en ligne. La vari\u00e9t\u00e9 Blackberry Kush pourrait \u00eatre une vari\u00e9t\u00e9 hybride avec une biologie l\u00e9g\u00e8rement controvers\u00e9e. Acheter Bubblegum Kush Cela dit, la vari\u00e9t\u00e9 est surtout connue pour ses effets doux et relaxants. Acheter Blackberry Kush en ligne<\/p>\n<p>En fouillant dans la g\u00e9n\u00e9tique de Blackberry Kush, il est facile de se perdre dans un cercle d'indices incertains. J'ai personnellement rencontr\u00e9 au moins quatre histoires contradictoires sur la souche, et il peut \u00eatre difficile de d\u00e9terminer quelle explication repr\u00e9sente ses v\u00e9ritables origines.<\/p>\n<p>Selon une explication, la Blackberry Kush est un hybride \u00e0 dominance indica cr\u00e9\u00e9 \u00e0 partir d'un croisement entre la Blueberry de DJ Short et une landrace afghane des Highlands. Acheter Blackberry Kush en ligne.<\/p>","protected":false},"excerpt":{"rendered":"<p>Blackberry Kush online kaufen Blackberry Kush online kaufen. Blackberry Kush online bestellen. Diese Indica-Sorte ist eine Mischung aus Afghani und Blackberry und hat sch\u00f6ne dunkelviolette Knospen mit orangefarbenen Haaren. Die Pflanzen bl\u00fchen nach 7-8 Wochen und sind nicht besonders ertragreich, aber die dichten, harten Nuggets haben durchweg Kristalle. Godfather Og Blackberry Kush neigt dazu, einen [&hellip;]<\/p>","protected":false},"featured_media":366,"comment_status":"open","ping_status":"closed","template":"","meta":{"om_disable_all_campaigns":false,"_monsterinsights_skip_tracking":false,"_monsterinsights_sitenote_active":false,"_monsterinsights_sitenote_note":"","_monsterinsights_sitenote_category":0},"product_brand":[],"product_cat":[126,195],"product_tag":[199,200,201],"class_list":{"0":"post-365","1":"product","2":"type-product","3":"status-publish","4":"has-post-thumbnail","6":"product_cat-blumen","7":"product_cat-indica-sorten","8":"product_tag-alice-brownies-online-kaufen-in-uk","9":"product_tag-biscotti-online-kaufen-in-us","10":"product_tag-zitronenkirsche-online-kaufen-in-australien","12":"first","13":"instock","14":"shipping-taxable","15":"purchasable","16":"product-type-variable"},"_links":{"self":[{"href":"https:\/\/caliweedonlineshop.com\/fr\/wp-json\/wp\/v2\/product\/365","targetHints":{"allow":["GET"]}}],"collection":[{"href":"https:\/\/caliweedonlineshop.com\/fr\/wp-json\/wp\/v2\/product"}],"about":[{"href":"https:\/\/caliweedonlineshop.com\/fr\/wp-json\/wp\/v2\/types\/product"}],"replies":[{"embeddable":true,"href":"https:\/\/caliweedonlineshop.com\/fr\/wp-json\/wp\/v2\/comments?post=365"}],"wp:featuredmedia":[{"embeddable":true,"href":"https:\/\/caliweedonlineshop.com\/fr\/wp-json\/wp\/v2\/media\/366"}],"wp:attachment":[{"href":"https:\/\/caliweedonlineshop.com\/fr\/wp-json\/wp\/v2\/media?parent=365"}],"wp:term":[{"taxonomy":"product_brand","embeddable":true,"href":"https:\/\/caliweedonlineshop.com\/fr\/wp-json\/wp\/v2\/product_brand?post=365"},{"taxonomy":"product_cat","embeddable":true,"href":"https:\/\/caliweedonlineshop.com\/fr\/wp-json\/wp\/v2\/product_cat?post=365"},{"taxonomy":"product_tag","embeddable":true,"href":"https:\/\/caliweedonlineshop.com\/fr\/wp-json\/wp\/v2\/product_tag?post=365"}],"curies":[{"name":"wp","href":"https:\/\/api.w.org\/{rel}","templated":true}]}}