{"id":371,"date":"2023-01-13T05:37:32","date_gmt":"2023-01-13T05:37:32","guid":{"rendered":"https:\/\/caliweedonlineshop.com\/?post_type=product&#038;p=371"},"modified":"2023-01-13T05:38:14","modified_gmt":"2023-01-13T05:38:14","slug":"blaue-mystikerin","status":"publish","type":"product","link":"https:\/\/caliweedonlineshop.com\/fr\/product\/blaue-mystikerin\/","title":{"rendered":"Blaue Mystikerin"},"content":{"rendered":"<h2>Acheter Blue Mystic \u00e0 Conconully<\/h2>\n<p>Acheter Blue Mystic \u00e0 Conconully. commander Blue Mystic \u00e0 Conconully. Blue Mystic est aussi myst\u00e9rieuse que son nom l'indique, avec des g\u00e9n\u00e9tiques inconnues qui contiennent certainement de la Blueberry et peut-\u00eatre de la Skunk ou de la Northern Lights. Ces plantes fleurissent entre 7 et 9 semaines, avec une teinte bleu clair qui met en valeur le trichome.acheter Strawnana<\/p>\n<p>les bourgeons couverts semblent presque gris. Elle a l'ar\u00f4me incomparable de Blueberry, mais il est assez subtil par rapport aux autres vari\u00e9t\u00e9s, ce qui en fait un bon choix pour le cultivateur ou le patient qui a besoin de discr\u00e9tion<a href=\"https:\/\/caliweedonlineshop.com\/fr\/\"> Sweet Tea Cookies<\/a><\/p>\n<h3>Blue Mystic \u00e0 Conconully kaufen<\/h3>","protected":false},"excerpt":{"rendered":"<p>Blue Mystic est aussi myst\u00e9rieuse que son nom l'indique, avec des g\u00e9n\u00e9tiques inconnues qui contiennent certainement de la Blueberry et peut-\u00eatre de la Skunk ou de la Northern Lights.<\/p>","protected":false},"featured_media":372,"comment_status":"open","ping_status":"closed","template":"","meta":{"om_disable_all_campaigns":false,"_monsterinsights_skip_tracking":false,"_monsterinsights_sitenote_active":false,"_monsterinsights_sitenote_note":"","_monsterinsights_sitenote_category":0},"product_brand":[],"product_cat":[126,195],"product_tag":[202,203,204],"class_list":{"0":"post-371","1":"product","2":"type-product","3":"status-publish","4":"has-post-thumbnail","6":"product_cat-blumen","7":"product_cat-indica-sorten","8":"product_tag-alice-brownies-online-kaufen-in-new-york","9":"product_tag-cdb-brownies-online-kaufen-in-texas","10":"product_tag-kirschtorte-online-kaufen-in-los-angeles","12":"first","13":"instock","14":"shipping-taxable","15":"purchasable","16":"product-type-variable"},"_links":{"self":[{"href":"https:\/\/caliweedonlineshop.com\/fr\/wp-json\/wp\/v2\/product\/371","targetHints":{"allow":["GET"]}}],"collection":[{"href":"https:\/\/caliweedonlineshop.com\/fr\/wp-json\/wp\/v2\/product"}],"about":[{"href":"https:\/\/caliweedonlineshop.com\/fr\/wp-json\/wp\/v2\/types\/product"}],"replies":[{"embeddable":true,"href":"https:\/\/caliweedonlineshop.com\/fr\/wp-json\/wp\/v2\/comments?post=371"}],"wp:featuredmedia":[{"embeddable":true,"href":"https:\/\/caliweedonlineshop.com\/fr\/wp-json\/wp\/v2\/media\/372"}],"wp:attachment":[{"href":"https:\/\/caliweedonlineshop.com\/fr\/wp-json\/wp\/v2\/media?parent=371"}],"wp:term":[{"taxonomy":"product_brand","embeddable":true,"href":"https:\/\/caliweedonlineshop.com\/fr\/wp-json\/wp\/v2\/product_brand?post=371"},{"taxonomy":"product_cat","embeddable":true,"href":"https:\/\/caliweedonlineshop.com\/fr\/wp-json\/wp\/v2\/product_cat?post=371"},{"taxonomy":"product_tag","embeddable":true,"href":"https:\/\/caliweedonlineshop.com\/fr\/wp-json\/wp\/v2\/product_tag?post=371"}],"curies":[{"name":"wp","href":"https:\/\/api.w.org\/{rel}","templated":true}]}}